{"id":111,"date":"2018-10-09T17:59:22","date_gmt":"2018-10-09T17:59:22","guid":{"rendered":"http:\/\/uenf.br\/cbb\/biblioteca\/?page_id=111"},"modified":"2026-02-25T13:26:56","modified_gmt":"2026-02-25T13:26:56","slug":"ficha-catalografica","status":"publish","type":"page","link":"https:\/\/uenf.br\/cbb\/biblioteca\/ficha-catalografica\/","title":{"rendered":"Ficha Catalogr\u00e1fica"},"content":{"rendered":"<p><strong>FICHA CATALOGR\u00c1FICA<\/strong>:\u00a0A\u00a0ficha catalogr\u00e1fica\u00a0\u00e9 parte integrante da disserta\u00e7\u00e3o\/tese. \u00c9 necess\u00e1rio que seja incorporada ao trabalho para que este seja encadernado..<\/p>\n<p><strong>Informa\u00e7\u00f5es para elabora\u00e7\u00e3o da Ficha Catalogr\u00e1fica para a P\u00f3s-Gradua\u00e7\u00e3o<\/strong><\/p>\n<ol>\n<li><strong>A elabora\u00e7\u00e3o\u00a0<\/strong><strong>da ficha \u00e9 feita atrav\u00e9s do\u00a0SISTEMA ACAD\u00caMICO\u00a0<\/strong>(<a href=\"https:\/\/academico.uenf.br\/usuarios\/sign_in\">https:\/\/academico.uenf.br\/usuarios\/sign_in<\/a>);<\/li>\n<li>O aluno da P\u00f3s-Gradua\u00e7\u00e3o ter\u00e1 acesso ao sistema para confec\u00e7\u00e3o da ficha quando estiver na fase final, com a defesa conclu\u00edda e o campo &#8220;resultado&#8221; preenchido;<\/li>\n<li>Passo a passo para elabora\u00e7\u00e3o da ficha: ACESSAR O SISTEMA ACAD\u00caMICO \u2192 MENU CADASTRO \u2192 MEUS DADOS \u2192 DEFESA DE DISSERTA\u00c7\u00c3O\/TESE \u2192 BOT\u00c3O VER \u2192 ALTERAR DADOS DA FICHA<\/li>\n<\/ol>\n","protected":false},"excerpt":{"rendered":"<p>FICHA CATALOGR\u00c1FICA:\u00a0A\u00a0ficha catalogr\u00e1fica\u00a0\u00e9 parte integrante da disserta\u00e7\u00e3o\/tese. \u00c9 necess\u00e1rio que seja incorporada ao trabalho para que este seja encadernado.. Informa\u00e7\u00f5es&#8230;<\/p>\n","protected":false},"author":2,"featured_media":0,"parent":0,"menu_order":3,"comment_status":"closed","ping_status":"closed","template":"","meta":{"footnotes":""},"class_list":["post-111","page","type-page","status-publish","hentry"],"_links":{"self":[{"href":"https:\/\/uenf.br\/cbb\/biblioteca\/wp-json\/wp\/v2\/pages\/111","targetHints":{"allow":["GET"]}}],"collection":[{"href":"https:\/\/uenf.br\/cbb\/biblioteca\/wp-json\/wp\/v2\/pages"}],"about":[{"href":"https:\/\/uenf.br\/cbb\/biblioteca\/wp-json\/wp\/v2\/types\/page"}],"author":[{"embeddable":true,"href":"https:\/\/uenf.br\/cbb\/biblioteca\/wp-json\/wp\/v2\/users\/2"}],"replies":[{"embeddable":true,"href":"https:\/\/uenf.br\/cbb\/biblioteca\/wp-json\/wp\/v2\/comments?post=111"}],"version-history":[{"count":0,"href":"https:\/\/uenf.br\/cbb\/biblioteca\/wp-json\/wp\/v2\/pages\/111\/revisions"}],"wp:attachment":[{"href":"https:\/\/uenf.br\/cbb\/biblioteca\/wp-json\/wp\/v2\/media?parent=111"}],"curies":[{"name":"wp","href":"https:\/\/api.w.org\/{rel}","templated":true}]}}