{"id":12,"date":"2026-02-25T15:18:56","date_gmt":"2026-02-25T15:18:56","guid":{"rendered":"http:\/\/uenf.br\/cbb\/biblioteca\/?page_id=12"},"modified":"2026-02-27T17:57:20","modified_gmt":"2026-02-27T17:57:20","slug":"servicos","status":"publish","type":"page","link":"https:\/\/uenf.br\/cbb\/biblioteca\/servicos\/","title":{"rendered":"Servi\u00e7os"},"content":{"rendered":"<p><strong>EMPR\u00c9STIMO\u00a0<\/strong>: A Biblioteca do CBB\u00a0\u00a0presta servi\u00e7os de empr\u00e9stimos, reservas e consultas bibliogr\u00e1ficas de forma automatizada utilizando o\u00a0<strong>Sophia.\u00a0<\/strong>Acesse o aplicativo ou a p\u00e1gina do<strong>\u00a0Sophia\u00a0<\/strong>\u2013\u00a0<a href=\"https:\/\/biblioteca.sophia.com.br\/terminal\/9688\">https:\/\/biblioteca.sophia.com.br\/terminal\/9688<\/a>\u00a0, para consultar o acervo dispon\u00edvel em todas as bibliotecas setoriais da UENF, renovar seus empr\u00e9stimo e reservar publica\u00e7\u00f5es. Os servi\u00e7os de empr\u00e9stimo domiciliar e reserva de material bibliogr\u00e1fico s\u00e3o exclusivos a usu\u00e1rios diretamente ligados \u00e0 UENF e cadastrados na Biblioteca.<\/p>\n<p><img loading=\"lazy\" decoding=\"async\" class=\"wp-image-167 size-full aligncenter\" src=\"https:\/\/uenf.br\/cbb\/biblioteca\/files\/2026\/02\/Imagem1.jpg\" alt=\"\" width=\"802\" height=\"331\" srcset=\"https:\/\/uenf.br\/cbb\/biblioteca\/files\/2026\/02\/Imagem1.jpg 802w, https:\/\/uenf.br\/cbb\/biblioteca\/files\/2026\/02\/Imagem1-300x124.jpg 300w, https:\/\/uenf.br\/cbb\/biblioteca\/files\/2026\/02\/Imagem1-768x317.jpg 768w, https:\/\/uenf.br\/cbb\/biblioteca\/files\/2026\/02\/Imagem1-320x132.jpg 320w\" sizes=\"auto, (max-width: 802px) 100vw, 802px\" \/><\/p>\n<p>&nbsp;<\/p>\n<p><strong>ACESSO AO ACERVO F\u00cdSICO<\/strong>: Objetivando atender a toda a comunidade acad\u00eamica e usu\u00e1rios externos, a Biblioteca do CBB oferece livre acesso ao acervo, possibilitando ao usu\u00e1rio o manuseio das obras. Para facilitar a consulta ao acervo, na recep\u00e7\u00e3o da Biblioteca h\u00e1 um computador de uso exclusivo para acesso \u00e0 base de dados do Sophia.<\/p>\n<p><strong>ACESSO AO ACERVO VIRTUAL \u2013\u00a0<\/strong><strong>PLATAFORMAS BIBLIOGR\u00c1FICAS<\/strong><\/p>\n<p>&nbsp;<\/p>\n<p><img loading=\"lazy\" decoding=\"async\" class=\"aligncenter wp-image-152 size-medium loaded\" src=\"https:\/\/uenf.br\/cbb\/biblioteca\/files\/2026\/02\/logo_periodicos_simples-a-300x51.png\" alt=\"\" width=\"300\" height=\"51\" srcset=\"https:\/\/uenf.br\/cbb\/biblioteca\/files\/2026\/02\/logo_periodicos_simples-a-300x51.png 300w, https:\/\/uenf.br\/cbb\/biblioteca\/files\/2026\/02\/logo_periodicos_simples-a-1024x172.png 1024w, https:\/\/uenf.br\/cbb\/biblioteca\/files\/2026\/02\/logo_periodicos_simples-a-768x129.png 768w, https:\/\/uenf.br\/cbb\/biblioteca\/files\/2026\/02\/logo_periodicos_simples-a-1536x259.png 1536w, https:\/\/uenf.br\/cbb\/biblioteca\/files\/2026\/02\/logo_periodicos_simples-a-2048x345.png 2048w, https:\/\/uenf.br\/cbb\/biblioteca\/files\/2026\/02\/logo_periodicos_simples-a-1200x202.png 1200w, https:\/\/uenf.br\/cbb\/biblioteca\/files\/2026\/02\/logo_periodicos_simples-a-320x54.png 320w\" sizes=\"auto, (max-width: 300px) 100vw, 300px\" \/><\/p>\n<p><strong>PORTAL CAPES<\/strong>: \u00c9 um dos maiores acervos cient\u00edficos virtuais do Pa\u00eds, que re\u00fane e disponibiliza o que h\u00e1 de melhor em produ\u00e7\u00e3o cient\u00edfica nacional e internacional. S\u00e3o milhares de peri\u00f3dicos cient\u00edficos de texto completo e centenas de bases de dados de conte\u00fados diversos, como artigos, refer\u00eancias, patentes, estat\u00edsticas, material audiovisual, normas t\u00e9cnicas, teses, disserta\u00e7\u00f5es, livros e obras de refer\u00eancia. Criado para reunir conte\u00fado cient\u00edfico de alta qualidade e disponibiliz\u00e1-lo \u00e0 comunidade acad\u00eamica brasileira, o Portal CAPES busca democratizar e facilitar o acesso \u00e0 informa\u00e7\u00e3o cient\u00edfica, cobrindo todo o territ\u00f3rio nacional. \u00c9 considerado uma iniciativa \u00fanica no mundo, pois um grande n\u00famero de institui\u00e7\u00f5es acessa o acervo, \u00a0inteiramente financiado pelo Governo Federal, fomentando desenvolvimento tecnol\u00f3gico e inova\u00e7\u00e3o no Pa\u00eds por contribuir com o crescimento da produ\u00e7\u00e3o cient\u00edfica nacional e a inser\u00e7\u00e3o, cada vez maior, da ci\u00eancia brasileira no exterior. <a title=\"LINK PARA PORTAL CAPES\" href=\"http:\/\/www.periodicos.capes.gov.br\/\">www.periodicos.capes.gov.br<\/a>.<\/p>\n<p><img loading=\"lazy\" decoding=\"async\" class=\"aligncenter wp-image-150 size-full loaded\" src=\"https:\/\/uenf.br\/cbb\/biblioteca\/files\/2026\/02\/Imagem1.png\" alt=\"\" width=\"177\" height=\"56\" \/><\/p>\n<p>\u201cA\u00a0<strong>Biblioteca Virtual Pearson<\/strong>\u00a0foi projetada para facilitar a jornada de aprendizagem do usu\u00e1rio na busca por livros, sugest\u00f5es de leitura com IA e recursos din\u00e2micos que aprimoram o acesso ao conhecimento e melhoram a experi\u00eancia da rotina de estudo.\u201d<\/p>\n<p><img loading=\"lazy\" decoding=\"async\" class=\"aligncenter wp-image-151 size-full loaded\" src=\"https:\/\/uenf.br\/cbb\/biblioteca\/files\/2026\/02\/Imagem2.png\" alt=\"\" width=\"95\" height=\"40\" \/><\/p>\n<p>\u201c<strong><b>Minha Biblioteca<\/b><\/strong><strong><b>\u00a0<\/b><\/strong>\u2013\u00a0muito mais que um streaming de livros, \u00e9 um\u00a0ecossistema de aprendizagem que cumpre com excel\u00eancia as exig\u00eancias do MEC\u00a0utilizando tecnologia, inova\u00e7\u00e3o, consultoria especializada e um acervo de ebooks amplo e qualificado.\u201d<\/p>\n<p>&nbsp;<\/p>\n<p><strong><b>PARA ACESSAR AS\u00a0<\/b><\/strong><strong><b>PLATAFORMAS BIBLIOGR\u00c1FICAS DISPON\u00cdVEIS, BASTA:<\/b><\/strong><\/p>\n<ul>\n<li>Consultar o t\u00edtulo ou o assunto no Sophia<\/li>\n<li>Se o material desejado estiver dispon\u00edvel para acesso on line, haver\u00e1 um link de acesso. Clique e seja automaticamente encaminhado para a plataforma.<\/li>\n<\/ul>\n<p><strong><u><b>ATEN\u00c7\u00c3O<\/b><\/u><\/strong>:<\/p>\n<ol>\n<li>\u00c9 necess\u00e1rio usar na Biblioteca o mesmo e-mail cadastrado no Sistema Acad\u00eamico<\/li>\n<li>Para acesso \u00e0 Biblioteca Virtual Pearson e \u00e0 Minha Biblioteca, use a senha cadastrada na Biblioteca<\/li>\n<li>No\u00a0<em>primeiro acesso \u00e1 Biblioteca Virtual Pearson<\/em>, voc\u00ea ser\u00e1 direcionado para a p\u00e1gina da BV Pearson.<\/li>\n<\/ol>\n<ul>\n<li>Um c\u00f3digo de acesso ser\u00e1 enviado automaticamente para o e-mail cadastrado no Sophia (o mesmo do Sistema Acad\u00eamico).<\/li>\n<li>Insira o c\u00f3digo na p\u00e1gina da Biblioteca Virtual Pearson.<\/li>\n<li>Realize o cadastro de primeiro acesso (etapa \u00fanica)<\/li>\n<\/ul>\n<p><strong>\u00a0<\/strong><\/p>\n<p>&nbsp;<\/p>\n<p>&nbsp;<\/p>\n","protected":false},"excerpt":{"rendered":"<p>EMPR\u00c9STIMO\u00a0: A Biblioteca do CBB\u00a0\u00a0presta servi\u00e7os de empr\u00e9stimos, reservas e consultas bibliogr\u00e1ficas de forma automatizada utilizando o\u00a0Sophia.\u00a0Acesse o aplicativo ou&#8230;<\/p>\n","protected":false},"author":2,"featured_media":0,"parent":0,"menu_order":2,"comment_status":"open","ping_status":"closed","template":"","meta":{"footnotes":""},"class_list":["post-12","page","type-page","status-publish","hentry"],"_links":{"self":[{"href":"https:\/\/uenf.br\/cbb\/biblioteca\/wp-json\/wp\/v2\/pages\/12","targetHints":{"allow":["GET"]}}],"collection":[{"href":"https:\/\/uenf.br\/cbb\/biblioteca\/wp-json\/wp\/v2\/pages"}],"about":[{"href":"https:\/\/uenf.br\/cbb\/biblioteca\/wp-json\/wp\/v2\/types\/page"}],"author":[{"embeddable":true,"href":"https:\/\/uenf.br\/cbb\/biblioteca\/wp-json\/wp\/v2\/users\/2"}],"replies":[{"embeddable":true,"href":"https:\/\/uenf.br\/cbb\/biblioteca\/wp-json\/wp\/v2\/comments?post=12"}],"version-history":[{"count":0,"href":"https:\/\/uenf.br\/cbb\/biblioteca\/wp-json\/wp\/v2\/pages\/12\/revisions"}],"wp:attachment":[{"href":"https:\/\/uenf.br\/cbb\/biblioteca\/wp-json\/wp\/v2\/media?parent=12"}],"curies":[{"name":"wp","href":"https:\/\/api.w.org\/{rel}","templated":true}]}}