{"id":2,"date":"2010-09-14T20:02:51","date_gmt":"2010-09-14T20:02:51","guid":{"rendered":"http:\/\/uenf.br\/cbb\/biblioteca\/?page_id=2"},"modified":"2026-02-25T17:47:36","modified_gmt":"2026-02-25T17:47:36","slug":"apresentacao","status":"publish","type":"page","link":"https:\/\/uenf.br\/cbb\/biblioteca\/","title":{"rendered":"Apresenta\u00e7\u00e3o"},"content":{"rendered":"<p>&nbsp;<\/p>\n<p style=\"text-align: left\">A\u00a0<strong>Biblioteca do CBB<\/strong>, nomeada \u201cBiblioteca Professor Antonio Rodrigues Cordeiro\u201d\u00a0est\u00e1 localizada no t\u00e9rreo do Centro de Bioci\u00eancias e Biotecnologia,<strong>\u00a0<\/strong>ocupando uma \u00e1rea de 310 m\u00b2. Atende \u00e0 comunidade acad\u00eamica, apoiando atividades de pesquisa, ensino e extens\u00e3o, bem como \u00e0 comunidade externa. Funcionando na modalidade \u201csala de leitura\u201d, a biblioteca proporciona ao usu\u00e1rio acesso direto ao acervo, com livre manuseio das obras e conta com 40 assentos em um ambiente silencioso, climatizado, com wi-fi e escaninho para acomoda\u00e7\u00e3o do material pessoal dos usu\u00e1rios durante a perman\u00eancia no setor.<\/p>\n<p><img loading=\"lazy\" decoding=\"async\" class=\"size-full wp-image-53 aligncenter\" src=\"https:\/\/uenf.br\/cbb\/biblioteca\/files\/2010\/09\/Fachada-da-Biblioteca.jpg\" alt=\"\" width=\"500\" height=\"375\" srcset=\"https:\/\/uenf.br\/cbb\/biblioteca\/files\/2010\/09\/Fachada-da-Biblioteca.jpg 500w, https:\/\/uenf.br\/cbb\/biblioteca\/files\/2010\/09\/Fachada-da-Biblioteca-150x112.jpg 150w, https:\/\/uenf.br\/cbb\/biblioteca\/files\/2010\/09\/Fachada-da-Biblioteca-400x300.jpg 400w\" sizes=\"auto, (max-width: 500px) 100vw, 500px\" \/><\/p>\n<p style=\"text-align: left\">A Biblioteca disponibiliza empr\u00e9stimos domiciliares de forma presencial a usu\u00e1rios oficialmente vinculados \u00e0 UENF. Consultas bibliogr\u00e1ficas, renova\u00e7\u00e3o de empr\u00e9stimos e reservas de acervo podem ser feitas presencialmente e on line, via <strong>Sophia<\/strong> &#8211; software de gerenciamento de acervo que abrange o acervo de todas as Bibliotecas da Universidade &#8211; com acesso pelo site da UENF ou pelo App, que pode ser baixado facilmente usando um dos QR Code abaixo!<\/p>\n<p><img loading=\"lazy\" decoding=\"async\" class=\"wp-image-147 size-full aligncenter\" src=\"https:\/\/uenf.br\/cbb\/biblioteca\/files\/2026\/02\/QRCode-Sophia-1.png\" alt=\"\" width=\"550\" height=\"304\" srcset=\"https:\/\/uenf.br\/cbb\/biblioteca\/files\/2026\/02\/QRCode-Sophia-1.png 550w, https:\/\/uenf.br\/cbb\/biblioteca\/files\/2026\/02\/QRCode-Sophia-1-300x166.png 300w, https:\/\/uenf.br\/cbb\/biblioteca\/files\/2026\/02\/QRCode-Sophia-1-320x177.png 320w\" sizes=\"auto, (max-width: 550px) 100vw, 550px\" \/><\/p>\n<p>&nbsp;<\/p>\n<p>&nbsp;<\/p>\n<p>A \u201cBiblioteca Professor Antonio Rodrigues Cordeiro\u201d \u00e9 uma biblioteca setorial que funciona das 8:00 \u00e0s 18:30h.<\/p>\n<p>Endere\u00e7o: Av. Alberto Lamego n\u00ba 2000 &#8211; Parque Calif\u00f3rnia<\/p>\n<p>28013-602 &#8211;\u00a0Campos dos Goytacazes \/ RJ<\/p>\n<p>Tel\/fax: (22) 2739 7269<\/p>\n<p>e-mail: biblcbb@uenf.br<\/p>\n","protected":false},"excerpt":{"rendered":"<p>&nbsp; A\u00a0Biblioteca do CBB, nomeada \u201cBiblioteca Professor Antonio Rodrigues Cordeiro\u201d\u00a0est\u00e1 localizada no t\u00e9rreo do Centro de Bioci\u00eancias e Biotecnologia,\u00a0ocupando uma&#8230;<\/p>\n","protected":false},"author":2,"featured_media":0,"parent":0,"menu_order":1,"comment_status":"open","ping_status":"open","template":"","meta":{"footnotes":""},"class_list":["post-2","page","type-page","status-publish","hentry"],"_links":{"self":[{"href":"https:\/\/uenf.br\/cbb\/biblioteca\/wp-json\/wp\/v2\/pages\/2","targetHints":{"allow":["GET"]}}],"collection":[{"href":"https:\/\/uenf.br\/cbb\/biblioteca\/wp-json\/wp\/v2\/pages"}],"about":[{"href":"https:\/\/uenf.br\/cbb\/biblioteca\/wp-json\/wp\/v2\/types\/page"}],"author":[{"embeddable":true,"href":"https:\/\/uenf.br\/cbb\/biblioteca\/wp-json\/wp\/v2\/users\/2"}],"replies":[{"embeddable":true,"href":"https:\/\/uenf.br\/cbb\/biblioteca\/wp-json\/wp\/v2\/comments?post=2"}],"version-history":[{"count":0,"href":"https:\/\/uenf.br\/cbb\/biblioteca\/wp-json\/wp\/v2\/pages\/2\/revisions"}],"wp:attachment":[{"href":"https:\/\/uenf.br\/cbb\/biblioteca\/wp-json\/wp\/v2\/media?parent=2"}],"curies":[{"name":"wp","href":"https:\/\/api.w.org\/{rel}","templated":true}]}}