{"id":27,"date":"2012-07-13T15:28:49","date_gmt":"2012-07-13T15:28:49","guid":{"rendered":"http:\/\/uenf.br\/cbb\/biblioteca\/?page_id=27"},"modified":"2026-02-25T13:26:15","modified_gmt":"2026-02-25T13:26:15","slug":"estrutura-e-acervo","status":"publish","type":"page","link":"https:\/\/uenf.br\/cbb\/biblioteca\/estrutura-e-acervo\/","title":{"rendered":"Estrutura e acervo"},"content":{"rendered":"<p><strong><img loading=\"lazy\" decoding=\"async\" class=\"alignleft size-thumbnail wp-image-92\" title=\"Estrutura 2\" src=\"https:\/\/uenf.br\/cbb\/biblioteca\/files\/2012\/07\/Estrutura-2-150x150.jpg\" alt=\"\" width=\"150\" height=\"150\" \/>A Biblioteca do CBB disponibiliza:<\/strong><\/p>\n<p>=&gt; 60 assentos para usu\u00e1rios leitores;<\/p>\n<p>=&gt; 64 arm\u00e1rios com chave para serem usados durante a perman\u00eancia do usu\u00e1rio no setor.<\/p>\n<p>OBS.: N\u00e3o h\u00e1 espa\u00e7o para estudos em grupo.<\/p>\n<p>&nbsp;<\/p>\n<p><img loading=\"lazy\" decoding=\"async\" class=\"alignright size-thumbnail wp-image-87\" title=\"Estrutura 1\" src=\"https:\/\/uenf.br\/cbb\/biblioteca\/files\/2012\/07\/Estrutura-1-150x150.jpg\" alt=\"\" width=\"150\" height=\"150\" \/><\/p>\n<p><strong>O acervo da Biblioteca do CBB \u00e9 composto por:<\/strong><img loading=\"lazy\" decoding=\"async\" class=\"alignright size-thumbnail wp-image-86\" title=\"Acervo\" src=\"https:\/\/uenf.br\/cbb\/biblioteca\/files\/2012\/07\/Acervo-150x150.jpg\" alt=\"\" width=\"150\" height=\"150\" \/><\/p>\n<ul>\n<li>Livros e folhetos<\/li>\n<li>Obras raras e de refer\u00eancia<\/li>\n<li>Peri\u00f3dicos nacionais e internacionais<\/li>\n<li>Material bibliogr\u00e1fico em formato digital \/ eletr\u00f4nicos: (Cds e DVDs)<\/li>\n<li>Teses e disserta\u00e7\u00f5es apresentadas ao t\u00e9rmino dos cursos de mestrado e doutorado do CBB, respectivamente.<\/li>\n<li>Monografias apresentadas ao t\u00e9rmino dos cursos de gradua\u00e7\u00e3o do CBB<\/li>\n<li>Resumos de Congressos<\/li>\n<\/ul>\n","protected":false},"excerpt":{"rendered":"<p>A Biblioteca do CBB disponibiliza: =&gt; 60 assentos para usu\u00e1rios leitores; =&gt; 64 arm\u00e1rios com chave para serem usados durante&#8230;<\/p>\n","protected":false},"author":2,"featured_media":0,"parent":0,"menu_order":3,"comment_status":"open","ping_status":"open","template":"","meta":{"footnotes":""},"class_list":["post-27","page","type-page","status-publish","hentry"],"_links":{"self":[{"href":"https:\/\/uenf.br\/cbb\/biblioteca\/wp-json\/wp\/v2\/pages\/27","targetHints":{"allow":["GET"]}}],"collection":[{"href":"https:\/\/uenf.br\/cbb\/biblioteca\/wp-json\/wp\/v2\/pages"}],"about":[{"href":"https:\/\/uenf.br\/cbb\/biblioteca\/wp-json\/wp\/v2\/types\/page"}],"author":[{"embeddable":true,"href":"https:\/\/uenf.br\/cbb\/biblioteca\/wp-json\/wp\/v2\/users\/2"}],"replies":[{"embeddable":true,"href":"https:\/\/uenf.br\/cbb\/biblioteca\/wp-json\/wp\/v2\/comments?post=27"}],"version-history":[{"count":0,"href":"https:\/\/uenf.br\/cbb\/biblioteca\/wp-json\/wp\/v2\/pages\/27\/revisions"}],"wp:attachment":[{"href":"https:\/\/uenf.br\/cbb\/biblioteca\/wp-json\/wp\/v2\/media?parent=27"}],"curies":[{"name":"wp","href":"https:\/\/api.w.org\/{rel}","templated":true}]}}