{"id":36,"date":"2012-07-13T15:57:19","date_gmt":"2012-07-13T15:57:19","guid":{"rendered":"http:\/\/uenf.br\/cbb\/biblioteca\/?page_id=36"},"modified":"2018-10-09T17:45:12","modified_gmt":"2018-10-09T17:45:12","slug":"formularios-para-download","status":"publish","type":"page","link":"https:\/\/uenf.br\/cbb\/biblioteca\/formularios-para-download\/","title":{"rendered":"Formul\u00e1rio para download"},"content":{"rendered":"<p><strong>Usu\u00e1rio especial<\/strong>: a ser utilizado por alunos especiais e usu\u00e1rios formalmente ligados \u00e0 Universidade, para que tenham acesso aos servi\u00e7os de empr\u00e9stimo domiciliar e reserva de material. Requer a assinatura do Professor Orientador, que se responsabiliza pela integridade e devolu\u00e7\u00e3o do material bibliogr\u00e1fico emprestado.<\/p>\n<p><a href=\"https:\/\/uenf.br\/cbb\/biblioteca\/files\/2012\/07\/Formul\u00e1rio-de-Empr\u00e9stimo-para-usu\u00e1rio-especial-UE.pdf\">Formul\u00e1rio de Empr\u00e9stimo para usu\u00e1rio especial &#8211; UE<\/a><\/p>\n","protected":false},"excerpt":{"rendered":"<p>Usu\u00e1rio especial: a ser utilizado por alunos especiais e usu\u00e1rios formalmente ligados \u00e0 Universidade, para que tenham acesso aos servi\u00e7os&#8230;<\/p>\n","protected":false},"author":2,"featured_media":0,"parent":0,"menu_order":4,"comment_status":"open","ping_status":"open","template":"","meta":{"footnotes":""},"class_list":["post-36","page","type-page","status-publish","hentry"],"_links":{"self":[{"href":"https:\/\/uenf.br\/cbb\/biblioteca\/wp-json\/wp\/v2\/pages\/36","targetHints":{"allow":["GET"]}}],"collection":[{"href":"https:\/\/uenf.br\/cbb\/biblioteca\/wp-json\/wp\/v2\/pages"}],"about":[{"href":"https:\/\/uenf.br\/cbb\/biblioteca\/wp-json\/wp\/v2\/types\/page"}],"author":[{"embeddable":true,"href":"https:\/\/uenf.br\/cbb\/biblioteca\/wp-json\/wp\/v2\/users\/2"}],"replies":[{"embeddable":true,"href":"https:\/\/uenf.br\/cbb\/biblioteca\/wp-json\/wp\/v2\/comments?post=36"}],"version-history":[{"count":0,"href":"https:\/\/uenf.br\/cbb\/biblioteca\/wp-json\/wp\/v2\/pages\/36\/revisions"}],"wp:attachment":[{"href":"https:\/\/uenf.br\/cbb\/biblioteca\/wp-json\/wp\/v2\/media?parent=36"}],"curies":[{"name":"wp","href":"https:\/\/api.w.org\/{rel}","templated":true}]}}