{"id":118,"date":"2025-11-17T16:33:30","date_gmt":"2025-11-17T19:33:30","guid":{"rendered":"https:\/\/uenf.br\/cbb\/cooex\/?page_id=118"},"modified":"2025-12-10T07:33:04","modified_gmt":"2025-12-10T10:33:04","slug":"projeto-1","status":"publish","type":"page","link":"https:\/\/uenf.br\/cbb\/cooex\/projetos\/projeto-1\/","title":{"rendered":"DIVULGA\u00c7\u00c3O CIENT\u00cdFICA COMO FERRAMENTA PARA CREDITA\u00c7\u00c3O DA EXTENS\u00c3O E DIFUS\u00c3O E POPULARIZA\u00c7\u00c3O DE CONHECIMENTOS CIENT\u00cdFICOS SOBRE A TOXOPLASMOSE"},"content":{"rendered":"<p>Coordenadora: Dra. ALBA LUC\u00cdNIA PEIXOTO RANGEL<\/p>\n<p><strong>\u00a0<\/strong><\/p>\n","protected":false},"excerpt":{"rendered":"<p>Coordenadora: Dra. ALBA LUC\u00cdNIA PEIXOTO RANGEL \u00a0<\/p>\n","protected":false},"author":33,"featured_media":0,"parent":105,"menu_order":1,"comment_status":"closed","ping_status":"closed","template":"","meta":{"footnotes":""},"class_list":["post-118","page","type-page","status-publish","hentry"],"_links":{"self":[{"href":"https:\/\/uenf.br\/cbb\/cooex\/wp-json\/wp\/v2\/pages\/118","targetHints":{"allow":["GET"]}}],"collection":[{"href":"https:\/\/uenf.br\/cbb\/cooex\/wp-json\/wp\/v2\/pages"}],"about":[{"href":"https:\/\/uenf.br\/cbb\/cooex\/wp-json\/wp\/v2\/types\/page"}],"author":[{"embeddable":true,"href":"https:\/\/uenf.br\/cbb\/cooex\/wp-json\/wp\/v2\/users\/33"}],"replies":[{"embeddable":true,"href":"https:\/\/uenf.br\/cbb\/cooex\/wp-json\/wp\/v2\/comments?post=118"}],"version-history":[{"count":0,"href":"https:\/\/uenf.br\/cbb\/cooex\/wp-json\/wp\/v2\/pages\/118\/revisions"}],"up":[{"embeddable":true,"href":"https:\/\/uenf.br\/cbb\/cooex\/wp-json\/wp\/v2\/pages\/105"}],"wp:attachment":[{"href":"https:\/\/uenf.br\/cbb\/cooex\/wp-json\/wp\/v2\/media?parent=118"}],"curies":[{"name":"wp","href":"https:\/\/api.w.org\/{rel}","templated":true}]}}