{"id":135,"date":"2025-12-10T07:57:06","date_gmt":"2025-12-10T10:57:06","guid":{"rendered":"https:\/\/uenf.br\/cbb\/cooex\/?page_id=135"},"modified":"2025-12-10T07:57:20","modified_gmt":"2025-12-10T10:57:20","slug":"projeto-3","status":"publish","type":"page","link":"https:\/\/uenf.br\/cbb\/cooex\/projetos\/projeto-3\/","title":{"rendered":"SEMEANDO CONSCI\u00caNCIA: MULHERES E MENINAS NA DEMOCRATIZA\u00c7\u00c3O DA CI\u00caNCIA COM DIVERSIDADE &amp; INCLUS\u00c3O"},"content":{"rendered":"<p>ANNA LVOVNA OKOROKOVA FA\u00c7ANHA<\/p>\n","protected":false},"excerpt":{"rendered":"<p>ANNA LVOVNA OKOROKOVA FA\u00c7ANHA<\/p>\n","protected":false},"author":33,"featured_media":0,"parent":105,"menu_order":0,"comment_status":"closed","ping_status":"closed","template":"","meta":{"footnotes":""},"class_list":["post-135","page","type-page","status-publish","hentry"],"_links":{"self":[{"href":"https:\/\/uenf.br\/cbb\/cooex\/wp-json\/wp\/v2\/pages\/135","targetHints":{"allow":["GET"]}}],"collection":[{"href":"https:\/\/uenf.br\/cbb\/cooex\/wp-json\/wp\/v2\/pages"}],"about":[{"href":"https:\/\/uenf.br\/cbb\/cooex\/wp-json\/wp\/v2\/types\/page"}],"author":[{"embeddable":true,"href":"https:\/\/uenf.br\/cbb\/cooex\/wp-json\/wp\/v2\/users\/33"}],"replies":[{"embeddable":true,"href":"https:\/\/uenf.br\/cbb\/cooex\/wp-json\/wp\/v2\/comments?post=135"}],"version-history":[{"count":0,"href":"https:\/\/uenf.br\/cbb\/cooex\/wp-json\/wp\/v2\/pages\/135\/revisions"}],"up":[{"embeddable":true,"href":"https:\/\/uenf.br\/cbb\/cooex\/wp-json\/wp\/v2\/pages\/105"}],"wp:attachment":[{"href":"https:\/\/uenf.br\/cbb\/cooex\/wp-json\/wp\/v2\/media?parent=135"}],"curies":[{"name":"wp","href":"https:\/\/api.w.org\/{rel}","templated":true}]}}