{"id":152,"date":"2025-12-15T14:09:49","date_gmt":"2025-12-15T17:09:49","guid":{"rendered":"https:\/\/uenf.br\/cbb\/cooex\/?page_id=152"},"modified":"2025-12-16T15:32:12","modified_gmt":"2025-12-16T18:32:12","slug":"letramento-cientifico-de-alunos-do-ensino-basico-atraves-de-aulas-praticas-investigativas-e-a-formacao-continuada-de-professores-de-ciencias-ano-v","status":"publish","type":"page","link":"https:\/\/uenf.br\/cbb\/cooex\/projetos\/letramento-cientifico-de-alunos-do-ensino-basico-atraves-de-aulas-praticas-investigativas-e-a-formacao-continuada-de-professores-de-ciencias-ano-v\/","title":{"rendered":"Letramento cient\u00edfico de alunos do ensino b\u00e1sico atrav\u00e9s de aulas pr\u00e1ticas investigativas e a forma\u00e7\u00e3o continuada de professores de ci\u00eancias: ano V"},"content":{"rendered":"<p>Coordenador: Renato Augusto DaMatta<\/p>\n<p>O projeto, iniciado em 2008, visa ampliar as pr\u00e1ticas pedag\u00f3gicas para o ensino de ci\u00eancias em col\u00e9gios p\u00fablicos de Campos dos Goytacazes atrav\u00e9s de aulas pr\u00e1ticas investigativas e forma\u00e7\u00e3o continuada de professores (FCP). Com recursos da FAPERJ, MEC e UENF, montamos laborat\u00f3rios did\u00e1ticos de ci\u00eancias em 4 col\u00e9gios p\u00fablicos do munic\u00edpio, incluindo o Col\u00e9gio Estadual Dr. Sylvio Bastos Tavares (CESBT) e a Escola Municipal Centro Educacional Municipal do Sindicato dos Trabalhadores na Ind\u00fastria do A\u00e7\u00facar de Campos (CEMSTIAC). Promovemos o uso de aulas experimentais investigativas com estudantes do CESBT e CEMSTIAC al\u00e9m de termos realizado 20 cursos de FCP na regi\u00e3o, abordando uso do laborat\u00f3rio de ci\u00eancias, aulas experimentais investigativas e os conceitos de letramento cient\u00edfico (LC) e m\u00e9todo cient\u00edfico. Em nosso projeto divulgamos a import\u00e2ncia do desenvolvimento de aulas investigativas atrav\u00e9s de conte\u00fados contextualizados com abordagem interdisciplinar e que possibilitem a preposi\u00e7\u00e3o de resolu\u00e7\u00e3o de problemas pelos estudantes. Dessa forma os alunos s\u00e3o instigados a uma participa\u00e7\u00e3o ativa durante as aulas, desenvolvendo habilidades atrav\u00e9s de observa\u00e7\u00e3o de fen\u00f4menos, formula\u00e7\u00e3o de hip\u00f3teses, testes de ideias, interpreta\u00e7\u00e3o de resultados, e obten\u00e7\u00e3o de conclus\u00f5es. Acreditamos que essa abordagem proporciona aprendizado significativo com desenvolvimento racioc\u00ednio cr\u00edtico-cient\u00edfico. Utilizamos tamb\u00e9m recursos audiovisuais e produ\u00e7\u00e3o de textos para estimular leitura, interpreta\u00e7\u00e3o e pesquisa, favorecendo o LC. Em parceria com a Coordena\u00e7\u00e3o de Ci\u00eancias do Munic\u00edpio, oferecemos FCP, compartilhando nossa experi\u00eancia. Bolsistas discente e universidade aberta da UENF atuam diretamente nas escolas onde o projeto \u00e9 desenvolvido, participando das atividades e aplicando protocolos de aulas experimentais investigativas no CESBT, CEMSTIAC e na FCP.<\/p>\n<div id=\"attachment_153\" style=\"width: 1034px\" class=\"wp-caption aligncenter\"><img loading=\"lazy\" decoding=\"async\" aria-describedby=\"caption-attachment-153\" class=\"wp-image-153 size-large\" src=\"http:\/\/uenf.br\/cbb\/cooex\/files\/2025\/12\/Imagem1-DaMatta-1024x373.jpg\" alt=\"\" width=\"1024\" height=\"373\" srcset=\"https:\/\/uenf.br\/cbb\/cooex\/files\/2025\/12\/Imagem1-DaMatta-1024x373.jpg 1024w, https:\/\/uenf.br\/cbb\/cooex\/files\/2025\/12\/Imagem1-DaMatta-300x109.jpg 300w, https:\/\/uenf.br\/cbb\/cooex\/files\/2025\/12\/Imagem1-DaMatta-768x280.jpg 768w, https:\/\/uenf.br\/cbb\/cooex\/files\/2025\/12\/Imagem1-DaMatta-1200x438.jpg 1200w, https:\/\/uenf.br\/cbb\/cooex\/files\/2025\/12\/Imagem1-DaMatta-320x117.jpg 320w, https:\/\/uenf.br\/cbb\/cooex\/files\/2025\/12\/Imagem1-DaMatta.jpg 1522w\" sizes=\"auto, (max-width: 1024px) 100vw, 1024px\" \/><p id=\"caption-attachment-153\" class=\"wp-caption-text\">Realiza\u00e7\u00e3o do curso de forma\u00e7\u00e3o continuada de professores<\/p><\/div>\n<p>&nbsp;<\/p>\n<div id=\"attachment_154\" style=\"width: 1034px\" class=\"wp-caption aligncenter\"><img loading=\"lazy\" decoding=\"async\" aria-describedby=\"caption-attachment-154\" class=\"wp-image-154 size-large\" src=\"http:\/\/uenf.br\/cbb\/cooex\/files\/2025\/12\/Imagem2-DaMatta-1024x516.jpg\" alt=\"\" width=\"1024\" height=\"516\" srcset=\"https:\/\/uenf.br\/cbb\/cooex\/files\/2025\/12\/Imagem2-DaMatta-1024x516.jpg 1024w, https:\/\/uenf.br\/cbb\/cooex\/files\/2025\/12\/Imagem2-DaMatta-300x151.jpg 300w, https:\/\/uenf.br\/cbb\/cooex\/files\/2025\/12\/Imagem2-DaMatta-768x387.jpg 768w, https:\/\/uenf.br\/cbb\/cooex\/files\/2025\/12\/Imagem2-DaMatta-1536x774.jpg 1536w, https:\/\/uenf.br\/cbb\/cooex\/files\/2025\/12\/Imagem2-DaMatta-2048x1032.jpg 2048w, https:\/\/uenf.br\/cbb\/cooex\/files\/2025\/12\/Imagem2-DaMatta-1200x605.jpg 1200w, https:\/\/uenf.br\/cbb\/cooex\/files\/2025\/12\/Imagem2-DaMatta-320x161.jpg 320w\" sizes=\"auto, (max-width: 1024px) 100vw, 1024px\" \/><p id=\"caption-attachment-154\" class=\"wp-caption-text\">Alunos em a\u00e7\u00e3o nos laborat\u00f3rios did\u00e1ticos dos col\u00e9gios<\/p><\/div>\n","protected":false},"excerpt":{"rendered":"<p>Coordenador: Renato Augusto DaMatta O projeto, iniciado em 2008, visa ampliar as pr\u00e1ticas pedag\u00f3gicas para o ensino de ci\u00eancias em&#8230;<\/p>\n","protected":false},"author":33,"featured_media":0,"parent":105,"menu_order":0,"comment_status":"closed","ping_status":"closed","template":"","meta":{"footnotes":""},"class_list":["post-152","page","type-page","status-publish","hentry"],"_links":{"self":[{"href":"https:\/\/uenf.br\/cbb\/cooex\/wp-json\/wp\/v2\/pages\/152","targetHints":{"allow":["GET"]}}],"collection":[{"href":"https:\/\/uenf.br\/cbb\/cooex\/wp-json\/wp\/v2\/pages"}],"about":[{"href":"https:\/\/uenf.br\/cbb\/cooex\/wp-json\/wp\/v2\/types\/page"}],"author":[{"embeddable":true,"href":"https:\/\/uenf.br\/cbb\/cooex\/wp-json\/wp\/v2\/users\/33"}],"replies":[{"embeddable":true,"href":"https:\/\/uenf.br\/cbb\/cooex\/wp-json\/wp\/v2\/comments?post=152"}],"version-history":[{"count":0,"href":"https:\/\/uenf.br\/cbb\/cooex\/wp-json\/wp\/v2\/pages\/152\/revisions"}],"up":[{"embeddable":true,"href":"https:\/\/uenf.br\/cbb\/cooex\/wp-json\/wp\/v2\/pages\/105"}],"wp:attachment":[{"href":"https:\/\/uenf.br\/cbb\/cooex\/wp-json\/wp\/v2\/media?parent=152"}],"curies":[{"name":"wp","href":"https:\/\/api.w.org\/{rel}","templated":true}]}}