{"id":171,"date":"2026-01-09T11:24:43","date_gmt":"2026-01-09T14:24:43","guid":{"rendered":"https:\/\/uenf.br\/cbb\/cooex\/?page_id=171"},"modified":"2026-01-09T11:24:43","modified_gmt":"2026-01-09T14:24:43","slug":"historico","status":"publish","type":"page","link":"https:\/\/uenf.br\/cbb\/cooex\/historico\/","title":{"rendered":"Hist\u00f3rico"},"content":{"rendered":"<p>A Coordena\u00e7\u00e3o de Extens\u00e3o do Centro de Bioci\u00eancias e Biotecnologia (CBB\/UENF) foi institu\u00edda em meados de 2003. Na ocasi\u00e3o, a ent\u00e3o Pr\u00f3-Reitora de Extens\u00e3o, Profa. Lilian Maria Garcia Bahia de Oliveira, indicou o Prof. Jo\u00e3o Carlos de Aquino Almeida (CBB) para assumir o cargo de Coordenador de Extens\u00e3o do Centro, contando com o apoio da secret\u00e1ria M\u00e1rcia Reis de Siqueira Saldanha. A servidora permanece no cargo at\u00e9 o presente momento.<\/p>\n<p>O primeiro mandato do coordenador ocorreu por indica\u00e7\u00e3o, no per\u00edodo de agosto de 2003 a mar\u00e7o de 2004. Posteriormente, o Prof. Jo\u00e3o Carlos de Aquino Almeida foi reconduzido ao cargo por meio de processo eleitoral em dois mandatos consecutivos: o segundo, de mar\u00e7o de 2004 a abril de 2006, e o terceiro, de abril de 2006 a mar\u00e7o de 2008. A partir de ent\u00e3o, todos os mandatos da Coordena\u00e7\u00e3o de Extens\u00e3o do CBB passaram a ser preenchidos exclusivamente por processo eleitoral.<\/p>\n<p>Assim, o hist\u00f3rico dos(as) Coordenadores(as) de Extens\u00e3o do Centro de Bioci\u00eancias e Biotecnologia \u00e9 o seguinte:<\/p>\n<p><strong>1) Prof. Jo\u00e3o Carlos de Aquino Almeida<\/strong><br \/>\nPer\u00edodo: agosto de 2003 a mar\u00e7o de 2008.<\/p>\n<p><strong>2) Prof. Carlos Eduardo Veiga de Carvalho<\/strong><br \/>\nPer\u00edodo: abril de 2008 a setembro de 2009.<\/p>\n<p><strong>3) Profa. Nadir Francisca Santanna<\/strong><br \/>\nPer\u00edodo: julho de 2009 a fevereiro de 2010.<\/p>\n<p><strong>4) Prof. Renato Augusto DaMatta<\/strong><br \/>\nPer\u00edodos:<br \/>\n\u2013 1\u00ba de abril de 2014 a 31 de mar\u00e7o de 2016;<br \/>\n\u2013 Exonera\u00e7\u00e3o retroativa a abril de 2016;<br \/>\n\u2013 Nova designa\u00e7\u00e3o em 18 de maio de 2016, com t\u00e9rmino em 10 de julho de 2017.<\/p>\n<p><strong>5) Prof. Cl\u00f3vis de Paula Santos<\/strong><br \/>\nPer\u00edodo: atua\u00e7\u00e3o pr\u00f3-tempore, de 31 de julho de 2017 a 31 de agosto de 2017.<\/p>\n<p><strong>6) Profa. Alba Luc\u00edcia Peixoto Rangel<\/strong><br \/>\nPer\u00edodos:<br \/>\n\u2013 31 de agosto de 2017 a 17 de maio de 2018;<br \/>\n\u2013 1\u00ba mandato eletivo: de 18 de maio de 2018 a 18 de maio de 2020;<br \/>\n\u2013 2\u00ba mandato eletivo: de 18 de maio de 2020 a 18 de maio de 2022.<\/p>\n<p><strong>7) Profa. Caryne Aparecida de Carvalho Braga<\/strong><br \/>\nPer\u00edodo: a partir de 18 de maio de 2022 (mandato vigente).<\/p>\n<hr \/>\n<p><strong>Coordena\u00e7\u00e3o de Extens\u00e3o do CBB\/UENF (atual):<\/strong><br \/>\nCoordenadora de Extens\u00e3o: <strong>Profa. Caryne Aparecida de Carvalho Braga<\/strong><br \/>\nAssistente T\u00e9cnico-Administrativa: <strong>M\u00e1rcia Reis de Siqueira Saldanha<\/strong><\/p>\n<hr \/>\n<p>&nbsp;<\/p>\n","protected":false},"excerpt":{"rendered":"<p>A Coordena\u00e7\u00e3o de Extens\u00e3o do Centro de Bioci\u00eancias e Biotecnologia (CBB\/UENF) foi institu\u00edda em meados de 2003. Na ocasi\u00e3o, a&#8230;<\/p>\n","protected":false},"author":33,"featured_media":0,"parent":0,"menu_order":0,"comment_status":"closed","ping_status":"closed","template":"","meta":{"footnotes":""},"class_list":["post-171","page","type-page","status-publish","hentry"],"_links":{"self":[{"href":"https:\/\/uenf.br\/cbb\/cooex\/wp-json\/wp\/v2\/pages\/171","targetHints":{"allow":["GET"]}}],"collection":[{"href":"https:\/\/uenf.br\/cbb\/cooex\/wp-json\/wp\/v2\/pages"}],"about":[{"href":"https:\/\/uenf.br\/cbb\/cooex\/wp-json\/wp\/v2\/types\/page"}],"author":[{"embeddable":true,"href":"https:\/\/uenf.br\/cbb\/cooex\/wp-json\/wp\/v2\/users\/33"}],"replies":[{"embeddable":true,"href":"https:\/\/uenf.br\/cbb\/cooex\/wp-json\/wp\/v2\/comments?post=171"}],"version-history":[{"count":0,"href":"https:\/\/uenf.br\/cbb\/cooex\/wp-json\/wp\/v2\/pages\/171\/revisions"}],"wp:attachment":[{"href":"https:\/\/uenf.br\/cbb\/cooex\/wp-json\/wp\/v2\/media?parent=171"}],"curies":[{"name":"wp","href":"https:\/\/api.w.org\/{rel}","templated":true}]}}