{"id":185,"date":"2026-03-04T15:24:37","date_gmt":"2026-03-04T18:24:37","guid":{"rendered":"https:\/\/uenf.br\/cbb\/cooex\/?page_id=185"},"modified":"2026-03-19T12:19:06","modified_gmt":"2026-03-19T15:19:06","slug":"o-herbario-uenf-como-espaco-nao-formal-para-o-ensino-da-biodiversidade-da-flora-do-norte-fluminense","status":"publish","type":"page","link":"https:\/\/uenf.br\/cbb\/cooex\/projetos\/o-herbario-uenf-como-espaco-nao-formal-para-o-ensino-da-biodiversidade-da-flora-do-norte-fluminense\/","title":{"rendered":"O Herb\u00e1rio UENF como espa\u00e7o n\u00e3o formal para o ensino da biodiversidade da flora do Norte-Fluminense"},"content":{"rendered":"<p>O Herb\u00e1rio HUENF \u00e9 uma cole\u00e7\u00e3o bot\u00e2nica fundamental para a ci\u00eancia da nossa regi\u00e3o. Nosso projeto transforma esse espa\u00e7o em um local de aprendizado pr\u00e1tico sobre bot\u00e2nica, desenvolvimento sustent\u00e1vel e preserva\u00e7\u00e3o da natureza. Al\u00e9m de marcar presen\u00e7a em feiras de ci\u00eancias e visitar escolas, usamos as redes sociais para levar o conhecimento cient\u00edfico a todos. Com essas a\u00e7\u00f5es, o HUENF refor\u00e7a seu papel em conscientizar a sociedade e valorizar o conhecimento sobre a nossa Mata Atl\u00e2ntica e sua flora.<\/p>\n<p>Nossas redes sociais s\u00e3o mecanismos de ensino para a popula\u00e7\u00e3o, com palestras, <em>posts<\/em> educacionais e muita intera\u00e7\u00e3o com a ci\u00eancia. Siga-nos no Instagram em @herbariohuenf e se inscreva no nosso canal do YouTube, Herb\u00e1rio HUENF, e acesse nosso site <a href=\"https:\/\/uenf.br\/cbb\/herbario\/\">https:\/\/uenf.br\/cbb\/herbario\/<\/a> para ficar por dentro das nossas a\u00e7\u00f5es.<\/p>\n<p>Fa\u00e7a parte de um de nossos projetos!<\/p>\n<div id=\"attachment_189\" style=\"width: 272px\" class=\"wp-caption alignleft\"><img loading=\"lazy\" decoding=\"async\" aria-describedby=\"caption-attachment-189\" class=\"wp-image-189 size-full\" src=\"http:\/\/uenf.br\/cbb\/cooex\/files\/2026\/03\/Herbario-1-1.jpg\" alt=\"\" width=\"262\" height=\"349\" srcset=\"https:\/\/uenf.br\/cbb\/cooex\/files\/2026\/03\/Herbario-1-1.jpg 262w, https:\/\/uenf.br\/cbb\/cooex\/files\/2026\/03\/Herbario-1-1-225x300.jpg 225w\" sizes=\"auto, (max-width: 262px) 100vw, 262px\" \/><p id=\"caption-attachment-189\" class=\"wp-caption-text\">Visita de alunos ao acervo do HUENF<\/p><\/div>\n<div id=\"attachment_187\" style=\"width: 272px\" class=\"wp-caption alignleft\"><img loading=\"lazy\" decoding=\"async\" aria-describedby=\"caption-attachment-187\" class=\"size-full wp-image-187\" src=\"http:\/\/uenf.br\/cbb\/cooex\/files\/2026\/03\/Herbario-2.jpg\" alt=\"\" width=\"262\" height=\"349\" srcset=\"https:\/\/uenf.br\/cbb\/cooex\/files\/2026\/03\/Herbario-2.jpg 262w, https:\/\/uenf.br\/cbb\/cooex\/files\/2026\/03\/Herbario-2-225x300.jpg 225w\" sizes=\"auto, (max-width: 262px) 100vw, 262px\" \/><p id=\"caption-attachment-187\" class=\"wp-caption-text\">Participa\u00e7\u00e3o do HUENF em Feira de Ci\u00eancias<\/p><\/div>\n","protected":false},"excerpt":{"rendered":"<p>O Herb\u00e1rio HUENF \u00e9 uma cole\u00e7\u00e3o bot\u00e2nica fundamental para a ci\u00eancia da nossa regi\u00e3o. Nosso projeto transforma esse espa\u00e7o em&#8230;<\/p>\n","protected":false},"author":33,"featured_media":0,"parent":105,"menu_order":0,"comment_status":"closed","ping_status":"closed","template":"","meta":{"footnotes":""},"class_list":["post-185","page","type-page","status-publish","hentry"],"_links":{"self":[{"href":"https:\/\/uenf.br\/cbb\/cooex\/wp-json\/wp\/v2\/pages\/185","targetHints":{"allow":["GET"]}}],"collection":[{"href":"https:\/\/uenf.br\/cbb\/cooex\/wp-json\/wp\/v2\/pages"}],"about":[{"href":"https:\/\/uenf.br\/cbb\/cooex\/wp-json\/wp\/v2\/types\/page"}],"author":[{"embeddable":true,"href":"https:\/\/uenf.br\/cbb\/cooex\/wp-json\/wp\/v2\/users\/33"}],"replies":[{"embeddable":true,"href":"https:\/\/uenf.br\/cbb\/cooex\/wp-json\/wp\/v2\/comments?post=185"}],"version-history":[{"count":0,"href":"https:\/\/uenf.br\/cbb\/cooex\/wp-json\/wp\/v2\/pages\/185\/revisions"}],"up":[{"embeddable":true,"href":"https:\/\/uenf.br\/cbb\/cooex\/wp-json\/wp\/v2\/pages\/105"}],"wp:attachment":[{"href":"https:\/\/uenf.br\/cbb\/cooex\/wp-json\/wp\/v2\/media?parent=185"}],"curies":[{"name":"wp","href":"https:\/\/api.w.org\/{rel}","templated":true}]}}