{"id":2,"date":"2023-05-04T15:01:56","date_gmt":"2023-05-04T18:01:56","guid":{"rendered":"https:\/\/uenf.br\/cbb\/cooex\/?page_id=2"},"modified":"2025-11-26T17:29:16","modified_gmt":"2025-11-26T20:29:16","slug":"apresentacao","status":"publish","type":"page","link":"https:\/\/uenf.br\/cbb\/cooex\/","title":{"rendered":"Apresenta\u00e7\u00e3o"},"content":{"rendered":"\r\n<p><a href=\"http:\/\/uenf.br\/cbb\/cooex\/files\/2023\/05\/logo-cooex.jpg\"><img loading=\"lazy\" decoding=\"async\" class=\"aligncenter wp-image-52 size-medium\" src=\"http:\/\/uenf.br\/cbb\/cooex\/files\/2023\/05\/logo-cooex-300x206.jpg\" alt=\"Logo da coordena\u00e7\u00e3o de extens\u00e3o do CBB\" width=\"300\" height=\"206\" srcset=\"https:\/\/uenf.br\/cbb\/cooex\/files\/2023\/05\/logo-cooex-300x206.jpg 300w, https:\/\/uenf.br\/cbb\/cooex\/files\/2023\/05\/logo-cooex.jpg 519w\" sizes=\"auto, (max-width: 300px) 100vw, 300px\" \/><\/a><\/p>\r\n<p>&nbsp;<\/p>\r\n<p>O \u00a0CBB tem uma participa\u00e7\u00e3o significativa na extens\u00e3o universit\u00e1ria em v\u00e1rias \u00e1reas de conhecimento, a\u00e7\u00f5es estas desenvolvidos por professores, alunos, t\u00e9cnicos e membros da sociedade. A Coordena\u00e7\u00e3o de Extens\u00e3o tem como principais fun\u00e7\u00f5es: integrar de forma construtiva todos os membros envolvidos; articular de forma positiva o ensino, a pesquisa e a extens\u00e3o; ter uma a\u00e7\u00e3o participativa no incentivo e na visibilidade dos projetos desenvolvidos no CBB frente a UENF e a sociedade como um todo; abrir espa\u00e7os para discuss\u00f5es no sentido construtivo a todos os membros da comunidade acad\u00eamica; e incentivar a\u00e7\u00f5es para promover o desenvolvimento regional.<\/p>\r\n<p>&nbsp;<\/p>\r\n<p style=\"text-align: center\"><strong>Coordenadora de Extens\u00e3o<\/strong><\/p>\r\n<p style=\"text-align: center\">Prof\u00aa Caryne Aparecida de Carvalho Braga<\/p>\r\n<p style=\"text-align: center\"><strong>Secret\u00e1ria da Coordena\u00e7\u00e3o de Extens\u00e3<\/strong>o<\/p>\r\n<p style=\"text-align: center\">M\u00e1rcia Reis de Siqueira Saldanha<\/p>\r\n","protected":false},"excerpt":{"rendered":"<p>&nbsp; O \u00a0CBB tem uma participa\u00e7\u00e3o significativa na extens\u00e3o universit\u00e1ria em v\u00e1rias \u00e1reas de conhecimento, a\u00e7\u00f5es estas desenvolvidos por professores,&#8230;<\/p>\n","protected":false},"author":25,"featured_media":0,"parent":0,"menu_order":0,"comment_status":"closed","ping_status":"closed","template":"","meta":{"footnotes":""},"class_list":["post-2","page","type-page","status-publish","hentry"],"_links":{"self":[{"href":"https:\/\/uenf.br\/cbb\/cooex\/wp-json\/wp\/v2\/pages\/2","targetHints":{"allow":["GET"]}}],"collection":[{"href":"https:\/\/uenf.br\/cbb\/cooex\/wp-json\/wp\/v2\/pages"}],"about":[{"href":"https:\/\/uenf.br\/cbb\/cooex\/wp-json\/wp\/v2\/types\/page"}],"author":[{"embeddable":true,"href":"https:\/\/uenf.br\/cbb\/cooex\/wp-json\/wp\/v2\/users\/25"}],"replies":[{"embeddable":true,"href":"https:\/\/uenf.br\/cbb\/cooex\/wp-json\/wp\/v2\/comments?post=2"}],"version-history":[{"count":0,"href":"https:\/\/uenf.br\/cbb\/cooex\/wp-json\/wp\/v2\/pages\/2\/revisions"}],"wp:attachment":[{"href":"https:\/\/uenf.br\/cbb\/cooex\/wp-json\/wp\/v2\/media?parent=2"}],"curies":[{"name":"wp","href":"https:\/\/api.w.org\/{rel}","templated":true}]}}