{"id":20,"date":"2023-05-15T15:19:07","date_gmt":"2023-05-15T18:19:07","guid":{"rendered":"https:\/\/uenf.br\/cbb\/cooex\/?page_id=20"},"modified":"2023-05-15T17:49:15","modified_gmt":"2023-05-15T20:49:15","slug":"formularios","status":"publish","type":"page","link":"https:\/\/uenf.br\/cbb\/cooex\/links\/formularios\/","title":{"rendered":"Formul\u00e1rios"},"content":{"rendered":"<p>Segue abaixo formul\u00e1rios para nossos cursos de extens\u00e3o.<\/p>\n<ul>\n<li>a<\/li>\n<li>b<\/li>\n<li>c<\/li>\n<\/ul>\n","protected":false},"excerpt":{"rendered":"<p>Segue abaixo formul\u00e1rios para nossos cursos de extens\u00e3o. a b c<\/p>\n","protected":false},"author":26,"featured_media":0,"parent":64,"menu_order":0,"comment_status":"closed","ping_status":"closed","template":"","meta":{"footnotes":""},"class_list":["post-20","page","type-page","status-publish","hentry"],"_links":{"self":[{"href":"https:\/\/uenf.br\/cbb\/cooex\/wp-json\/wp\/v2\/pages\/20","targetHints":{"allow":["GET"]}}],"collection":[{"href":"https:\/\/uenf.br\/cbb\/cooex\/wp-json\/wp\/v2\/pages"}],"about":[{"href":"https:\/\/uenf.br\/cbb\/cooex\/wp-json\/wp\/v2\/types\/page"}],"author":[{"embeddable":true,"href":"https:\/\/uenf.br\/cbb\/cooex\/wp-json\/wp\/v2\/users\/26"}],"replies":[{"embeddable":true,"href":"https:\/\/uenf.br\/cbb\/cooex\/wp-json\/wp\/v2\/comments?post=20"}],"version-history":[{"count":0,"href":"https:\/\/uenf.br\/cbb\/cooex\/wp-json\/wp\/v2\/pages\/20\/revisions"}],"up":[{"embeddable":true,"href":"https:\/\/uenf.br\/cbb\/cooex\/wp-json\/wp\/v2\/pages\/64"}],"wp:attachment":[{"href":"https:\/\/uenf.br\/cbb\/cooex\/wp-json\/wp\/v2\/media?parent=20"}],"curies":[{"name":"wp","href":"https:\/\/api.w.org\/{rel}","templated":true}]}}