{"id":269,"date":"2026-04-30T14:39:53","date_gmt":"2026-04-30T17:39:53","guid":{"rendered":"https:\/\/uenf.br\/cbb\/cooex\/?page_id=269"},"modified":"2026-04-30T14:39:53","modified_gmt":"2026-04-30T17:39:53","slug":"manuais-e-procedimentos","status":"publish","type":"page","link":"https:\/\/uenf.br\/cbb\/cooex\/manuais-e-procedimentos\/","title":{"rendered":"Manuais e Procedimentos"},"content":{"rendered":"<p>Nesta p\u00e1gina ser\u00e3o divulgados os manuais de procedimentos para atividades ligadas aos projeto e a\u00e7\u00f5es de extens\u00e3o.<\/p>\n<p>&nbsp;<\/p>\n<p>Procedimentos para exclus\u00e3o e substitui\u00e7\u00e3o de Bolsista de extens\u00e3o.<a href=\"http:\/\/uenf.br\/cbb\/cooex\/files\/2026\/04\/00-Manual-EXCL-SUBST-Coordenadores.docx\">Manual EXCL-SUBST Coordenadores<\/a><\/p>\n","protected":false},"excerpt":{"rendered":"<p>Nesta p\u00e1gina ser\u00e3o divulgados os manuais de procedimentos para atividades ligadas aos projeto e a\u00e7\u00f5es de extens\u00e3o. &nbsp; Procedimentos para&#8230;<\/p>\n","protected":false},"author":33,"featured_media":0,"parent":0,"menu_order":0,"comment_status":"closed","ping_status":"closed","template":"","meta":{"footnotes":""},"class_list":["post-269","page","type-page","status-publish","hentry"],"_links":{"self":[{"href":"https:\/\/uenf.br\/cbb\/cooex\/wp-json\/wp\/v2\/pages\/269","targetHints":{"allow":["GET"]}}],"collection":[{"href":"https:\/\/uenf.br\/cbb\/cooex\/wp-json\/wp\/v2\/pages"}],"about":[{"href":"https:\/\/uenf.br\/cbb\/cooex\/wp-json\/wp\/v2\/types\/page"}],"author":[{"embeddable":true,"href":"https:\/\/uenf.br\/cbb\/cooex\/wp-json\/wp\/v2\/users\/33"}],"replies":[{"embeddable":true,"href":"https:\/\/uenf.br\/cbb\/cooex\/wp-json\/wp\/v2\/comments?post=269"}],"version-history":[{"count":0,"href":"https:\/\/uenf.br\/cbb\/cooex\/wp-json\/wp\/v2\/pages\/269\/revisions"}],"wp:attachment":[{"href":"https:\/\/uenf.br\/cbb\/cooex\/wp-json\/wp\/v2\/media?parent=269"}],"curies":[{"name":"wp","href":"https:\/\/api.w.org\/{rel}","templated":true}]}}