{"id":272,"date":"2026-04-30T11:05:22","date_gmt":"2026-04-30T14:05:22","guid":{"rendered":"https:\/\/uenf.br\/cbb\/cooex\/?page_id=272"},"modified":"2026-04-30T11:06:02","modified_gmt":"2026-04-30T14:06:02","slug":"revista-de-divulgacao-cientifica-conhecendo-a-ciencia","status":"publish","type":"page","link":"https:\/\/uenf.br\/cbb\/cooex\/projetos\/revista-de-divulgacao-cientifica-conhecendo-a-ciencia\/","title":{"rendered":"Revista de divulga\u00e7\u00e3o cient\u00edfica Conhecendo a Ci\u00eancia"},"content":{"rendered":"<p>Coordenadora: Profa. \u00c9rica de Oliveira Mello<\/p>\n<p>A Revista Conhecendo a Ci\u00eancia, vinculada \u00e0 Pr\u00f3-Reitoria de Pesquisa e P\u00f3s-Gradua\u00e7\u00e3o da Universidade Estadual do Norte Fluminense Darcy Ribeiro (UENF), constitui uma importante iniciativa de divulga\u00e7\u00e3o cient\u00edfica. Seu objetivo central \u00e9 tornar\u00a0 acess\u00edveis ao p\u00fablico os trabalhos desenvolvidos por bolsistas e volunt\u00e1rios participantes do Programa Institucional de Bolsas de Inicia\u00e7\u00e3o Cient\u00edfica e Tecnol\u00f3gica (PIBi\/UENF). Com uma proposta que ultrapassa os limites da comunidade acad\u00eamica, a revista busca dialogar com a sociedade em geral, com especial aten\u00e7\u00e3o ao p\u00fablico jovem. Nesse sentido, promove a aproxima\u00e7\u00e3o entre Universidade e Sociedade, incentivando o interesse pela Ci\u00eancia e pela Tecnologia por meio de uma linguagem acess\u00edvel e atrativa.<\/p>\n<p>Criada em 2014, com financiamento do CNPq, a revista teve sua coordena\u00e7\u00e3o inicial conduzida pela Profa. Adriana Jardim de Almeida. No per\u00edodo de 2016 a 2023, esteve sob a coordena\u00e7\u00e3o da Profa. Maria Cristina Gaglianone. Atualmente, a revista \u00e9 coordenada pela Profa. \u00c9rica de Oliveira Mello e conta com o apoio da Editora da UENF (EdUENF) e da Pr\u00f3-Reitoria de Extens\u00e3o e Assuntos Comunit\u00e1rios, por meio da concess\u00e3o de bolsas aos integrantes da equipe, fortalecendo seu car\u00e1ter extensionista e seu compromisso com a democratiza\u00e7\u00e3o do conhecimento cient\u00edfico.<\/p>\n<div id=\"attachment_273\" style=\"width: 665px\" class=\"wp-caption aligncenter\"><img loading=\"lazy\" decoding=\"async\" aria-describedby=\"caption-attachment-273\" class=\"size-full wp-image-273\" src=\"http:\/\/uenf.br\/cbb\/cooex\/files\/2026\/04\/Figura-1.jpg\" alt=\"\" width=\"655\" height=\"368\" srcset=\"https:\/\/uenf.br\/cbb\/cooex\/files\/2026\/04\/Figura-1.jpg 655w, https:\/\/uenf.br\/cbb\/cooex\/files\/2026\/04\/Figura-1-300x169.jpg 300w, https:\/\/uenf.br\/cbb\/cooex\/files\/2026\/04\/Figura-1-320x180.jpg 320w\" sizes=\"auto, (max-width: 655px) 100vw, 655px\" \/><p id=\"caption-attachment-273\" class=\"wp-caption-text\">Edi\u00e7\u00f5es publicadas da Revista Conhecendo a Ci\u00eancia. Acesse as outras edi\u00e7\u00f5es em: https:\/\/uenf.br\/projetos\/pibic\/revista-pibic-conhecendo-a-ciencia\/edicoes-<br \/>anteriores\/.<\/p><\/div>\n<p>&nbsp;<\/p>\n<div id=\"attachment_274\" style=\"width: 708px\" class=\"wp-caption aligncenter\"><img loading=\"lazy\" decoding=\"async\" aria-describedby=\"caption-attachment-274\" class=\"wp-image-274 size-full\" src=\"http:\/\/uenf.br\/cbb\/cooex\/files\/2026\/04\/Figura-2.jpg\" alt=\"\" width=\"698\" height=\"333\" srcset=\"https:\/\/uenf.br\/cbb\/cooex\/files\/2026\/04\/Figura-2.jpg 698w, https:\/\/uenf.br\/cbb\/cooex\/files\/2026\/04\/Figura-2-300x143.jpg 300w, https:\/\/uenf.br\/cbb\/cooex\/files\/2026\/04\/Figura-2-320x153.jpg 320w\" sizes=\"auto, (max-width: 698px) 100vw, 698px\" \/><p id=\"caption-attachment-274\" class=\"wp-caption-text\">Participa\u00e7\u00f5es da equipe do projeto nas Feiras de Extens\u00e3o, na Semana Nacional de Ci\u00eancia e Tecnologia, na cobertura e aux\u00edlio na organiza\u00e7\u00e3o do CONFICT e na Mostra de Extens\u00e3o, onde recebemos o pr\u00eamio de melhor trabalho na \u00e1rea tem\u00e1tica de Comunica\u00e7\u00e3o, nos anos de 2023 e 2024.<\/p><\/div>\n<div id=\"attachment_275\" style=\"width: 664px\" class=\"wp-caption aligncenter\"><img loading=\"lazy\" decoding=\"async\" aria-describedby=\"caption-attachment-275\" class=\"wp-image-275 size-full\" src=\"http:\/\/uenf.br\/cbb\/cooex\/files\/2026\/04\/Figura-3.jpg\" alt=\"\" width=\"654\" height=\"353\" srcset=\"https:\/\/uenf.br\/cbb\/cooex\/files\/2026\/04\/Figura-3.jpg 654w, https:\/\/uenf.br\/cbb\/cooex\/files\/2026\/04\/Figura-3-300x162.jpg 300w, https:\/\/uenf.br\/cbb\/cooex\/files\/2026\/04\/Figura-3-320x173.jpg 320w\" sizes=\"auto, (max-width: 654px) 100vw, 654px\" \/><p id=\"caption-attachment-275\" class=\"wp-caption-text\">Divulga\u00e7\u00e3o das edi\u00e7\u00f5es publicadas e demais informa\u00e7\u00f5es relacionadas ao PIBi-UENF no nosso Instagram que atualmente conta com 4.906 seguidores. Entre fotos e v\u00eddeos produzidos, foram feitos 295 stories, 19 publica\u00e7\u00f5es, obtivemos 29.229 visualiza\u00e7\u00f5es com 7.214 contas alcan\u00e7adas e 379 intera\u00e7\u00f5es no per\u00edodo de abril a julho de 2025.<\/p><\/div>\n<p>&nbsp;<\/p>\n","protected":false},"excerpt":{"rendered":"<p>Coordenadora: Profa. \u00c9rica de Oliveira Mello A Revista Conhecendo a Ci\u00eancia, vinculada \u00e0 Pr\u00f3-Reitoria de Pesquisa e P\u00f3s-Gradua\u00e7\u00e3o da Universidade&#8230;<\/p>\n","protected":false},"author":33,"featured_media":0,"parent":105,"menu_order":0,"comment_status":"closed","ping_status":"closed","template":"","meta":{"footnotes":""},"class_list":["post-272","page","type-page","status-publish","hentry"],"_links":{"self":[{"href":"https:\/\/uenf.br\/cbb\/cooex\/wp-json\/wp\/v2\/pages\/272","targetHints":{"allow":["GET"]}}],"collection":[{"href":"https:\/\/uenf.br\/cbb\/cooex\/wp-json\/wp\/v2\/pages"}],"about":[{"href":"https:\/\/uenf.br\/cbb\/cooex\/wp-json\/wp\/v2\/types\/page"}],"author":[{"embeddable":true,"href":"https:\/\/uenf.br\/cbb\/cooex\/wp-json\/wp\/v2\/users\/33"}],"replies":[{"embeddable":true,"href":"https:\/\/uenf.br\/cbb\/cooex\/wp-json\/wp\/v2\/comments?post=272"}],"version-history":[{"count":0,"href":"https:\/\/uenf.br\/cbb\/cooex\/wp-json\/wp\/v2\/pages\/272\/revisions"}],"up":[{"embeddable":true,"href":"https:\/\/uenf.br\/cbb\/cooex\/wp-json\/wp\/v2\/pages\/105"}],"wp:attachment":[{"href":"https:\/\/uenf.br\/cbb\/cooex\/wp-json\/wp\/v2\/media?parent=272"}],"curies":[{"name":"wp","href":"https:\/\/api.w.org\/{rel}","templated":true}]}}