{"id":280,"date":"2026-04-30T11:15:50","date_gmt":"2026-04-30T14:15:50","guid":{"rendered":"https:\/\/uenf.br\/cbb\/cooex\/?page_id=280"},"modified":"2026-04-30T11:15:50","modified_gmt":"2026-04-30T14:15:50","slug":"planejamento-e-divulgacao-de-colecoes-botanicas-da-uenf","status":"publish","type":"page","link":"https:\/\/uenf.br\/cbb\/cooex\/planejamento-e-divulgacao-de-colecoes-botanicas-da-uenf\/","title":{"rendered":"Planejamento e divulga\u00e7\u00e3o de Cole\u00e7\u00f5es bot\u00e2nicas da UENF"},"content":{"rendered":"<p><strong>Planejamento e divulga\u00e7\u00e3o de Cole\u00e7\u00f5es bot\u00e2nicas da UENF: A Xiloteca seu emprego no ensino pesquisa e extens\u00e3o no norte noroeste fluminense.<\/strong><\/p>\n<p>Coordenadora: Maura da Cunha<br \/>\nContato: maura@uenf.br<\/p>\n<p>As cole\u00e7\u00f5es biol\u00f3gicas da Universidade Estadual do Norte Fluminense Darcy Ribeiro (UENF) constituem um recurso estrat\u00e9gico para pesquisa, ensino e extens\u00e3o, registrando a biodiversidade regional e subsidiando a identifica\u00e7\u00e3o de esp\u00e9cies e a\u00e7\u00f5es de educa\u00e7\u00e3o ambiental. Este projeto tem como objetivo divulgar e ampliar o acervo da Xiloteca \u201cDra. Cec\u00edlia Gon\u00e7alves Costa\u201d (HUENFw), promovendo capacita\u00e7\u00e3o de diferentes p\u00fablicos nos munic\u00edpios do Norte e Noroeste Fluminense. O acervo, atualmente com 840 exemplares tombados, \u00e9 composto majoritariamente por coletas regionais, al\u00e9m de materiais oriundos de interc\u00e2mbios com institui\u00e7\u00f5es do Estado do Rio de Janeiro. Para fortalecer a cole\u00e7\u00e3o, s\u00e3o realizadas coletas de campo na regi\u00e3o Norte\/Noroeste Fluminense; permutas com outras institui\u00e7\u00f5es; a\u00e7\u00f5es educativas em escolas, feiras e polos do CEDERJ. O projeto tamb\u00e9m visa utilizar as cole\u00e7\u00f5es bot\u00e2nicas da UENF como centro de forma\u00e7\u00e3o para a\u00e7\u00f5es de melhoria da qualidade ambiental e preserva\u00e7\u00e3o da flora, incentivando a multiplica\u00e7\u00e3o de colaboradores e a conscientiza\u00e7\u00e3o sobre a conserva\u00e7\u00e3o. As a\u00e7\u00f5es extensionistas ser\u00e3o baseadas no di\u00e1logo com a comunidade e na integra\u00e7\u00e3o entre teoria e pr\u00e1tica, com foco na forma\u00e7\u00e3o estudantil. A iniciativa funciona como ambiente de aprendizagem e como ponte entre universidade e sociedade, contribuindo para o conhecimento da diversidade arb\u00f3rea regional e para o fortalecimento do eixo pesquisa\u2013ensino\u2013extens\u00e3o.<\/p>\n<div id=\"attachment_282\" style=\"width: 1210px\" class=\"wp-caption aligncenter\"><img loading=\"lazy\" decoding=\"async\" aria-describedby=\"caption-attachment-282\" class=\"wp-image-282 size-full\" src=\"http:\/\/uenf.br\/cbb\/cooex\/files\/2026\/04\/Coleta-de-Material-para-a-colecao.jpg\" alt=\"\" width=\"1200\" height=\"1600\" srcset=\"https:\/\/uenf.br\/cbb\/cooex\/files\/2026\/04\/Coleta-de-Material-para-a-colecao.jpg 1200w, https:\/\/uenf.br\/cbb\/cooex\/files\/2026\/04\/Coleta-de-Material-para-a-colecao-225x300.jpg 225w, https:\/\/uenf.br\/cbb\/cooex\/files\/2026\/04\/Coleta-de-Material-para-a-colecao-768x1024.jpg 768w, https:\/\/uenf.br\/cbb\/cooex\/files\/2026\/04\/Coleta-de-Material-para-a-colecao-1152x1536.jpg 1152w, https:\/\/uenf.br\/cbb\/cooex\/files\/2026\/04\/Coleta-de-Material-para-a-colecao-320x427.jpg 320w\" sizes=\"auto, (max-width: 1200px) 100vw, 1200px\" \/><p id=\"caption-attachment-282\" class=\"wp-caption-text\">Coleta de Material para a cole\u00e7\u00e3o<\/p><\/div>\n<div id=\"attachment_283\" style=\"width: 1210px\" class=\"wp-caption aligncenter\"><img loading=\"lazy\" decoding=\"async\" aria-describedby=\"caption-attachment-283\" class=\"wp-image-283 size-full\" src=\"http:\/\/uenf.br\/cbb\/cooex\/files\/2026\/04\/Jogos-utilizados-em-atividades-no-projeto-2.jpg\" alt=\"\" width=\"1200\" height=\"1600\" srcset=\"https:\/\/uenf.br\/cbb\/cooex\/files\/2026\/04\/Jogos-utilizados-em-atividades-no-projeto-2.jpg 1200w, https:\/\/uenf.br\/cbb\/cooex\/files\/2026\/04\/Jogos-utilizados-em-atividades-no-projeto-2-225x300.jpg 225w, https:\/\/uenf.br\/cbb\/cooex\/files\/2026\/04\/Jogos-utilizados-em-atividades-no-projeto-2-768x1024.jpg 768w, https:\/\/uenf.br\/cbb\/cooex\/files\/2026\/04\/Jogos-utilizados-em-atividades-no-projeto-2-1152x1536.jpg 1152w, https:\/\/uenf.br\/cbb\/cooex\/files\/2026\/04\/Jogos-utilizados-em-atividades-no-projeto-2-320x427.jpg 320w\" sizes=\"auto, (max-width: 1200px) 100vw, 1200px\" \/><p id=\"caption-attachment-283\" class=\"wp-caption-text\">Jogos utilizados em atividades no projeto<\/p><\/div>\n<p>&nbsp;<\/p>\n<div id=\"attachment_284\" style=\"width: 730px\" class=\"wp-caption aligncenter\"><img loading=\"lazy\" decoding=\"async\" aria-describedby=\"caption-attachment-284\" class=\"wp-image-284 size-full\" src=\"http:\/\/uenf.br\/cbb\/cooex\/files\/2026\/04\/Jogos-utilizados-em-atividades-no-projeto.jpg\" alt=\"\" width=\"720\" height=\"1177\" srcset=\"https:\/\/uenf.br\/cbb\/cooex\/files\/2026\/04\/Jogos-utilizados-em-atividades-no-projeto.jpg 720w, https:\/\/uenf.br\/cbb\/cooex\/files\/2026\/04\/Jogos-utilizados-em-atividades-no-projeto-184x300.jpg 184w, https:\/\/uenf.br\/cbb\/cooex\/files\/2026\/04\/Jogos-utilizados-em-atividades-no-projeto-626x1024.jpg 626w, https:\/\/uenf.br\/cbb\/cooex\/files\/2026\/04\/Jogos-utilizados-em-atividades-no-projeto-320x523.jpg 320w\" sizes=\"auto, (max-width: 720px) 100vw, 720px\" \/><p id=\"caption-attachment-284\" class=\"wp-caption-text\">Jogos utilizados em atividades no projeto<\/p><\/div>\n<p>&nbsp;<\/p>\n<p>&nbsp;<\/p>\n<div id=\"attachment_285\" style=\"width: 730px\" class=\"wp-caption aligncenter\"><img loading=\"lazy\" decoding=\"async\" aria-describedby=\"caption-attachment-285\" class=\"wp-image-285 size-full\" src=\"http:\/\/uenf.br\/cbb\/cooex\/files\/2026\/04\/Manutencao-da-colecao-dentro-do-laboratorio.jpg\" alt=\"\" width=\"720\" height=\"1600\" srcset=\"https:\/\/uenf.br\/cbb\/cooex\/files\/2026\/04\/Manutencao-da-colecao-dentro-do-laboratorio.jpg 720w, https:\/\/uenf.br\/cbb\/cooex\/files\/2026\/04\/Manutencao-da-colecao-dentro-do-laboratorio-135x300.jpg 135w, https:\/\/uenf.br\/cbb\/cooex\/files\/2026\/04\/Manutencao-da-colecao-dentro-do-laboratorio-461x1024.jpg 461w, https:\/\/uenf.br\/cbb\/cooex\/files\/2026\/04\/Manutencao-da-colecao-dentro-do-laboratorio-691x1536.jpg 691w, https:\/\/uenf.br\/cbb\/cooex\/files\/2026\/04\/Manutencao-da-colecao-dentro-do-laboratorio-320x711.jpg 320w\" sizes=\"auto, (max-width: 720px) 100vw, 720px\" \/><p id=\"caption-attachment-285\" class=\"wp-caption-text\">Manuten\u00e7\u00e3o da cole\u00e7\u00e3o dentro do laborat\u00f3rio<\/p><\/div>\n<div id=\"attachment_286\" style=\"width: 1210px\" class=\"wp-caption aligncenter\"><img loading=\"lazy\" decoding=\"async\" aria-describedby=\"caption-attachment-286\" class=\"wp-image-286 size-full\" src=\"http:\/\/uenf.br\/cbb\/cooex\/files\/2026\/04\/Amostra-de-material-de-coleta-para-manutencao-da-colecao.jpg\" alt=\"\" width=\"1200\" height=\"1600\" srcset=\"https:\/\/uenf.br\/cbb\/cooex\/files\/2026\/04\/Amostra-de-material-de-coleta-para-manutencao-da-colecao.jpg 1200w, https:\/\/uenf.br\/cbb\/cooex\/files\/2026\/04\/Amostra-de-material-de-coleta-para-manutencao-da-colecao-225x300.jpg 225w, https:\/\/uenf.br\/cbb\/cooex\/files\/2026\/04\/Amostra-de-material-de-coleta-para-manutencao-da-colecao-768x1024.jpg 768w, https:\/\/uenf.br\/cbb\/cooex\/files\/2026\/04\/Amostra-de-material-de-coleta-para-manutencao-da-colecao-1152x1536.jpg 1152w, https:\/\/uenf.br\/cbb\/cooex\/files\/2026\/04\/Amostra-de-material-de-coleta-para-manutencao-da-colecao-320x427.jpg 320w\" sizes=\"auto, (max-width: 1200px) 100vw, 1200px\" \/><p id=\"caption-attachment-286\" class=\"wp-caption-text\">Amostra de material de coleta para manuten\u00e7\u00e3o da cole\u00e7\u00e3o<\/p><\/div>\n<div id=\"attachment_287\" style=\"width: 1210px\" class=\"wp-caption aligncenter\"><img loading=\"lazy\" decoding=\"async\" aria-describedby=\"caption-attachment-287\" class=\"wp-image-287 size-full\" src=\"http:\/\/uenf.br\/cbb\/cooex\/files\/2026\/04\/Apresentacao-da-oficina-do-projeto.jpg\" alt=\"\" width=\"1200\" height=\"1600\" srcset=\"https:\/\/uenf.br\/cbb\/cooex\/files\/2026\/04\/Apresentacao-da-oficina-do-projeto.jpg 1200w, https:\/\/uenf.br\/cbb\/cooex\/files\/2026\/04\/Apresentacao-da-oficina-do-projeto-225x300.jpg 225w, https:\/\/uenf.br\/cbb\/cooex\/files\/2026\/04\/Apresentacao-da-oficina-do-projeto-768x1024.jpg 768w, https:\/\/uenf.br\/cbb\/cooex\/files\/2026\/04\/Apresentacao-da-oficina-do-projeto-1152x1536.jpg 1152w, https:\/\/uenf.br\/cbb\/cooex\/files\/2026\/04\/Apresentacao-da-oficina-do-projeto-320x427.jpg 320w\" sizes=\"auto, (max-width: 1200px) 100vw, 1200px\" \/><p id=\"caption-attachment-287\" class=\"wp-caption-text\">Apresenta\u00e7\u00e3o da oficina do projeto<\/p><\/div>\n<div id=\"attachment_288\" style=\"width: 1610px\" class=\"wp-caption aligncenter\"><img loading=\"lazy\" decoding=\"async\" aria-describedby=\"caption-attachment-288\" class=\"wp-image-288 size-full\" src=\"http:\/\/uenf.br\/cbb\/cooex\/files\/2026\/04\/Apresetacao-da-Colecao-de-madeiras.jpg\" alt=\"\" width=\"1600\" height=\"1596\" srcset=\"https:\/\/uenf.br\/cbb\/cooex\/files\/2026\/04\/Apresetacao-da-Colecao-de-madeiras.jpg 1600w, https:\/\/uenf.br\/cbb\/cooex\/files\/2026\/04\/Apresetacao-da-Colecao-de-madeiras-300x300.jpg 300w, https:\/\/uenf.br\/cbb\/cooex\/files\/2026\/04\/Apresetacao-da-Colecao-de-madeiras-1024x1021.jpg 1024w, https:\/\/uenf.br\/cbb\/cooex\/files\/2026\/04\/Apresetacao-da-Colecao-de-madeiras-150x150.jpg 150w, https:\/\/uenf.br\/cbb\/cooex\/files\/2026\/04\/Apresetacao-da-Colecao-de-madeiras-768x766.jpg 768w, https:\/\/uenf.br\/cbb\/cooex\/files\/2026\/04\/Apresetacao-da-Colecao-de-madeiras-1536x1532.jpg 1536w, https:\/\/uenf.br\/cbb\/cooex\/files\/2026\/04\/Apresetacao-da-Colecao-de-madeiras-1200x1197.jpg 1200w, https:\/\/uenf.br\/cbb\/cooex\/files\/2026\/04\/Apresetacao-da-Colecao-de-madeiras-320x319.jpg 320w, https:\/\/uenf.br\/cbb\/cooex\/files\/2026\/04\/Apresetacao-da-Colecao-de-madeiras-400x400.jpg 400w\" sizes=\"auto, (max-width: 1600px) 100vw, 1600px\" \/><p id=\"caption-attachment-288\" class=\"wp-caption-text\">Apreseta\u00e7\u00e3o da Cole\u00e7\u00e3o de madeiras<\/p><\/div>\n<div id=\"attachment_289\" style=\"width: 1210px\" class=\"wp-caption aligncenter\"><img loading=\"lazy\" decoding=\"async\" aria-describedby=\"caption-attachment-289\" class=\"wp-image-289 size-full\" src=\"http:\/\/uenf.br\/cbb\/cooex\/files\/2026\/04\/Atividades-em-atividades-em-feiras-fora-da-instituicao.jpg\" alt=\"\" width=\"1200\" height=\"1600\" srcset=\"https:\/\/uenf.br\/cbb\/cooex\/files\/2026\/04\/Atividades-em-atividades-em-feiras-fora-da-instituicao.jpg 1200w, https:\/\/uenf.br\/cbb\/cooex\/files\/2026\/04\/Atividades-em-atividades-em-feiras-fora-da-instituicao-225x300.jpg 225w, https:\/\/uenf.br\/cbb\/cooex\/files\/2026\/04\/Atividades-em-atividades-em-feiras-fora-da-instituicao-768x1024.jpg 768w, https:\/\/uenf.br\/cbb\/cooex\/files\/2026\/04\/Atividades-em-atividades-em-feiras-fora-da-instituicao-1152x1536.jpg 1152w, https:\/\/uenf.br\/cbb\/cooex\/files\/2026\/04\/Atividades-em-atividades-em-feiras-fora-da-instituicao-320x427.jpg 320w\" sizes=\"auto, (max-width: 1200px) 100vw, 1200px\" \/><p id=\"caption-attachment-289\" class=\"wp-caption-text\">Atividades em feiras fora da institui\u00e7\u00e3o<\/p><\/div>\n<p>&nbsp;<\/p>\n","protected":false},"excerpt":{"rendered":"<p>Planejamento e divulga\u00e7\u00e3o de Cole\u00e7\u00f5es bot\u00e2nicas da UENF: A Xiloteca seu emprego no ensino pesquisa e extens\u00e3o no norte noroeste&#8230;<\/p>\n","protected":false},"author":33,"featured_media":0,"parent":0,"menu_order":0,"comment_status":"closed","ping_status":"closed","template":"","meta":{"footnotes":""},"class_list":["post-280","page","type-page","status-publish","hentry"],"_links":{"self":[{"href":"https:\/\/uenf.br\/cbb\/cooex\/wp-json\/wp\/v2\/pages\/280","targetHints":{"allow":["GET"]}}],"collection":[{"href":"https:\/\/uenf.br\/cbb\/cooex\/wp-json\/wp\/v2\/pages"}],"about":[{"href":"https:\/\/uenf.br\/cbb\/cooex\/wp-json\/wp\/v2\/types\/page"}],"author":[{"embeddable":true,"href":"https:\/\/uenf.br\/cbb\/cooex\/wp-json\/wp\/v2\/users\/33"}],"replies":[{"embeddable":true,"href":"https:\/\/uenf.br\/cbb\/cooex\/wp-json\/wp\/v2\/comments?post=280"}],"version-history":[{"count":0,"href":"https:\/\/uenf.br\/cbb\/cooex\/wp-json\/wp\/v2\/pages\/280\/revisions"}],"wp:attachment":[{"href":"https:\/\/uenf.br\/cbb\/cooex\/wp-json\/wp\/v2\/media?parent=280"}],"curies":[{"name":"wp","href":"https:\/\/api.w.org\/{rel}","templated":true}]}}