{"id":2,"date":"2025-09-12T11:29:20","date_gmt":"2025-09-12T14:29:20","guid":{"rendered":"https:\/\/uenf.br\/cbb\/eletrofisiologia-bioeletrogenese\/?page_id=2"},"modified":"2025-09-15T16:11:10","modified_gmt":"2025-09-15T19:11:10","slug":"apresentacao","status":"publish","type":"page","link":"https:\/\/uenf.br\/cbb\/eletrofisiologia-bioeletrogenese\/","title":{"rendered":"Apresenta\u00e7\u00e3o"},"content":{"rendered":"\r\n<p>A <strong>Plataforma Multiusu\u00e1ria de Eletrofisiologia e Bioeletrog\u00eanese Experimental (PMEBE)<\/strong> \u00e9 uma infraestrutura pioneira no Brasil dedicada a an\u00e1lises de fluxos i\u00f4nicos em sistemas biol\u00f3gicos. Ela conta com os equipamentos b\u00e1sicos e necess\u00e1rios para a an\u00e1lise do fluxo e concentra\u00e7\u00e3o de \u00edons, como o extrator de micropipetas (P-97, Sutter Instruments) utilizado na confec\u00e7\u00e3o de microeletrodos seletivos a \u00edons a partir de capilares de borossilicato e o Scanning Ion Selective Electrode Technique (SIET, Applicable Electronics) composto por um sistema eletr\u00f4nico de controle de movimento (CMC-4) e um amplificador polarogr\u00e1fico (IPA-2 Ion) para a detec\u00e7\u00e3o da tens\u00e3o el\u00e9trica em microambientes pr\u00f3ximos a sistemas biol\u00f3gicos em tempo real de forma n\u00e3o-invasiva e com alta resolu\u00e7\u00e3o espacial. O fluxo i\u00f4nico \u00e9 determinada pela Lei de Fick a partir do gradiente de concentra\u00e7\u00e3o \u00edon-espec\u00edfico. O estudo dos gradientes i\u00f4nicos e potenciais el\u00e9tricos permite compreender a regula\u00e7\u00e3o no desenvolvimento e as respostas a est\u00edmulos ambientais de c\u00e9lulas, tecidos e organismos.<\/p>\r\n<p>&nbsp;<\/p>\r\n<div id=\"attachment_13\" style=\"width: 747px\" class=\"wp-caption aligncenter\"><img loading=\"lazy\" decoding=\"async\" aria-describedby=\"caption-attachment-13\" class=\" wp-image-13\" src=\"http:\/\/uenf.br\/cbb\/eletrofisiologia-bioeletrogenese\/files\/2025\/09\/Apresentac\u0327a\u0303o1-300x169.jpg\" alt=\"\" width=\"737\" height=\"415\" srcset=\"https:\/\/uenf.br\/cbb\/eletrofisiologia-bioeletrogenese\/files\/2025\/09\/Apresentac\u0327a\u0303o1-300x169.jpg 300w, https:\/\/uenf.br\/cbb\/eletrofisiologia-bioeletrogenese\/files\/2025\/09\/Apresentac\u0327a\u0303o1-768x432.jpg 768w, https:\/\/uenf.br\/cbb\/eletrofisiologia-bioeletrogenese\/files\/2025\/09\/Apresentac\u0327a\u0303o1-320x180.jpg 320w, https:\/\/uenf.br\/cbb\/eletrofisiologia-bioeletrogenese\/files\/2025\/09\/Apresentac\u0327a\u0303o1.jpg 960w\" sizes=\"auto, (max-width: 737px) 100vw, 737px\" \/><p id=\"caption-attachment-13\" class=\"wp-caption-text\">Plataforma Scanning Ion Selective Electrode Technique\/ LBCT\/ CBB\/ UENF.<\/p><\/div>\r\n<p>&nbsp;<\/p>\r\n<p>A versatilidade da t\u00e9cnica permite a an\u00e1lise em diferentes modelos biol\u00f3gicos, abrangendo desde microrganismos, plantas, culturas celulares e tecidos animais e vegetais, possibilitando ainda o estudo de intera\u00e7\u00f5es biol\u00f3gicas complexas, como rela\u00e7\u00f5es simbi\u00f3ticas, respostas a estresses ambientais, comunica\u00e7\u00e3o c\u00e9lula-c\u00e9lula, mecanismos de defesa e sinaliza\u00e7\u00e3o metab\u00f3lica integrada entre diferentes sistemas. Essa flexibilidade metodol\u00f3gica possibilita a investiga\u00e7\u00e3o comparativa de processos fisiol\u00f3gicos em distintos organismos, contribuindo para o avan\u00e7o do conhecimento sobre a homeostase i\u00f4nica e a sinaliza\u00e7\u00e3o celular.<\/p>\r\n<div id=\"attachment_40\" style=\"width: 761px\" class=\"wp-caption aligncenter\"><img loading=\"lazy\" decoding=\"async\" aria-describedby=\"caption-attachment-40\" class=\"wp-image-40\" src=\"http:\/\/uenf.br\/cbb\/eletrofisiologia-bioeletrogenese\/files\/2025\/09\/Captura-de-Tela-2025-09-15-a\u0300s-10.37.18-300x80.png\" alt=\"\" width=\"751\" height=\"200\" srcset=\"https:\/\/uenf.br\/cbb\/eletrofisiologia-bioeletrogenese\/files\/2025\/09\/Captura-de-Tela-2025-09-15-a\u0300s-10.37.18-300x80.png 300w, https:\/\/uenf.br\/cbb\/eletrofisiologia-bioeletrogenese\/files\/2025\/09\/Captura-de-Tela-2025-09-15-a\u0300s-10.37.18-320x86.png 320w, https:\/\/uenf.br\/cbb\/eletrofisiologia-bioeletrogenese\/files\/2025\/09\/Captura-de-Tela-2025-09-15-a\u0300s-10.37.18.png 707w\" sizes=\"auto, (max-width: 751px) 100vw, 751px\" \/><p id=\"caption-attachment-40\" class=\"wp-caption-text\">Diversos modelos biol\u00f3gicos podem ser analisados na plataforma. As imagens ilustram alguns exemplos, como cultura de c\u00e9lulas tumorais e regi\u00f5es radiculares de plantas.<\/p><\/div>\r\n","protected":false},"excerpt":{"rendered":"<p>A Plataforma Multiusu\u00e1ria de Eletrofisiologia e Bioeletrog\u00eanese Experimental (PMEBE) \u00e9 uma infraestrutura pioneira no Brasil dedicada a an\u00e1lises de fluxos&#8230;<\/p>\n","protected":false},"author":30,"featured_media":0,"parent":0,"menu_order":0,"comment_status":"closed","ping_status":"open","template":"","meta":{"footnotes":""},"class_list":["post-2","page","type-page","status-publish","hentry"],"_links":{"self":[{"href":"https:\/\/uenf.br\/cbb\/eletrofisiologia-bioeletrogenese\/wp-json\/wp\/v2\/pages\/2","targetHints":{"allow":["GET"]}}],"collection":[{"href":"https:\/\/uenf.br\/cbb\/eletrofisiologia-bioeletrogenese\/wp-json\/wp\/v2\/pages"}],"about":[{"href":"https:\/\/uenf.br\/cbb\/eletrofisiologia-bioeletrogenese\/wp-json\/wp\/v2\/types\/page"}],"author":[{"embeddable":true,"href":"https:\/\/uenf.br\/cbb\/eletrofisiologia-bioeletrogenese\/wp-json\/wp\/v2\/users\/30"}],"replies":[{"embeddable":true,"href":"https:\/\/uenf.br\/cbb\/eletrofisiologia-bioeletrogenese\/wp-json\/wp\/v2\/comments?post=2"}],"version-history":[{"count":0,"href":"https:\/\/uenf.br\/cbb\/eletrofisiologia-bioeletrogenese\/wp-json\/wp\/v2\/pages\/2\/revisions"}],"wp:attachment":[{"href":"https:\/\/uenf.br\/cbb\/eletrofisiologia-bioeletrogenese\/wp-json\/wp\/v2\/media?parent=2"}],"curies":[{"name":"wp","href":"https:\/\/api.w.org\/{rel}","templated":true}]}}