{"id":117,"date":"2014-11-07T20:04:25","date_gmt":"2014-11-07T20:04:25","guid":{"rendered":"http:\/\/uenf.br\/cbb\/herbario\/?page_id=117"},"modified":"2026-04-01T12:58:37","modified_gmt":"2026-04-01T12:58:37","slug":"artigos-cientificos","status":"publish","type":"page","link":"https:\/\/uenf.br\/cbb\/herbario\/publicacoes\/artigos-cientificos\/","title":{"rendered":"Artigos cient\u00edficos"},"content":{"rendered":"<p><strong data-start=\"82\" data-end=\"174\">MARCON, Samantha F.; GOMES, M\u00e1rio; ZAPPI, Daniela C.; MC COVRE, Jo\u00e3o; BRUNIERA, Carla P.<\/strong> Tr\u00eas novas esp\u00e9cies de <em data-start=\"198\" data-end=\"206\">Rudgea<\/em> Salisb. (Palicoureeae, Rubiaceae) da Mata Atl\u00e2ntica do sudeste do Brasil, um centro de diversidade para o g\u00eanero.<a href=\"https:\/\/phytotaxa.mapress.com\/pt\/article\/view\/phytotaxa.749.3.3\">https:\/\/phytotaxa.mapress.com\/pt\/article\/view\/phytotaxa.749.3.3<\/a><\/p>\n<p>COVRE, J. M. C.; COUTO, D. R.; FRANCISCO, T. M.; NASCIMENTO, M. T.; DIAS, H. M. <em data-start=\"156\" data-end=\"318\">Woody vegetation in Atlantic Forest inselbergs: floristic similarity, patterns of richness, pollination\/dispersal syndromes, and influence of climatic variables<\/em>. <strong data-start=\"320\" data-end=\"340\">Biota Neotropica<\/strong>, v. 25, n. 3, e20251796, 2025. Dispon\u00edvel em: <a class=\"decorated-link\" href=\"https:\/\/mail.google.com\/mail\/u\/2\/#inbox\/FMfcgzQgKvLWFwbRqrBNJxXfDbQQSplV?projector=1&amp;messagePartId=0.2\" target=\"_new\" rel=\"noopener\" data-start=\"387\" data-end=\"433\">https:\/\/doi.org\/10.1590\/1676-0611-BN-2025-1796.\u00a0<\/a><\/p>\n<p>SANTORO, F. R.; PAIVA, J. G.; HONORATO, L. G.; HORA, M. L. da; NASCIMENTO, M. C.; NASCIMENTO, M. T. <em data-start=\"250\" data-end=\"423\">Exotic and native medicinal plants used by Quilombola communities in the Atlantic Forest: popularity, versatility and exclusivity as proxies for medicinal keystone species<\/em>.\u00a0<a href=\"https:\/\/ethnobioconservation.com\/index.php\/ebc\/article\/view\/1104\">https:\/\/ethnobioconservation.com\/index.php\/ebc\/article\/view\/1104<\/a><\/p>\n<p>BROGGIO, I. S. <em data-start=\"86\" data-end=\"94\">et al.<\/em> <em data-start=\"95\" data-end=\"206\">Quantifying landscape fragmentation and forest carbon dynamics over 35 years in the Brazilian Atlantic Forest<\/em>. <strong data-start=\"208\" data-end=\"242\">Environmental Research Letters<\/strong>, v. 19, 034047, 2024.\u00a0<a href=\"https:\/\/iopscience.iop.org\/article\/10.1088\/1748-9326\/ad281c\">https:\/\/iopscience.iop.org\/article\/10.1088\/1748-9326\/ad281c<\/a><\/p>\n<p>REIS, B. N. dos; NASCIMENTO, M. T. <em data-start=\"105\" data-end=\"203\">Atributos funcionais na restaura\u00e7\u00e3o ecol\u00f3gica em florestas tropicais: estrat\u00e9gias e perspectivas<\/em>. <strong data-start=\"205\" data-end=\"267\">Revista Cient\u00edfica Multidisciplinar N\u00facleo do Conhecimento<\/strong>, ano 9, ed. 2, v. 1, p. 153-175.\u00a0<a href=\"https:\/\/www.nucleodoconhecimento.com.br\/biologia\/restauracao-ecologica-emflorestas\">https:\/\/www.nucleodoconhecimento.com.br\/biologia\/restauracao-ecologica-emflorestas<\/a><\/p>\n<p>REIS, M. P.; UMBELINO, L. F.; NASCIMENTO, M. T. <em data-start=\"144\" data-end=\"234\">An\u00e1lise de vegeta\u00e7\u00e3o em planos de manejo de Unidades de Conserva\u00e7\u00e3o em \u00e1reas de restinga<\/em>. RA\u2019EGA, Curitiba, PR, V.51, p. 3\u201316, 2021.<br \/>\n<a href=\"https:\/\/revistas.ufpr.br\/raega\" target=\"_blank\" rel=\"noopener\" data-saferedirecturl=\"https:\/\/www.google.com\/url?q=https:\/\/revistas.ufpr.br\/raega&amp;source=gmail&amp;ust=1775131170765000&amp;usg=AOvVaw3WUSlZueIH6-Db74eZMrcG\">https:\/\/revistas.ufpr.br\/raega<\/a>\u00a0DOI:\u00a0<a href=\"http:\/\/dx.doi.org\/10.5380\/raega.v51i0.66295\" target=\"_blank\" rel=\"noopener\" data-saferedirecturl=\"https:\/\/www.google.com\/url?q=http:\/\/dx.doi.org\/10.5380\/raega.v51i0.66295&amp;source=gmail&amp;ust=1775131170765000&amp;usg=AOvVaw0Yy6Qxk4Ujc9z8BFG8IHAg\">http:\/\/dx.doi.org\/10.5380\/<wbr \/>raega.v51i0.66295<\/a><\/p>\n<p>SANTOS, P. M.; NASCIMENTO, M. T. <em data-start=\"117\" data-end=\"214\">Homogeneiza\u00e7\u00e3o bi\u00f3tica em comunidades arb\u00f3reas das florestas tropicais: uma revis\u00e3o sistem\u00e1tica<\/em>. <strong data-start=\"216\" data-end=\"278\">Revista Cient\u00edfica Multidisciplinar N\u00facleo do Conhecimento<\/strong>, ano 8, ed. 8, v. 4, p. 50-77, ago. 2023. Dispon\u00edvel em: <a class=\"decorated-link\" href=\"https:\/\/www.nucleodoconhecimento.com.br\/biologia\/homogeneizacao-biotica\" target=\"_new\" rel=\"noopener\" data-start=\"336\" data-end=\"407\">https:\/\/www.nucleodoconhecimento.com.br\/biologia\/homogeneizacao-biotica<\/a>. DOI: <a class=\"decorated-link cursor-pointer\" target=\"_new\" rel=\"noopener\" data-start=\"414\" data-end=\"498\">https:\/\/doi.org\/10.32749\/nucleodoconhecimento.com.br\/biologia\/homogeneizacao-biotica<\/a>.<\/p>\n<p>SILVA, L. J. da; NASCIMENTO, M. T. <em data-start=\"106\" data-end=\"233\">Fatores que atuam na variabilidade flor\u00edstica do estrato arb\u00f3reo: uma revis\u00e3o para o hotspot de biodiversidade Mata Atl\u00e2ntica<\/em>. <strong data-start=\"235\" data-end=\"274\">Revista Cient\u00edfica Multidisciplinar<\/strong>, v. 17, n. 2, 2024. DOI: <a class=\"decorated-link cursor-pointer\" target=\"_new\" rel=\"noopener\" data-start=\"300\" data-end=\"342\">https:\/\/doi.org\/10.55905\/revconv.17n.2-169<\/a>.<\/p>\n<p>Patr\u00edcia Marques Santos ; Claudio Belmonte de Athayde Bohrer ; Marcelo Trindade Nascimento.\u00a0 Impacts of land use and land cover changes in phytophysiognomies in the atlantic forest. <a href=\"https:\/\/uenf.br\/cbb\/herbario\/files\/2024\/04\/Impacts-of-land-use-and-land-covers-changes_Marques_et-al_2024.pdf\">Impacts of land use and land covers changes_Marques_et al_2024<\/a><\/p>\n<p>FERREIRA, I. J. M. et al. Potential aboveground biomass increase in Brazilian Atlantic Forest fragments with climate change. <b>Global Change Biology<\/b>, v. 29, n. 11, p. 3098\u20133113, 1 jun. 2023.<a href=\"https:\/\/onlinelibrary.wiley.com\/doi\/epdf\/10.1111\/gcb.16670\">https:\/\/onlinelibrary.wiley.com\/doi\/epdf\/10.1111\/gcb.16670<\/a><\/p>\n<p>DAYVID RODRIGUES COUTO; TALITHA MAYUMI FRANCISCO; MARCELO TRINDADE NASCIMENTO. Commensalistic epiphyte\u2013phorophyte networks in woody vegetation of tropical inselbergs: Patterns of organization and structure. v. 47, n. 5, p. 911\u2013927, 21 abr. 2022. <a href=\"https:\/\/onlinelibrary.wiley.com\/doi\/pdf\/10.1111\/aec.13173\">https:\/\/onlinelibrary.wiley.com\/doi\/pdf\/10.1111\/aec.13173<\/a><\/p>\n<p>MIRANDA, B. et al. Are liana communities in linear canopy openings subject to edge effects? v. 223, n. 8, p. 1023\u20131034, 29 jul. 2022. <a href=\"https:\/\/link.springer.com\/article\/10.1007\/s11258-022-01253-6\">https:\/\/link.springer.com\/article\/10.1007\/s11258-022-01253-6<\/a><\/p>\n<p>RIBEIRO, I. F.; MENEZES, L. F. T. DE; NASCIMENTO, M. T. Facilitation between plants and the use of facilitating species as an ecological restoration strategy. <b>Revista Cient\u00edfica Multidisciplinar N\u00facleo do Conhecimento<\/b>, p. 151\u2013169, 13 mar. 2023.<a href=\"https:\/\/www.nucleodoconhecimento.com.br\/wp-content\/uploads\/2023\/03\/ecological-restoration-2.pdf\">https:\/\/www.nucleodoconhecimento.com.br\/wp-content\/uploads\/2023\/03\/ecological-restoration-2.pdf<\/a><\/p>\n<p>RIBEIRO, Douglas Rodrigues; SILVA, Jos\u00e9 Luiz Alves; NASCIMENTO, Marcelo Trindade; VIT\u00d3RIA, \u00c2ngela Pierre.<a href=\"https:\/\/uenf.br\/cbb\/herbario\/files\/2022\/03\/Leaf-Habits-and-their-relationship_Ribeiro_et_al_2021_Trees.pdf\">Leaf Habits and their relationship_Ribeiro_et_al_2021_Trees<\/a><\/p>\n<p>COUTO, Dayvid Rodrigues; DAN, M\u00e1rcio Lima; AGUIAR, Willian Moura; BRAGA, Jo\u00e3o Marcelo Alvarenga; NASCIMENTO, Marcelo Trindade.<a href=\"https:\/\/uenf.br\/cbb\/herbario\/files\/2022\/03\/Floristic-composition-structure-and-species-area-relationships-on-a-neotropical-inselberg-in-southeastern-Brazil_Couto_et_al_2021.pdf\">Floristic composition, structure and species-area relationships on a neotropical inselberg in southeastern Brazil_Couto_et_al_2021<\/a><\/p>\n<p>FORTES, Elenice Aparecida; NASCIMENTO, Marcelo Trindade, LIMA, Haroldo Cavalcante de. Leguminosas Arb\u00f3reas em Floresta Estacional Semidecidual de Tabuleiros Costeiros do Estado do Rio de Janeiro. <a href=\"https:\/\/drive.google.com\/file\/d\/18dzeM3QbkPqRxNol0me1qzhDtGGJ7mY-\/view\">https:\/\/drive.google.com\/file\/d\/18dzeM3QbkPqRxNol0me1qzhDtGGJ7mY-\/view<\/a><\/p>\n<p>LOUREIRO, Nathalie; SOUZA, Tatiane Pereira; NASCIMENTO, Daniel Ferreira, NASCIMENTO, Marcelo Trindade. Survival, seedlings growth and natural regeneration in areas<br \/>\nunder ecological restoration in a sandy coastal plain<br \/>\n(restinga) of southeastern Brazil.\u00a0 <a href=\"https:\/\/uenf.br\/cbb\/herbario\/files\/2021\/11\/Loureiro_et_al_2021_RESTORATION-IN-A-BRAZILIAN-RESTINGA.pdf\">Loureiro_et_al_2021_RESTORATION IN A BRAZILIAN RESTINGA.<\/a><\/p>\n<p>MACHADO, D.N.S., NASCIMENTO, M.T., BARROS, A.A.M., SARTORI, R.A., BOHRER, C.B.A.,<br \/>\nPENNINGTON, R.T., LIMA, H.C. <a href=\"https:\/\/uenf.br\/cbb\/herbario\/files\/2021\/11\/Leguminosae-tree-species-diversity-in-coastal-forests-of-Rio-de-Janeiro-Brazil_Machado_et_al_2021.pdf\">Leguminosae tree species diversity in coastal forests of Rio de Janeiro, Brazil_Machado_et_al_2021<\/a><\/p>\n<p>PEREIRA, R. S., PEREIRA, M. S., VIANA, M. B., NASCIMENTO, M. C., &amp; NASCIMENTO, M. T. (2021). <a href=\"https:\/\/uenf.br\/cbb\/herbario\/files\/2021\/08\/Herbario-HUENF-BP-Materias-v2-p32-36-2021_final.pdf\">Herb\u00e1rio HUENF buscando amenizar os impactos da Pandemia de COVID-19 divulgando bot\u00e2nica pelo.<\/a> Bot\u00e2nica P\u00fablica, 2, 32\u201336.<\/p>\n<p>REIS, Marcelo Paix\u00e3o.; VIEIRA, Yasmim Maia da Rocha; VIANA, Maryana Belan; CARVALHO, Waleska Soares Gomes de; NASCIMENTO, Marcelo Trindade. <a href=\"http:\/\/periodicos.unisanta.br\/index.php\/bio\/article\/view\/976\/915\">Herb\u00e1rio do Centro de Bioci\u00eancias e Biotecnologia da Universidade Estadual do Norte Fluminense Darcy Ribeiro (HUENF): 12 anos de atividades de extens\u00e3o.<\/a> UNISANTA Bioscience Vol. 6 n\u00ba 5 \u2013 Edi\u00e7\u00e3o Especial 2017.<\/p>\n<p>CARVALHO, Fabr\u00edcio Alvim; BRAGA, Jo\u00e3o Marcelo Alvarenga; NASCIMENTO, Marcelo Trindade.<span style=\"text-decoration: underline\"> <a href=\"https:\/\/www.researchgate.net\/publication\/283280629_Tree_structure_and_diversity_of_lowland_Atlantic_forest_fragments_comparison_of_disturbed_and_undisturbed_remnants\">Tree structure and diversity of lowland Atlantic forest fragments: comparison of disturbed and undisturbed remnants. <\/a><\/span>Journal of forestry research, v. 27, n. 3, p. 605-609, 2015.<\/p>\n<p>NASCIMENTO, Marcelo Trindade; CUNHA, Maura da<span style=\"text-decoration: underline\"><a href=\"http:\/\/periodicos.unisanta.br\/index.php\/bio\/article\/view\/548\">. Herb\u00e1rio do Centro de Bioci\u00eancia e Biotecnologia, Rio de Janeiro (UENF).\u00a0<\/a><\/span>UNISANTA Bioscience Vol. 4 \u2013 n\u00ba 6 \u2013 Edi\u00e7\u00e3o Especial 2015.<\/p>\n<p>&nbsp;<\/p>\n<p>NASCIMENTO, Marcelo Trindade; ROCHA, Daniela Maia da.; SILVA, Larah Alves; FAITANIN, Mariana Alves. <span style=\"color: #003366\"><a style=\"color: #003366;text-decoration: underline\" href=\"http:\/\/media.wix.com\/ugd\/caa1ed_1fe3e5bdf0bc4eb08b96d85a2fbd0929.pdf\">O Herb\u00e1rio Uenf como Espa\u00e7o n\u00e3o Formal para o Ensino da Biodiversidade do Norte\/Noroeste Fluminense: 10 Anos De Atividades<\/a>. <\/span>Revista de Extens\u00e3o UENF, v. 2, n.1.2015.<\/p>\n<p>&nbsp;<\/p>\n<p>CUNHA, Maura da; CAMPBELL, Graziele; PIREDA, Saulo; COSTA, Warlen Silva; CASTELAR, Jo\u00e3o Victor Souza; BORGES, Neilor Lac\u00f4rte; FERREIRA, Gabriel Amaral; MARQUES, Jonas de Brito Campolina; TRINDADE, Fernanda Gomes; GOMES, Igor Campista; GOMES, Valdirene Moreira; RABELO, Gabriel Rabelo.<span style=\"text-decoration: underline\"> <a href=\"http:\/\/media.wix.com\/ugd\/caa1ed_ecf6aa1e77804c24aec23c5e8763119b.pdf\">A Diversidade de \u00c1rvores do Norte &#8211; Noroeste Fluminense: Xiloteca Uma Vis\u00e3o Integrada do Ensino, Pesquisa e Extens\u00e3o.<\/a> <\/span>Revista de Extens\u00e3o UENF, v. 2, n.1.2015.<\/p>\n<p>&nbsp;<\/p>\n<p>ABREU, Karla Maria Pedra de; BRAGA, Jo\u00e3o Marcelo Alvarenga; NASCIMENTO, Marcelo Trindade. <span style=\"text-decoration: underline\"><a href=\"http:\/\/www.seer.ufu.br\/index.php\/biosciencejournal\/article\/view\/22018\/15000\">Tree species diversity of coastal lowland semideciduous forest fragments in northern Rio de Janeiro state, Brazil<\/a><\/span>.\u00a0Biosci. J. Uberlandia, 30(5): 1529-1550, 2014.<\/p>\n<p>PESSANHA, Alexandre Soares; NETO, Luiz Menini; FORZZA, Rafaela Campostrini; NASCIMENTO, Marcelo Trindade. <span style=\"text-decoration: underline\"><a href=\"https:\/\/uenf.br\/cbb\/herbario\/files\/2014\/11\/Composition-and-conservation-of-Orchidaceae-on-an-inselberg-in-the-Brazilian-Atlantic-Forest-and-floristic-relationships-with-areas-of-Eastern-Brazil.-.pdf\">Composition and conservation of Orchidaceae on an inselberg in the Brazilian Atlantic Forest and floristic relationships with areas of Eastern Brazil.<\/a>\u00a0<\/span>Rev. Biol. Trop. 62 (2): 829-841, 2014.<\/p>\n<p>MAUAD, Luana Paula; BUTURI, F\u00e1tima Otavina de Souza; Souza, Tatiane Pereira de; NASCIMENTO, Marcelo Trindade; BRAGA, Jo\u00e3o Marcelo Alvarenga.<span style=\"text-decoration: underline\"> <a href=\"http:\/\/biotaxa.org\/cl\/article\/view\/10.3.706\/9392\">New distribution record and implications for conservation of the endangered <em>Wunderlichia azulensis<\/em> Maguire &amp; G.M. Barroso (Asteraceae: Wunderlichieae).<\/a>\u00a0<\/span>Check List. 10(3): 706\u2013708, 2014.<\/p>\n<p>DAN, Maur\u00edcio Lima; BRAGA, Jo\u00e3o Marcelo Alvarenga; NASCIMENTO, Marcelo Trindade. <span style=\"text-decoration: underline\"><a href=\"http:\/\/rodriguesia-seer.jbrj.gov.br\/index.php\/rodriguesia\/article\/view\/186\/29\">Estrutura da comunidade arb\u00f3rea de fragmentos de floresta estacional semidecidual na bacia hidrogr\u00e1fica do rio S\u00e3o Domingos, Rio de Janeiro, Brasil.<\/a><\/span>\u00a0Rodrigu\u00e9sia, 61(4): 749-766, 2010.<\/p>\n<p>LINS, Beatriz Lacerda Almeida; NASCIMENTO, Marcelo Trindade. <span style=\"text-decoration: underline\"><a href=\"https:\/\/uenf.br\/cbb\/herbario\/files\/2014\/11\/Fenologia-de-Paratecoma-peroba-Bignoniaceae-em-uma-floresta-estacional-semidecidual-do-norte-fluminense-Brasil.pdf\">Fenologia de <em>Paratecoma peroba<\/em> (Bignoniaceae) em uma floresta estacional semidecidual do norte fluminense, Brasil<\/a><\/span>.\u00a0\u00a0Rodrigu\u00e9sia. 61(3): 559-568, 2010.<\/p>\n<p>CARVALHO, Fabr\u00edcio Alvim; NASCIMENTO, Marcelo Trindade; OLIVEIRA-FILHO, Ary Teixeira.<span style=\"text-decoration: underline\"> <a href=\"https:\/\/www.researchgate.net\/publication\/250021134_Composicao_riqueza_e_heterogeneidade_da_flora_arborea_da_bacia_do_Rio_Sao_Joao_RJ_Brasil\">Composi\u00e7\u00e3o, riqueza e heterogeneidade da flora arb\u00f3rea da bacia do rio S\u00e3o Jo\u00e3o, RJ, Brasil.\u00a0<\/a><\/span>Acta bot. bras. 22(4): 929-940. 2008.<\/p>\n<p>CARVALHO, Fabr\u00edcio Alvim; NASCIMENTO, Marcelo Trindade; BRAGA, Jo\u00e3o Marcelo Alvarenga. <span style=\"text-decoration: underline\"><a href=\"http:\/\/www.scielo.br\/scielo.php?pid=s0100-67622007000400017&amp;script=sci_arttext\">Estrutura e composi\u00e7\u00e3o flor\u00edstica do estrato arb\u00f3reo de um remanescente de Mata Atl\u00e2ntica submontana no munic\u00edpio de Rio Bonito, RJ, Brasil (Mata Rio Vermelho).<\/a><\/span>Rev. \u00c1rvore vol. 31 n\u00b0 4, 2007<\/p>\n<p>CARVALHO, Fabr\u00edcio Alvim; NASCIMENTO, Marcelo Trindade; OLIVEIRA-FILHO, Ary Teixeira. <span style=\"text-decoration: underline\"><a href=\"http:\/\/www.scielo.br\/scielo.php?script=sci_arttext&amp;pid=S0102-33062008000400004\">Composi\u00e7\u00e3o, riqueza e heterogeneidade da flora arb\u00f3rea da bacia do rio S\u00e3o Jo\u00e3o, RJ.<\/a><\/span>\u00a0Acta bot. bras. 22(4): 929-940, 2008.<\/p>\n<p>CARVALHO, Fabr\u00edcio Alvim; NASCIMENTO, Marcelo Trindade; BRAGA, Jo\u00e3o Marcelo Alvarenga.<span style=\"text-decoration: underline\"> <a href=\"https:\/\/uenf.br\/cbb\/herbario\/files\/2014\/11\/Composi\u00e7\u00e3o-e-riqueza-flor\u00edstica-do-componente-arb\u00f3reo-da-Floresta-Atl\u00e2ntica-submontana-na-regi\u00e3o-de-Imba\u00fa-Munic\u00edpio-de-Silva-Jardim-RJ.pdf\">Composi\u00e7\u00e3o e riqueza flor\u00edstica do componente arb\u00f3reo da Floresta Atl\u00e2ntica submontana na regi\u00e3o de Imba\u00fa, Munic\u00edpio de Silva Jardim, RJ<\/a><\/span>.\u00a0Acta bot. bras. 20(3): 727-740, 2006.<\/p>\n<p>CARVALHO, Fabr\u00edcio Alvim; BRAGA, Jo\u00e3o Marcelo Alvarenga; GOMES, Jos\u00e9 Manoel L\u00facio; SOUZA, Josival Santos; NASCIMENTO, Marcelo Trindade. <a href=\"https:\/\/uenf.br\/cbb\/herbario\/files\/2014\/11\/Comunidade-arb\u00f3rea-de-uma-floresta-de-baixada-aluvial-no-munic\u00edpio-de-Campos-dos-Goytacazes-RJ.-.pdf\"><span style=\"text-decoration: underline\">Comunidade arb\u00f3rea de uma floresta de baixada aluvial no munic\u00edpio de Campos dos Goytacazes, RJ<\/span>.<\/a>\u00a0 Cerne, Lavras, 12(2): 157-166, 2006.<\/p>\n<p>CARVALHO, Fabr\u00edcio Alvim; NASCIMENTO, Marcelo Trindade; BRAGA, Jo\u00e3o Marcelo Alvarenga, RODRIGUES, Pablo Jos\u00e9 Francisco Pena. <a href=\"https:\/\/uenf.br\/cbb\/herbario\/files\/2014\/11\/Estrutura-da-comunidade-arb\u00f3rea-da-Floresta-Atl\u00e2ntica-de-baixada-periodicamente-inundada-na-Reserva-Biol\u00f3gica-de-Po\u00e7o-das-Antas-Rio-de-Janeiro-Brasil.-.pdf\"><span style=\"text-decoration: underline\">Estrutura da comunidade arb\u00f3rea da Floresta Atl\u00e2ntica de baixada periodicamente inundada na Reserva Biol\u00f3gica de Po\u00e7o das Antas, Rio de Janeiro, Brasil<\/span>.<\/a>\u00a0Rodrigu\u00e9sia<i> <\/i>57 (3): 503-518, 2006.<\/p>\n<p>VILLELA, Dora Maria; NASCIMENTO, Marcelo T.; ARAG\u00c3O, Luiz Eduardo O. C. de; GAMA, Deborah M. da.. <span style=\"text-decoration: underline\"><a href=\"http:\/\/onlinelibrary.wiley.com\/doi\/10.1111\/j.1365-2699.2005.01453.x\/epdf\">Effect of selective logging on forest structure and nutrient cycling in a seasonally dry Brazilian Atlantic forest.<\/a>\u00a0<\/span> Journal of Biogeography (J. Biogeogr.). 33, 506\u2013516, 2006.<\/p>\n<p>MORENO, Marcel R.; NASCIMENTO, Marcelo T.; KURTZ, Bruno C.. <span style=\"text-decoration: underline\"><a href=\"http:\/\/www.scielo.br\/scielo.php?script=sci_arttext&amp;pid=S0102-33062003000300005\">Estrutura e composi\u00e7\u00e3o flor\u00edstica do estrato arb\u00f3reo em duas zonas altitudinais na Mata Atl\u00e2ntica de encosta da regi\u00e3o do imb\u00e9, RJ.<\/a><\/span>\u00a0Acta bot. bras. 17(3): 371-386, 2003.<\/p>\n<p>SILVA, Guilherme C. da; NASCIMENTO, Marcelo Trindade.. <a href=\"https:\/\/uenf.br\/cbb\/herbario\/files\/2014\/11\/Fitossociologia-de-um-remanescente-de-mata-sobre-tabuleiros-no-norte-do-estado-do-Rio-de-Janeiro-Mata-do-Carv\u00e3o.-.pdf\"><span style=\"text-decoration: underline\">Fitossociologia de um remanescente de mata sobre tabuleiros no norte do estado do Rio de Janeiro (Mata do Carv\u00e3o)<\/span>.<\/a>\u00a0Revista Brasil. Bot., S\u00e3o Paulo, 24(1): 51-62, \u00a02001.<\/p>\n<p><span style=\"text-decoration: underline\">\u00a0ASSUMP\u00c7\u00c3O, Jorge &amp; NASCIMENTO, Marcelo Trindade. <a href=\"https:\/\/uenf.br\/cbb\/herbario\/files\/2014\/09\/Estrutura-e-composi\u00e7\u00e3o-floristica-de-quatro-forma\u00e7\u00f5es-vegetais-de-restinga-no-complexo-lagunar-Grussai-Iquipari_S\u00e3o-Jo\u00e3o-da-Barra_RJ_Brasil.pdf\">Estrutura e composi\u00e7\u00e3o flor\u00edstica de quatro forma\u00e7\u00f5es vegetais de restinga no complexo lagunar Grussai\/Iquipari &#8211; S\u00e3o Jo\u00e3o da Barra\/RJ_Brasil<\/a>. <\/span>Acta bot. bras.14(3):301-315.2000.<\/p>\n","protected":false},"excerpt":{"rendered":"<p>MARCON, Samantha F.; GOMES, M\u00e1rio; ZAPPI, Daniela C.; MC COVRE, Jo\u00e3o; BRUNIERA, Carla P. Tr\u00eas novas esp\u00e9cies de Rudgea Salisb&#8230;.<\/p>\n","protected":false},"author":14,"featured_media":0,"parent":18,"menu_order":1,"comment_status":"closed","ping_status":"closed","template":"","meta":{"footnotes":""},"class_list":["post-117","page","type-page","status-publish","hentry"],"_links":{"self":[{"href":"https:\/\/uenf.br\/cbb\/herbario\/wp-json\/wp\/v2\/pages\/117","targetHints":{"allow":["GET"]}}],"collection":[{"href":"https:\/\/uenf.br\/cbb\/herbario\/wp-json\/wp\/v2\/pages"}],"about":[{"href":"https:\/\/uenf.br\/cbb\/herbario\/wp-json\/wp\/v2\/types\/page"}],"author":[{"embeddable":true,"href":"https:\/\/uenf.br\/cbb\/herbario\/wp-json\/wp\/v2\/users\/14"}],"replies":[{"embeddable":true,"href":"https:\/\/uenf.br\/cbb\/herbario\/wp-json\/wp\/v2\/comments?post=117"}],"version-history":[{"count":0,"href":"https:\/\/uenf.br\/cbb\/herbario\/wp-json\/wp\/v2\/pages\/117\/revisions"}],"up":[{"embeddable":true,"href":"https:\/\/uenf.br\/cbb\/herbario\/wp-json\/wp\/v2\/pages\/18"}],"wp:attachment":[{"href":"https:\/\/uenf.br\/cbb\/herbario\/wp-json\/wp\/v2\/media?parent=117"}],"curies":[{"name":"wp","href":"https:\/\/api.w.org\/{rel}","templated":true}]}}