{"id":120,"date":"2014-11-07T20:07:02","date_gmt":"2014-11-07T20:07:02","guid":{"rendered":"http:\/\/uenf.br\/cbb\/herbario\/?page_id=120"},"modified":"2022-06-09T12:12:43","modified_gmt":"2022-06-09T12:12:43","slug":"carpoteca","status":"publish","type":"page","link":"https:\/\/uenf.br\/cbb\/herbario\/apresentacao\/carpoteca\/","title":{"rendered":"Carpoteca"},"content":{"rendered":"<p>A carpoteca do HUENF atualmente \u00e9 composta por exemplares de sementes e frutos coletados principalmente da regi\u00e3o norte e noroeste fluminense, sendo assim um importante acervo para a regi\u00e3o.<\/p>\n<p>Nosso acervo est\u00e1 totalmente digitalizado e dispon\u00edvel no <a href=\"http:\/\/huenf.jbrj.gov.br\/v2\/consulta.php\">JABOT\/UENF<\/a><\/p>\n<p><a href=\"http:\/\/huenf.jbrj.gov.br\/v2\/consulta.php\">http:\/\/huenf.jbrj.gov.br\/v2\/consulta.php<\/a><\/p>\n<p>&nbsp;<\/p>\n<p>&nbsp;<\/p>\n<p><a href=\"https:\/\/uenf.br\/cbb\/herbario\/files\/2014\/11\/20150602_140608.jpg\"><img loading=\"lazy\" decoding=\"async\" class=\"aligncenter wp-image-451\" src=\"https:\/\/uenf.br\/cbb\/herbario\/files\/2014\/11\/20150602_140608.jpg\" alt=\"20150602_140608\" width=\"441\" height=\"331\" \/><\/a><\/p>\n<p><a href=\"https:\/\/uenf.br\/cbb\/herbario\/files\/2014\/11\/20150602_152645.jpg\"><img loading=\"lazy\" decoding=\"async\" class=\" wp-image-452 aligncenter\" src=\"https:\/\/uenf.br\/cbb\/herbario\/files\/2014\/11\/20150602_152645.jpg\" alt=\"20150602_152645\" width=\"433\" height=\"325\" \/><\/a><\/p>\n","protected":false},"excerpt":{"rendered":"<p>A carpoteca do HUENF atualmente \u00e9 composta por exemplares de sementes e frutos coletados principalmente da regi\u00e3o norte e noroeste&#8230;<\/p>\n","protected":false},"author":14,"featured_media":0,"parent":2,"menu_order":5,"comment_status":"closed","ping_status":"open","template":"","meta":{"footnotes":""},"class_list":["post-120","page","type-page","status-publish","hentry"],"_links":{"self":[{"href":"https:\/\/uenf.br\/cbb\/herbario\/wp-json\/wp\/v2\/pages\/120","targetHints":{"allow":["GET"]}}],"collection":[{"href":"https:\/\/uenf.br\/cbb\/herbario\/wp-json\/wp\/v2\/pages"}],"about":[{"href":"https:\/\/uenf.br\/cbb\/herbario\/wp-json\/wp\/v2\/types\/page"}],"author":[{"embeddable":true,"href":"https:\/\/uenf.br\/cbb\/herbario\/wp-json\/wp\/v2\/users\/14"}],"replies":[{"embeddable":true,"href":"https:\/\/uenf.br\/cbb\/herbario\/wp-json\/wp\/v2\/comments?post=120"}],"version-history":[{"count":0,"href":"https:\/\/uenf.br\/cbb\/herbario\/wp-json\/wp\/v2\/pages\/120\/revisions"}],"up":[{"embeddable":true,"href":"https:\/\/uenf.br\/cbb\/herbario\/wp-json\/wp\/v2\/pages\/2"}],"wp:attachment":[{"href":"https:\/\/uenf.br\/cbb\/herbario\/wp-json\/wp\/v2\/media?parent=120"}],"curies":[{"name":"wp","href":"https:\/\/api.w.org\/{rel}","templated":true}]}}