{"id":1592,"date":"2022-05-04T11:37:04","date_gmt":"2022-05-04T11:37:04","guid":{"rendered":"https:\/\/uenf.br\/cbb\/herbario\/?page_id=1592"},"modified":"2026-04-01T13:21:16","modified_gmt":"2026-04-01T13:21:16","slug":"normas-de-funcionamento-do-huenf","status":"publish","type":"page","link":"https:\/\/uenf.br\/cbb\/herbario\/normas-de-funcionamento-do-huenf\/","title":{"rendered":"Normas de funcionamento do HUENF"},"content":{"rendered":"<p>SECRETARIA DE ESTADO DE CI\u00caNCIA, TECNOLOGIA<br \/>\nE INOVA\u00c7\u00c3O<br \/>\nUNIVERSIDADE ESTADUAL DO NORTE FLUMINENSE<br \/>\nDARCY RIBEIRO<br \/>\nCOLEGIADO ACAD\u00caMICO<br \/>\nATO DO PRESIDENTE<br \/>\n*RESOLU\u00c7\u00c3O COLAC N\u00ba 10 DE 23 DE NOVEMBRO DE 2021<br \/>\nESTABELECE AS NORMAS DE FUNCIONAMENTO<br \/>\nDO HERB\u00c1RIO DO CENTRO DE BIOCI\u00caNCIAS<br \/>\nE BIOTECNOLOGIA DA UNIVERSIDADE<br \/>\nESTADUAL DO NORTE FLUMINENESE DARCY<br \/>\nRIBEIRO.<br \/>\nO PRESIDENTE DO COLEGIADO ACAD\u00caMICO DA UNIVERSIDADE<br \/>\nESTADUAL DO NORTE FLUMINENSE DARCY RIBEIRO &#8211; UENF, no<br \/>\nuso de suas atribui\u00e7\u00f5es legais, conforme Decreto n\u00ba 30.672\/2002, tendo<br \/>\nem vista o Processo n\u00ba SEI-260009\/001895\/2021, e o deliberado<\/p>\n<div>pelo COLAC em sua 268\u00aa Reuni\u00e3o Ordin\u00e1ria.<a href=\"https:\/\/uenf.br\/cbb\/herbario\/files\/2022\/05\/Normas_do_Herbario_do_CBB_versao-final-1.pdf\">Normas_do_Herbario_do_CBB_vers\u00e3o final (1)<\/a><\/div>\n","protected":false},"excerpt":{"rendered":"<p>SECRETARIA DE ESTADO DE CI\u00caNCIA, TECNOLOGIA E INOVA\u00c7\u00c3O UNIVERSIDADE ESTADUAL DO NORTE FLUMINENSE DARCY RIBEIRO COLEGIADO ACAD\u00caMICO ATO DO PRESIDENTE&#8230;<\/p>\n","protected":false},"author":14,"featured_media":0,"parent":0,"menu_order":0,"comment_status":"closed","ping_status":"closed","template":"","meta":{"footnotes":""},"class_list":["post-1592","page","type-page","status-publish","hentry"],"_links":{"self":[{"href":"https:\/\/uenf.br\/cbb\/herbario\/wp-json\/wp\/v2\/pages\/1592","targetHints":{"allow":["GET"]}}],"collection":[{"href":"https:\/\/uenf.br\/cbb\/herbario\/wp-json\/wp\/v2\/pages"}],"about":[{"href":"https:\/\/uenf.br\/cbb\/herbario\/wp-json\/wp\/v2\/types\/page"}],"author":[{"embeddable":true,"href":"https:\/\/uenf.br\/cbb\/herbario\/wp-json\/wp\/v2\/users\/14"}],"replies":[{"embeddable":true,"href":"https:\/\/uenf.br\/cbb\/herbario\/wp-json\/wp\/v2\/comments?post=1592"}],"version-history":[{"count":0,"href":"https:\/\/uenf.br\/cbb\/herbario\/wp-json\/wp\/v2\/pages\/1592\/revisions"}],"wp:attachment":[{"href":"https:\/\/uenf.br\/cbb\/herbario\/wp-json\/wp\/v2\/media?parent=1592"}],"curies":[{"name":"wp","href":"https:\/\/api.w.org\/{rel}","templated":true}]}}