{"id":2134,"date":"2024-11-28T19:25:24","date_gmt":"2024-11-28T19:25:24","guid":{"rendered":"https:\/\/uenf.br\/cbb\/herbario\/?page_id=2134"},"modified":"2024-11-28T19:25:24","modified_gmt":"2024-11-28T19:25:24","slug":"colegio-estadual-nicolao-bastos-filho-de-itaperuna","status":"publish","type":"page","link":"https:\/\/uenf.br\/cbb\/herbario\/visitas-ao-herbario\/colegio-estadual-nicolao-bastos-filho-de-itaperuna\/","title":{"rendered":"Col\u00e9gio Estadual Nicolao Bastos Filho de Itaperuna."},"content":{"rendered":"<p>Visita ao Herb\u00e1rio da HUENF, proporcionando aos estudantes do ensino m\u00e9dio do Col\u00e9gio Estadual Nicolao Bastos Filho de Itaperuna, um momento enriquecedor de aprendizado cient\u00edfico sobre as cole\u00e7\u00f5es bot\u00e2nicas. Agradecemos a visita!<\/p>\n<p><img loading=\"lazy\" decoding=\"async\" class=\"alignnone size-medium wp-image-2123\" src=\"https:\/\/uenf.br\/cbb\/herbario\/files\/2024\/11\/WhatsApp-Image-2024-11-28-at-15.57.15-550x550.jpeg\" alt=\"\" width=\"550\" height=\"550\" srcset=\"https:\/\/uenf.br\/cbb\/herbario\/files\/2024\/11\/WhatsApp-Image-2024-11-28-at-15.57.15-550x550.jpeg 550w, https:\/\/uenf.br\/cbb\/herbario\/files\/2024\/11\/WhatsApp-Image-2024-11-28-at-15.57.15-800x800.jpeg 800w, https:\/\/uenf.br\/cbb\/herbario\/files\/2024\/11\/WhatsApp-Image-2024-11-28-at-15.57.15-150x150.jpeg 150w, https:\/\/uenf.br\/cbb\/herbario\/files\/2024\/11\/WhatsApp-Image-2024-11-28-at-15.57.15-600x600.jpeg 600w, https:\/\/uenf.br\/cbb\/herbario\/files\/2024\/11\/WhatsApp-Image-2024-11-28-at-15.57.15.jpeg 1080w\" sizes=\"auto, (max-width: 550px) 100vw, 550px\" \/><\/p>\n<p><img loading=\"lazy\" decoding=\"async\" class=\"alignnone size-medium wp-image-2124\" src=\"https:\/\/uenf.br\/cbb\/herbario\/files\/2024\/11\/WhatsApp-Image-2024-11-28-at-15.57.16-1-550x550.jpeg\" alt=\"\" width=\"550\" height=\"550\" srcset=\"https:\/\/uenf.br\/cbb\/herbario\/files\/2024\/11\/WhatsApp-Image-2024-11-28-at-15.57.16-1-550x550.jpeg 550w, https:\/\/uenf.br\/cbb\/herbario\/files\/2024\/11\/WhatsApp-Image-2024-11-28-at-15.57.16-1-800x800.jpeg 800w, https:\/\/uenf.br\/cbb\/herbario\/files\/2024\/11\/WhatsApp-Image-2024-11-28-at-15.57.16-1-150x150.jpeg 150w, https:\/\/uenf.br\/cbb\/herbario\/files\/2024\/11\/WhatsApp-Image-2024-11-28-at-15.57.16-1-600x600.jpeg 600w, https:\/\/uenf.br\/cbb\/herbario\/files\/2024\/11\/WhatsApp-Image-2024-11-28-at-15.57.16-1.jpeg 1080w\" sizes=\"auto, (max-width: 550px) 100vw, 550px\" \/><\/p>\n<p><img loading=\"lazy\" decoding=\"async\" class=\"alignnone size-medium wp-image-2126\" src=\"https:\/\/uenf.br\/cbb\/herbario\/files\/2024\/11\/WhatsApp-Image-2024-11-28-at-15.57.16-550x550.jpeg\" alt=\"\" width=\"550\" height=\"550\" srcset=\"https:\/\/uenf.br\/cbb\/herbario\/files\/2024\/11\/WhatsApp-Image-2024-11-28-at-15.57.16-550x550.jpeg 550w, https:\/\/uenf.br\/cbb\/herbario\/files\/2024\/11\/WhatsApp-Image-2024-11-28-at-15.57.16-800x800.jpeg 800w, https:\/\/uenf.br\/cbb\/herbario\/files\/2024\/11\/WhatsApp-Image-2024-11-28-at-15.57.16-150x150.jpeg 150w, https:\/\/uenf.br\/cbb\/herbario\/files\/2024\/11\/WhatsApp-Image-2024-11-28-at-15.57.16-600x600.jpeg 600w, https:\/\/uenf.br\/cbb\/herbario\/files\/2024\/11\/WhatsApp-Image-2024-11-28-at-15.57.16.jpeg 1080w\" sizes=\"auto, (max-width: 550px) 100vw, 550px\" \/><\/p>\n<p><img loading=\"lazy\" decoding=\"async\" class=\"alignnone size-medium wp-image-2125\" src=\"https:\/\/uenf.br\/cbb\/herbario\/files\/2024\/11\/WhatsApp-Image-2024-11-28-at-15.57.16-2-550x550.jpeg\" alt=\"\" width=\"550\" height=\"550\" srcset=\"https:\/\/uenf.br\/cbb\/herbario\/files\/2024\/11\/WhatsApp-Image-2024-11-28-at-15.57.16-2-550x550.jpeg 550w, https:\/\/uenf.br\/cbb\/herbario\/files\/2024\/11\/WhatsApp-Image-2024-11-28-at-15.57.16-2-800x800.jpeg 800w, https:\/\/uenf.br\/cbb\/herbario\/files\/2024\/11\/WhatsApp-Image-2024-11-28-at-15.57.16-2-150x150.jpeg 150w, https:\/\/uenf.br\/cbb\/herbario\/files\/2024\/11\/WhatsApp-Image-2024-11-28-at-15.57.16-2-600x600.jpeg 600w, https:\/\/uenf.br\/cbb\/herbario\/files\/2024\/11\/WhatsApp-Image-2024-11-28-at-15.57.16-2.jpeg 1080w\" sizes=\"auto, (max-width: 550px) 100vw, 550px\" \/><\/p>\n<p>&nbsp;<\/p>\n<p>&nbsp;<\/p>\n","protected":false},"excerpt":{"rendered":"<p>Visita ao Herb\u00e1rio da HUENF, proporcionando aos estudantes do ensino m\u00e9dio do Col\u00e9gio Estadual Nicolao Bastos Filho de Itaperuna, um&#8230;<\/p>\n","protected":false},"author":14,"featured_media":0,"parent":2122,"menu_order":0,"comment_status":"closed","ping_status":"closed","template":"","meta":{"footnotes":""},"class_list":["post-2134","page","type-page","status-publish","hentry"],"_links":{"self":[{"href":"https:\/\/uenf.br\/cbb\/herbario\/wp-json\/wp\/v2\/pages\/2134","targetHints":{"allow":["GET"]}}],"collection":[{"href":"https:\/\/uenf.br\/cbb\/herbario\/wp-json\/wp\/v2\/pages"}],"about":[{"href":"https:\/\/uenf.br\/cbb\/herbario\/wp-json\/wp\/v2\/types\/page"}],"author":[{"embeddable":true,"href":"https:\/\/uenf.br\/cbb\/herbario\/wp-json\/wp\/v2\/users\/14"}],"replies":[{"embeddable":true,"href":"https:\/\/uenf.br\/cbb\/herbario\/wp-json\/wp\/v2\/comments?post=2134"}],"version-history":[{"count":0,"href":"https:\/\/uenf.br\/cbb\/herbario\/wp-json\/wp\/v2\/pages\/2134\/revisions"}],"up":[{"embeddable":true,"href":"https:\/\/uenf.br\/cbb\/herbario\/wp-json\/wp\/v2\/pages\/2122"}],"wp:attachment":[{"href":"https:\/\/uenf.br\/cbb\/herbario\/wp-json\/wp\/v2\/media?parent=2134"}],"curies":[{"name":"wp","href":"https:\/\/api.w.org\/{rel}","templated":true}]}}