{"id":2139,"date":"2024-12-18T15:08:24","date_gmt":"2024-12-18T15:08:24","guid":{"rendered":"https:\/\/uenf.br\/cbb\/herbario\/?page_id=2139"},"modified":"2025-09-23T20:07:15","modified_gmt":"2025-09-23T20:07:15","slug":"plantas-de-importancia-medicinal-e-cultural-para-os-quilombos-abc","status":"publish","type":"page","link":"https:\/\/uenf.br\/cbb\/herbario\/publicacoes\/plantas-de-importancia-medicinal-e-cultural-para-os-quilombos-abc\/","title":{"rendered":"Plantas de import\u00e2ncia medicinal e cultural para os Quilombos ABC"},"content":{"rendered":"<p><a href=\"https:\/\/uenf.br\/cbb\/herbario\/?page_id=2139&amp;preview=true\">Plantas de import\u00e2ncia medicinal e cultural para os Quilombos ABC<\/a><\/p>\n<p style=\"font-weight: 400\">As plantas medicinais desempenham um papel fundamental nas comunidades quilombolas de todo o Brasil, sendo uma heran\u00e7a cultural passada de gera\u00e7\u00e3o em gera\u00e7\u00e3o. Essas plantas n\u00e3o s\u00e3o apenas recursos naturais, mas tamb\u00e9m s\u00edmbolos de resist\u00eancia e identidade quilombola. O uso de plantas medicinais \u00e9 uma pr\u00e1tica enraizada no conhecimento ancestral, e essencial para a promo\u00e7\u00e3o da sa\u00fade e bem-estar das popula\u00e7\u00f5es quilombolas.<\/p>\n<p><span style=\"font-weight: 400\">A cartilha sobre plantas medicinais dos Quilombos ABC &#8211; Aleluia, Batatal e Cambuc\u00e1 &#8211; fazem parte do projeto de pesquisa &#8220;Plantas medicinais em comunidades Quilombolas de Campos dos Goytacazes: a import\u00e2ncia de esp\u00e9cies ex\u00f3ticas e nativas para popula\u00e7\u00f5es tradicionais\u201d do Herb\u00e1rio da UENF e tem como objetivo registrar e auxiliar na manuten\u00e7\u00e3o do conhecimento sobre plantas medicinais pela popula\u00e7\u00e3o dos Quilombos ABC, na regi\u00e3o do Imb\u00e9. Mais de 200 exemplares foram disponibilizados para as popula\u00e7\u00f5es dos Quilombos ABC e agora ela est\u00e1 dispon\u00edvel na vers\u00e3o on-line, na p\u00e1gina do Herb\u00e1rio,\u00a0<a href=\"https:\/\/uenf.br\/cbb\/herbario\/publicacoes\/\" data-saferedirecturl=\"https:\/\/www.google.com\/url?q=https:\/\/uenf.br\/cbb\/herbario\/publicacoes\/&amp;source=gmail&amp;ust=1734619178359000&amp;usg=AOvVaw3teCRpmlVS-Y-5CzgwhnXz\">https:\/\/uenf.br\/cbb\/herbario\/publicacoes\/<\/a>.<\/span><\/p>\n<p><a href=\"https:\/\/uenf.br\/cbb\/herbario\/files\/2025\/09\/Plantas-nativas-de-importancia-medicinal-e-cultural-para-os-Quilombos-ABC-Versao-Final_contracapabranca-1.pdf\">Plantas nativas de import\u00e2ncia medicinal e cultural para os Quilombos ABC- Vers\u00e3o Final_contracapabranca (1)<\/a><\/p>\n<p><img loading=\"lazy\" decoding=\"async\" class=\"alignnone size-medium wp-image-2141\" src=\"https:\/\/uenf.br\/cbb\/herbario\/files\/2024\/12\/CAPA-DA-CARTILHA-PLANTAS-395x550.png\" alt=\"\" width=\"395\" height=\"550\" srcset=\"https:\/\/uenf.br\/cbb\/herbario\/files\/2024\/12\/CAPA-DA-CARTILHA-PLANTAS-395x550.png 395w, https:\/\/uenf.br\/cbb\/herbario\/files\/2024\/12\/CAPA-DA-CARTILHA-PLANTAS.png 430w\" sizes=\"auto, (max-width: 395px) 100vw, 395px\" \/><\/p>\n","protected":false},"excerpt":{"rendered":"<p>Plantas de import\u00e2ncia medicinal e cultural para os Quilombos ABC As plantas medicinais desempenham um papel fundamental nas comunidades quilombolas&#8230;<\/p>\n","protected":false},"author":14,"featured_media":0,"parent":18,"menu_order":100,"comment_status":"closed","ping_status":"closed","template":"","meta":{"footnotes":""},"class_list":["post-2139","page","type-page","status-publish","hentry"],"_links":{"self":[{"href":"https:\/\/uenf.br\/cbb\/herbario\/wp-json\/wp\/v2\/pages\/2139","targetHints":{"allow":["GET"]}}],"collection":[{"href":"https:\/\/uenf.br\/cbb\/herbario\/wp-json\/wp\/v2\/pages"}],"about":[{"href":"https:\/\/uenf.br\/cbb\/herbario\/wp-json\/wp\/v2\/types\/page"}],"author":[{"embeddable":true,"href":"https:\/\/uenf.br\/cbb\/herbario\/wp-json\/wp\/v2\/users\/14"}],"replies":[{"embeddable":true,"href":"https:\/\/uenf.br\/cbb\/herbario\/wp-json\/wp\/v2\/comments?post=2139"}],"version-history":[{"count":0,"href":"https:\/\/uenf.br\/cbb\/herbario\/wp-json\/wp\/v2\/pages\/2139\/revisions"}],"up":[{"embeddable":true,"href":"https:\/\/uenf.br\/cbb\/herbario\/wp-json\/wp\/v2\/pages\/18"}],"wp:attachment":[{"href":"https:\/\/uenf.br\/cbb\/herbario\/wp-json\/wp\/v2\/media?parent=2139"}],"curies":[{"name":"wp","href":"https:\/\/api.w.org\/{rel}","templated":true}]}}