{"id":242,"date":"2014-12-01T04:51:39","date_gmt":"2014-12-01T04:51:39","guid":{"rendered":"http:\/\/uenf.br\/cbb\/herbario\/?page_id=242"},"modified":"2016-09-01T14:11:06","modified_gmt":"2016-09-01T14:11:06","slug":"exposicao-herbario-uenf-em-italva","status":"publish","type":"page","link":"https:\/\/uenf.br\/cbb\/herbario\/fotos\/exposicao-herbario-uenf-em-italva\/","title":{"rendered":"Exposi\u00e7\u00e3o Herb\u00e1rio-UENF em Italva"},"content":{"rendered":"<p><img loading=\"lazy\" decoding=\"async\" class=\"alignleft size-full wp-image-243\" src=\"https:\/\/uenf.br\/cbb\/herbario\/files\/2014\/12\/DSC03175.jpg\" alt=\"DSC03175\" width=\"800\" height=\"600\" srcset=\"https:\/\/uenf.br\/cbb\/herbario\/files\/2014\/12\/DSC03175.jpg 800w, https:\/\/uenf.br\/cbb\/herbario\/files\/2014\/12\/DSC03175-300x225.jpg 300w, https:\/\/uenf.br\/cbb\/herbario\/files\/2014\/12\/DSC03175-150x112.jpg 150w, https:\/\/uenf.br\/cbb\/herbario\/files\/2014\/12\/DSC03175-400x300.jpg 400w\" sizes=\"auto, (max-width: 800px) 100vw, 800px\" \/> <a href=\"https:\/\/uenf.br\/cbb\/herbario\/files\/2014\/12\/DSC03180.jpg\"><img loading=\"lazy\" decoding=\"async\" class=\"alignleft size-full wp-image-244\" src=\"https:\/\/uenf.br\/cbb\/herbario\/files\/2014\/12\/DSC03180.jpg\" alt=\"DSC03180\" width=\"800\" height=\"600\" srcset=\"https:\/\/uenf.br\/cbb\/herbario\/files\/2014\/12\/DSC03180.jpg 800w, https:\/\/uenf.br\/cbb\/herbario\/files\/2014\/12\/DSC03180-300x225.jpg 300w, https:\/\/uenf.br\/cbb\/herbario\/files\/2014\/12\/DSC03180-150x112.jpg 150w, https:\/\/uenf.br\/cbb\/herbario\/files\/2014\/12\/DSC03180-400x300.jpg 400w\" sizes=\"auto, (max-width: 800px) 100vw, 800px\" \/><\/a> <a href=\"https:\/\/uenf.br\/cbb\/herbario\/files\/2014\/12\/DSC03182.jpg\"><img loading=\"lazy\" decoding=\"async\" class=\"alignleft size-full wp-image-245\" src=\"https:\/\/uenf.br\/cbb\/herbario\/files\/2014\/12\/DSC03182.jpg\" alt=\"DSC03182\" width=\"800\" height=\"600\" srcset=\"https:\/\/uenf.br\/cbb\/herbario\/files\/2014\/12\/DSC03182.jpg 800w, https:\/\/uenf.br\/cbb\/herbario\/files\/2014\/12\/DSC03182-300x225.jpg 300w, https:\/\/uenf.br\/cbb\/herbario\/files\/2014\/12\/DSC03182-150x112.jpg 150w, https:\/\/uenf.br\/cbb\/herbario\/files\/2014\/12\/DSC03182-400x300.jpg 400w\" sizes=\"auto, (max-width: 800px) 100vw, 800px\" \/><\/a> <a href=\"https:\/\/uenf.br\/cbb\/herbario\/files\/2014\/12\/DSC03183.jpg\"><img loading=\"lazy\" decoding=\"async\" class=\"alignleft size-full wp-image-246\" src=\"https:\/\/uenf.br\/cbb\/herbario\/files\/2014\/12\/DSC03183.jpg\" alt=\"DSC03183\" width=\"800\" height=\"600\" srcset=\"https:\/\/uenf.br\/cbb\/herbario\/files\/2014\/12\/DSC03183.jpg 800w, https:\/\/uenf.br\/cbb\/herbario\/files\/2014\/12\/DSC03183-300x225.jpg 300w, https:\/\/uenf.br\/cbb\/herbario\/files\/2014\/12\/DSC03183-150x112.jpg 150w, https:\/\/uenf.br\/cbb\/herbario\/files\/2014\/12\/DSC03183-400x300.jpg 400w\" sizes=\"auto, (max-width: 800px) 100vw, 800px\" \/><\/a> <a href=\"https:\/\/uenf.br\/cbb\/herbario\/files\/2014\/12\/DSC03184.jpg\"><img loading=\"lazy\" decoding=\"async\" class=\"alignleft size-full wp-image-247\" src=\"https:\/\/uenf.br\/cbb\/herbario\/files\/2014\/12\/DSC03184.jpg\" alt=\"DSC03184\" width=\"800\" height=\"600\" srcset=\"https:\/\/uenf.br\/cbb\/herbario\/files\/2014\/12\/DSC03184.jpg 800w, https:\/\/uenf.br\/cbb\/herbario\/files\/2014\/12\/DSC03184-300x225.jpg 300w, https:\/\/uenf.br\/cbb\/herbario\/files\/2014\/12\/DSC03184-150x112.jpg 150w, https:\/\/uenf.br\/cbb\/herbario\/files\/2014\/12\/DSC03184-400x300.jpg 400w\" sizes=\"auto, (max-width: 800px) 100vw, 800px\" \/><\/a> <a href=\"https:\/\/uenf.br\/cbb\/herbario\/files\/2014\/12\/DSC03185.jpg\"><img loading=\"lazy\" decoding=\"async\" class=\"alignleft size-full wp-image-248\" src=\"https:\/\/uenf.br\/cbb\/herbario\/files\/2014\/12\/DSC03185.jpg\" alt=\"DSC03185\" width=\"800\" height=\"600\" srcset=\"https:\/\/uenf.br\/cbb\/herbario\/files\/2014\/12\/DSC03185.jpg 800w, https:\/\/uenf.br\/cbb\/herbario\/files\/2014\/12\/DSC03185-300x225.jpg 300w, https:\/\/uenf.br\/cbb\/herbario\/files\/2014\/12\/DSC03185-150x112.jpg 150w, https:\/\/uenf.br\/cbb\/herbario\/files\/2014\/12\/DSC03185-400x300.jpg 400w\" sizes=\"auto, (max-width: 800px) 100vw, 800px\" \/><\/a> <a href=\"https:\/\/uenf.br\/cbb\/herbario\/files\/2014\/12\/DSC03186.jpg\"><img loading=\"lazy\" decoding=\"async\" class=\"alignleft size-full wp-image-249\" src=\"https:\/\/uenf.br\/cbb\/herbario\/files\/2014\/12\/DSC03186.jpg\" alt=\"DSC03186\" width=\"800\" height=\"600\" srcset=\"https:\/\/uenf.br\/cbb\/herbario\/files\/2014\/12\/DSC03186.jpg 800w, https:\/\/uenf.br\/cbb\/herbario\/files\/2014\/12\/DSC03186-300x225.jpg 300w, https:\/\/uenf.br\/cbb\/herbario\/files\/2014\/12\/DSC03186-150x112.jpg 150w, https:\/\/uenf.br\/cbb\/herbario\/files\/2014\/12\/DSC03186-400x300.jpg 400w\" sizes=\"auto, (max-width: 800px) 100vw, 800px\" \/><\/a><\/p>\n","protected":false},"excerpt":{"rendered":"","protected":false},"author":14,"featured_media":0,"parent":26,"menu_order":5,"comment_status":"closed","ping_status":"open","template":"","meta":{"footnotes":""},"class_list":["post-242","page","type-page","status-publish","hentry"],"_links":{"self":[{"href":"https:\/\/uenf.br\/cbb\/herbario\/wp-json\/wp\/v2\/pages\/242","targetHints":{"allow":["GET"]}}],"collection":[{"href":"https:\/\/uenf.br\/cbb\/herbario\/wp-json\/wp\/v2\/pages"}],"about":[{"href":"https:\/\/uenf.br\/cbb\/herbario\/wp-json\/wp\/v2\/types\/page"}],"author":[{"embeddable":true,"href":"https:\/\/uenf.br\/cbb\/herbario\/wp-json\/wp\/v2\/users\/14"}],"replies":[{"embeddable":true,"href":"https:\/\/uenf.br\/cbb\/herbario\/wp-json\/wp\/v2\/comments?post=242"}],"version-history":[{"count":0,"href":"https:\/\/uenf.br\/cbb\/herbario\/wp-json\/wp\/v2\/pages\/242\/revisions"}],"up":[{"embeddable":true,"href":"https:\/\/uenf.br\/cbb\/herbario\/wp-json\/wp\/v2\/pages\/26"}],"wp:attachment":[{"href":"https:\/\/uenf.br\/cbb\/herbario\/wp-json\/wp\/v2\/media?parent=242"}],"curies":[{"name":"wp","href":"https:\/\/api.w.org\/{rel}","templated":true}]}}