{"id":252,"date":"2014-12-01T04:55:41","date_gmt":"2014-12-01T04:55:41","guid":{"rendered":"http:\/\/uenf.br\/cbb\/herbario\/?page_id=252"},"modified":"2016-09-01T14:11:49","modified_gmt":"2016-09-01T14:11:49","slug":"exposicao-herbario-uenf-em-sao-francisco-de-itabapoana","status":"publish","type":"page","link":"https:\/\/uenf.br\/cbb\/herbario\/fotos\/exposicao-herbario-uenf-em-sao-francisco-de-itabapoana\/","title":{"rendered":"Exposi\u00e7\u00e3o Herb\u00e1rio-UENF em S\u00e3o Francisco de Itabapoana"},"content":{"rendered":"<p><img loading=\"lazy\" decoding=\"async\" class=\"alignleft size-full wp-image-259\" src=\"https:\/\/uenf.br\/cbb\/herbario\/files\/2014\/12\/102_0011.jpg\" alt=\"102_0011\" width=\"800\" height=\"600\" srcset=\"https:\/\/uenf.br\/cbb\/herbario\/files\/2014\/12\/102_0011.jpg 800w, https:\/\/uenf.br\/cbb\/herbario\/files\/2014\/12\/102_0011-300x225.jpg 300w, https:\/\/uenf.br\/cbb\/herbario\/files\/2014\/12\/102_0011-150x112.jpg 150w, https:\/\/uenf.br\/cbb\/herbario\/files\/2014\/12\/102_0011-400x300.jpg 400w\" sizes=\"auto, (max-width: 800px) 100vw, 800px\" \/><a href=\"https:\/\/uenf.br\/cbb\/herbario\/files\/2014\/12\/102_0012.jpg\"><img loading=\"lazy\" decoding=\"async\" class=\"alignleft size-full wp-image-260\" src=\"https:\/\/uenf.br\/cbb\/herbario\/files\/2014\/12\/102_0012.jpg\" alt=\"102_0012\" width=\"800\" height=\"600\" srcset=\"https:\/\/uenf.br\/cbb\/herbario\/files\/2014\/12\/102_0012.jpg 800w, https:\/\/uenf.br\/cbb\/herbario\/files\/2014\/12\/102_0012-300x225.jpg 300w, https:\/\/uenf.br\/cbb\/herbario\/files\/2014\/12\/102_0012-150x112.jpg 150w, https:\/\/uenf.br\/cbb\/herbario\/files\/2014\/12\/102_0012-400x300.jpg 400w\" sizes=\"auto, (max-width: 800px) 100vw, 800px\" \/><\/a> <a href=\"https:\/\/uenf.br\/cbb\/herbario\/files\/2014\/12\/102_0009.jpg\"><img loading=\"lazy\" decoding=\"async\" class=\"alignleft size-full wp-image-258\" src=\"https:\/\/uenf.br\/cbb\/herbario\/files\/2014\/12\/102_0009.jpg\" alt=\"102_0009\" width=\"800\" height=\"600\" srcset=\"https:\/\/uenf.br\/cbb\/herbario\/files\/2014\/12\/102_0009.jpg 800w, https:\/\/uenf.br\/cbb\/herbario\/files\/2014\/12\/102_0009-300x225.jpg 300w, https:\/\/uenf.br\/cbb\/herbario\/files\/2014\/12\/102_0009-150x112.jpg 150w, https:\/\/uenf.br\/cbb\/herbario\/files\/2014\/12\/102_0009-400x300.jpg 400w\" sizes=\"auto, (max-width: 800px) 100vw, 800px\" \/><\/a> <a href=\"https:\/\/uenf.br\/cbb\/herbario\/files\/2014\/12\/102_0008.jpg\"><img loading=\"lazy\" decoding=\"async\" class=\"alignleft size-full wp-image-257\" src=\"https:\/\/uenf.br\/cbb\/herbario\/files\/2014\/12\/102_0008.jpg\" alt=\"102_0008\" width=\"800\" height=\"600\" srcset=\"https:\/\/uenf.br\/cbb\/herbario\/files\/2014\/12\/102_0008.jpg 800w, https:\/\/uenf.br\/cbb\/herbario\/files\/2014\/12\/102_0008-300x225.jpg 300w, https:\/\/uenf.br\/cbb\/herbario\/files\/2014\/12\/102_0008-150x112.jpg 150w, https:\/\/uenf.br\/cbb\/herbario\/files\/2014\/12\/102_0008-400x300.jpg 400w\" sizes=\"auto, (max-width: 800px) 100vw, 800px\" \/><\/a> <a href=\"https:\/\/uenf.br\/cbb\/herbario\/files\/2014\/12\/102_0007.jpg\"><img loading=\"lazy\" decoding=\"async\" class=\"alignleft size-full wp-image-256\" src=\"https:\/\/uenf.br\/cbb\/herbario\/files\/2014\/12\/102_0007.jpg\" alt=\"102_0007\" width=\"800\" height=\"600\" srcset=\"https:\/\/uenf.br\/cbb\/herbario\/files\/2014\/12\/102_0007.jpg 800w, https:\/\/uenf.br\/cbb\/herbario\/files\/2014\/12\/102_0007-300x225.jpg 300w, https:\/\/uenf.br\/cbb\/herbario\/files\/2014\/12\/102_0007-150x112.jpg 150w, https:\/\/uenf.br\/cbb\/herbario\/files\/2014\/12\/102_0007-400x300.jpg 400w\" sizes=\"auto, (max-width: 800px) 100vw, 800px\" \/><\/a> <a href=\"https:\/\/uenf.br\/cbb\/herbario\/files\/2014\/12\/102_0005.jpg\"><img loading=\"lazy\" decoding=\"async\" class=\"alignleft size-full wp-image-255\" src=\"https:\/\/uenf.br\/cbb\/herbario\/files\/2014\/12\/102_0005.jpg\" alt=\"102_0005\" width=\"800\" height=\"600\" srcset=\"https:\/\/uenf.br\/cbb\/herbario\/files\/2014\/12\/102_0005.jpg 800w, https:\/\/uenf.br\/cbb\/herbario\/files\/2014\/12\/102_0005-300x225.jpg 300w, https:\/\/uenf.br\/cbb\/herbario\/files\/2014\/12\/102_0005-150x112.jpg 150w, https:\/\/uenf.br\/cbb\/herbario\/files\/2014\/12\/102_0005-400x300.jpg 400w\" sizes=\"auto, (max-width: 800px) 100vw, 800px\" \/><\/a> <a href=\"https:\/\/uenf.br\/cbb\/herbario\/files\/2014\/12\/102_0003.jpg\"><img loading=\"lazy\" decoding=\"async\" class=\"alignleft size-full wp-image-254\" src=\"https:\/\/uenf.br\/cbb\/herbario\/files\/2014\/12\/102_0003.jpg\" alt=\"102_0003\" width=\"800\" height=\"600\" srcset=\"https:\/\/uenf.br\/cbb\/herbario\/files\/2014\/12\/102_0003.jpg 800w, https:\/\/uenf.br\/cbb\/herbario\/files\/2014\/12\/102_0003-300x225.jpg 300w, https:\/\/uenf.br\/cbb\/herbario\/files\/2014\/12\/102_0003-150x112.jpg 150w, https:\/\/uenf.br\/cbb\/herbario\/files\/2014\/12\/102_0003-400x300.jpg 400w\" sizes=\"auto, (max-width: 800px) 100vw, 800px\" \/><\/a> <img loading=\"lazy\" decoding=\"async\" class=\"alignleft size-full wp-image-253\" src=\"https:\/\/uenf.br\/cbb\/herbario\/files\/2014\/12\/102_0002.jpg\" alt=\"102_0002\" width=\"800\" height=\"600\" srcset=\"https:\/\/uenf.br\/cbb\/herbario\/files\/2014\/12\/102_0002.jpg 800w, https:\/\/uenf.br\/cbb\/herbario\/files\/2014\/12\/102_0002-300x225.jpg 300w, https:\/\/uenf.br\/cbb\/herbario\/files\/2014\/12\/102_0002-150x112.jpg 150w, https:\/\/uenf.br\/cbb\/herbario\/files\/2014\/12\/102_0002-400x300.jpg 400w\" sizes=\"auto, (max-width: 800px) 100vw, 800px\" \/><\/p>\n","protected":false},"excerpt":{"rendered":"","protected":false},"author":14,"featured_media":0,"parent":26,"menu_order":6,"comment_status":"closed","ping_status":"open","template":"","meta":{"footnotes":""},"class_list":["post-252","page","type-page","status-publish","hentry"],"_links":{"self":[{"href":"https:\/\/uenf.br\/cbb\/herbario\/wp-json\/wp\/v2\/pages\/252","targetHints":{"allow":["GET"]}}],"collection":[{"href":"https:\/\/uenf.br\/cbb\/herbario\/wp-json\/wp\/v2\/pages"}],"about":[{"href":"https:\/\/uenf.br\/cbb\/herbario\/wp-json\/wp\/v2\/types\/page"}],"author":[{"embeddable":true,"href":"https:\/\/uenf.br\/cbb\/herbario\/wp-json\/wp\/v2\/users\/14"}],"replies":[{"embeddable":true,"href":"https:\/\/uenf.br\/cbb\/herbario\/wp-json\/wp\/v2\/comments?post=252"}],"version-history":[{"count":0,"href":"https:\/\/uenf.br\/cbb\/herbario\/wp-json\/wp\/v2\/pages\/252\/revisions"}],"up":[{"embeddable":true,"href":"https:\/\/uenf.br\/cbb\/herbario\/wp-json\/wp\/v2\/pages\/26"}],"wp:attachment":[{"href":"https:\/\/uenf.br\/cbb\/herbario\/wp-json\/wp\/v2\/media?parent=252"}],"curies":[{"name":"wp","href":"https:\/\/api.w.org\/{rel}","templated":true}]}}