{"id":26,"date":"2014-09-26T14:36:47","date_gmt":"2014-09-26T14:36:47","guid":{"rendered":"http:\/\/uenf.br\/cbb\/herbario\/?page_id=26"},"modified":"2019-09-09T20:14:12","modified_gmt":"2019-09-09T20:14:12","slug":"fotos","status":"publish","type":"page","link":"https:\/\/uenf.br\/cbb\/herbario\/fotos\/","title":{"rendered":"Fotos"},"content":{"rendered":"<ul>\n<li><a href=\"https:\/\/uenf.br\/cbb\/herbario\/fotos\/mata-do-carvao\/\">Mata do Carv\u00e3o<\/a><\/li>\n<li><a href=\"https:\/\/uenf.br\/cbb\/herbario\/fotos\/restinga-iquipari\/\">Restinga de Iquipari<\/a><\/li>\n<li><a href=\"https:\/\/uenf.br\/cbb\/herbario\/fotos\/mrro-do-itaoca\/\">Morro do Itaoca<\/a><\/li>\n<li><a href=\"https:\/\/uenf.br\/cbb\/herbario\/fotos\/encontro-herbario-uenf-5-anos\/\">Encontro Herb\u00e1rio-UENF 5 anos<\/a><\/li>\n<li><a href=\"https:\/\/uenf.br\/cbb\/herbario\/fotos\/exposicao-herbario-uenf-em-italva\/\">Exposi\u00e7\u00e3o Herb\u00e1rio-UENF em Italva<\/a><\/li>\n<li><a style=\"text-align: center\" href=\"https:\/\/uenf.br\/cbb\/herbario\/fotos\/exposicao-herbario-uenf-em-sao-francisco-de-itabapoana\/\">Exposi\u00e7\u00e3o Herb\u00e1rio-UENF em S\u00e3o Francisco de Itabapoana<\/a><\/li>\n<li><a style=\"text-align: center\" href=\"https:\/\/uenf.br\/cbb\/herbario\/fotos\/participacao-do-herbario-na-exposicao-polinizadores-feira-do-tomate-sao-jose-de-uba\/\">Participa\u00e7\u00e3o do Herb\u00e1rio na Exposi\u00e7\u00e3o Polinizadores &#8211; Feira do Tomate &#8211; S\u00e3o Jos\u00e9 de Ub\u00e1<\/a><\/li>\n<\/ul>\n","protected":false},"excerpt":{"rendered":"<p>Mata do Carv\u00e3o Restinga de Iquipari Morro do Itaoca Encontro Herb\u00e1rio-UENF 5 anos Exposi\u00e7\u00e3o Herb\u00e1rio-UENF em Italva Exposi\u00e7\u00e3o Herb\u00e1rio-UENF em&#8230;<\/p>\n","protected":false},"author":14,"featured_media":0,"parent":0,"menu_order":6,"comment_status":"closed","ping_status":"open","template":"","meta":{"footnotes":""},"class_list":["post-26","page","type-page","status-publish","hentry"],"_links":{"self":[{"href":"https:\/\/uenf.br\/cbb\/herbario\/wp-json\/wp\/v2\/pages\/26","targetHints":{"allow":["GET"]}}],"collection":[{"href":"https:\/\/uenf.br\/cbb\/herbario\/wp-json\/wp\/v2\/pages"}],"about":[{"href":"https:\/\/uenf.br\/cbb\/herbario\/wp-json\/wp\/v2\/types\/page"}],"author":[{"embeddable":true,"href":"https:\/\/uenf.br\/cbb\/herbario\/wp-json\/wp\/v2\/users\/14"}],"replies":[{"embeddable":true,"href":"https:\/\/uenf.br\/cbb\/herbario\/wp-json\/wp\/v2\/comments?post=26"}],"version-history":[{"count":0,"href":"https:\/\/uenf.br\/cbb\/herbario\/wp-json\/wp\/v2\/pages\/26\/revisions"}],"wp:attachment":[{"href":"https:\/\/uenf.br\/cbb\/herbario\/wp-json\/wp\/v2\/media?parent=26"}],"curies":[{"name":"wp","href":"https:\/\/api.w.org\/{rel}","templated":true}]}}