{"id":264,"date":"2014-12-01T12:54:48","date_gmt":"2014-12-01T12:54:48","guid":{"rendered":"http:\/\/uenf.br\/cbb\/herbario\/?page_id=264"},"modified":"2026-03-27T17:37:19","modified_gmt":"2026-03-27T17:37:19","slug":"equipe","status":"publish","type":"page","link":"https:\/\/uenf.br\/cbb\/herbario\/equipe\/","title":{"rendered":"Equipe"},"content":{"rendered":"<h2><span style=\"color: #339966\"><strong>Professores:<\/strong><\/span><\/h2>\n<p><a href=\"http:\/\/lattes.cnpq.br\/3704305950005564\">Dr. Marcelo Trindade Nascimento <\/a><span style=\"text-decoration: underline\">(<\/span>Curador do Herb\u00e1rio) &#8211; <strong>e-mail: mtn@uenf.br<\/strong><\/p>\n<p><a href=\"http:\/\/lattes.cnpq.br\/3555799356851041\">Dr\u00aa. Maura da Cunha<\/a>\u00a0<span style=\"text-decoration: underline\">(<\/span>Sub-curadora do Herb\u00e1rio e respons\u00e1vel pela xiloteca) &#8211;<strong> e-mail: maura@uenf.br<\/strong><\/p>\n<p><a href=\"http:\/\/lattes.cnpq.br\/4395062638468624\">Dr\u00aa. Marina Satika Suzuki <\/a><span style=\"text-decoration: underline\">(<\/span>Curadora da cole\u00e7\u00e3o de macr\u00f3fitas aqu\u00e1ticas) &#8211;<strong> e-mail: marina@uenf.br<\/strong><\/p>\n<p><a href=\"http:\/\/lattes.cnpq.br\/9241728557574246\">Dr\u00aa. Maria Cristina Gaglianone <\/a>(Curadora da palinoteca) &#8211;<strong> e-mail: mccrisgag@uenf.br<\/strong><\/p>\n<h2><span style=\"color: #339966\"><strong>T\u00e9cnicos Administrativos:<\/strong><\/span><\/h2>\n<p>Daniela da Silva Berto\/TNF- <strong>e-mail: daniberto@uenf.br<\/strong><\/p>\n<p>Marcelo Carvalho Figueiredo\/TNE &#8211; <strong>e-mail: figueiredo@uenf.br<\/strong><\/p>\n<h2><span style=\"color: #339966\">Projeto Herb\u00e1rio Itinerante:<\/span><\/h2>\n<p>Gabriela Carvalho de Souza Santos &#8211;<strong> e-mail: santos.gabriela@gsuite.iff.edu.br<\/strong><\/p>\n<p>Luanda Salgado Gomide &#8211;<strong> e-mail: luandagomide.amb@gmail.com<\/strong><\/p>\n<p>Ludymylla Maria Siqueira Ribeiro &#8211; <strong>e-mail: ludynyllamaria@yahoo.com.br<\/strong><\/p>\n<p>Raphael de Souza Pereira &#8211; <strong>e-mail: raphael_souza88@live.com<\/strong><\/p>\n<p>Karolaine Gomes Almeida &#8211;<strong> e-mail: karolaineggms@gmail.com<\/strong><\/p>\n<h2><span style=\"color: #339966\">Projeto Cole\u00e7\u00f5es:<\/span><\/h2>\n<p>Nyli Vieira Ferreira &#8211;<strong> e-mail: 20251200058@pq.uenf.br<\/strong><\/p>\n<p>Mara L\u00facia da Hora &#8211; <strong>e-mail: mara2371@yahoo.com.br<\/strong><\/p>\n<p>Tamara de Andrade Ferreira Vieira Vasconcelos &#8211;<strong> e-mail: tamara.afvieira@gmail.com<\/strong><\/p>\n<h2><span style=\"color: #339966\">Projeto Jovens Talentos:<\/span><\/h2>\n<p>Ayram Coutinho Marques Ribeiro &#8211; <strong>e-mail: ayramcoutinho@gmail.com<\/strong><\/p>\n<p>Gustavo Berty Sanz &#8211;<strong> e-mail: gustavoberty2009@gmail.com<\/strong><\/p>\n<p>Henryque de Oliveira Bezerra &#8211;<strong> e-mail: henryquehd99@gmail.com<\/strong><\/p>\n<h2><span style=\"color: #339966\"><strong>Volunt\u00e1rios:<\/strong><\/span><\/h2>\n<p>Juliana Madeira Carvalho &#8211; <strong>e-mail: madeirajuliana77@gmail.com<\/strong><\/p>\n<p>Thiago Maciel Rocha &#8211;<strong> e-mail: thimaciel002@gmail.com<\/strong><\/p>\n<p>&nbsp;<\/p>\n<p>&nbsp;<\/p>\n<p>&nbsp;<\/p>\n<p>&nbsp;<\/p>\n<p>&nbsp;<\/p>\n<p>&nbsp;<\/p>\n<p>&nbsp;<\/p>\n<p>&nbsp;<\/p>\n<p>&nbsp;<\/p>\n<p>&nbsp;<\/p>\n<p>&nbsp;<\/p>\n<p>&nbsp;<\/p>\n<p>&nbsp;<\/p>\n<p>&nbsp;<\/p>\n<p>&nbsp;<\/p>\n<p>&nbsp;<\/p>\n<p>&nbsp;<\/p>\n<p>&nbsp;<\/p>\n<p>&nbsp;<\/p>\n<p>&nbsp;<\/p>\n<p>&nbsp;<\/p>\n<p>&nbsp;<\/p>\n<p>&nbsp;<\/p>\n<p>&nbsp;<\/p>\n<p>&nbsp;<\/p>\n<p>&nbsp;<\/p>\n<p>&nbsp;<\/p>\n<p>&nbsp;<\/p>\n<p>&nbsp;<\/p>\n<p>&nbsp;<\/p>\n","protected":false},"excerpt":{"rendered":"<p>Professores: Dr. Marcelo Trindade Nascimento (Curador do Herb\u00e1rio) &#8211; e-mail: mtn@uenf.br Dr\u00aa. Maura da Cunha\u00a0(Sub-curadora do Herb\u00e1rio e respons\u00e1vel pela&#8230;<\/p>\n","protected":false},"author":14,"featured_media":0,"parent":0,"menu_order":11,"comment_status":"closed","ping_status":"open","template":"","meta":{"footnotes":""},"class_list":["post-264","page","type-page","status-publish","hentry"],"_links":{"self":[{"href":"https:\/\/uenf.br\/cbb\/herbario\/wp-json\/wp\/v2\/pages\/264","targetHints":{"allow":["GET"]}}],"collection":[{"href":"https:\/\/uenf.br\/cbb\/herbario\/wp-json\/wp\/v2\/pages"}],"about":[{"href":"https:\/\/uenf.br\/cbb\/herbario\/wp-json\/wp\/v2\/types\/page"}],"author":[{"embeddable":true,"href":"https:\/\/uenf.br\/cbb\/herbario\/wp-json\/wp\/v2\/users\/14"}],"replies":[{"embeddable":true,"href":"https:\/\/uenf.br\/cbb\/herbario\/wp-json\/wp\/v2\/comments?post=264"}],"version-history":[{"count":0,"href":"https:\/\/uenf.br\/cbb\/herbario\/wp-json\/wp\/v2\/pages\/264\/revisions"}],"wp:attachment":[{"href":"https:\/\/uenf.br\/cbb\/herbario\/wp-json\/wp\/v2\/media?parent=264"}],"curies":[{"name":"wp","href":"https:\/\/api.w.org\/{rel}","templated":true}]}}