{"id":28,"date":"2014-09-26T14:41:01","date_gmt":"2014-09-26T14:41:01","guid":{"rendered":"http:\/\/uenf.br\/cbb\/herbario\/?page_id=28"},"modified":"2016-09-01T14:29:33","modified_gmt":"2016-09-01T14:29:33","slug":"mata-do-carvao","status":"publish","type":"page","link":"https:\/\/uenf.br\/cbb\/herbario\/fotos\/mata-do-carvao\/","title":{"rendered":"Mata do Carv\u00e3o"},"content":{"rendered":"\n\t\t<style>\n\t\t\t#gallery-1 {\n\t\t\t\tmargin: auto;\n\t\t\t}\n\t\t\t#gallery-1 .gallery-item {\n\t\t\t\tfloat: left;\n\t\t\t\tmargin-top: 10px;\n\t\t\t\ttext-align: center;\n\t\t\t\twidth: 100%;\n\t\t\t}\n\t\t\t#gallery-1 img {\n\t\t\t\tborder: 2px solid #cfcfcf;\n\t\t\t}\n\t\t\t#gallery-1 .gallery-caption {\n\t\t\t\tmargin-left: 0;\n\t\t\t}\n\t\t\t\/* see gallery_shortcode() in wp-includes\/media.php *\/\n\t\t<\/style>\n\t\t<div id='gallery-1' class='gallery galleryid-28 gallery-columns-1 gallery-size-medium'><dl class='gallery-item'>\n\t\t\t<dt class='gallery-icon landscape'>\n\t\t\t\t<a href='https:\/\/uenf.br\/cbb\/herbario\/files\/2014\/09\/Mata-do-Carv\u00e3o_02.jpg'><img decoding=\"async\" width=\"300\" height=\"203\" src=\"https:\/\/uenf.br\/cbb\/herbario\/files\/2014\/09\/Mata-do-Carv\u00e3o_02-300x203.jpg\" class=\"attachment-medium size-medium\" alt=\"\" aria-describedby=\"gallery-1-30\" srcset=\"https:\/\/uenf.br\/cbb\/herbario\/files\/2014\/09\/Mata-do-Carv\u00e3o_02-300x203.jpg 300w, https:\/\/uenf.br\/cbb\/herbario\/files\/2014\/09\/Mata-do-Carv\u00e3o_02-150x101.jpg 150w, https:\/\/uenf.br\/cbb\/herbario\/files\/2014\/09\/Mata-do-Carv\u00e3o_02-400x271.jpg 400w, https:\/\/uenf.br\/cbb\/herbario\/files\/2014\/09\/Mata-do-Carv\u00e3o_02.jpg 632w\" sizes=\"auto, (max-width: 300px) 100vw, 300px\" loading=\"lazy\" \/><\/a>\n\t\t\t<\/dt>\n\t\t\t\t<dd class='wp-caption-text gallery-caption' id='gallery-1-30'>\n\t\t\t\tFoto de sat\u00e9lite da Mata do Carv\u00e3o.\n\n\t\t\t\t<\/dd><\/dl><br style=\"clear: both\" \/><dl class='gallery-item'>\n\t\t\t<dt class='gallery-icon landscape'>\n\t\t\t\t<a href='https:\/\/uenf.br\/cbb\/herbario\/files\/2014\/09\/Peroba1.jpg'><img decoding=\"async\" width=\"300\" height=\"225\" src=\"https:\/\/uenf.br\/cbb\/herbario\/files\/2014\/09\/Peroba1-300x225.jpg\" class=\"attachment-medium size-medium\" alt=\"\" aria-describedby=\"gallery-1-210\" srcset=\"https:\/\/uenf.br\/cbb\/herbario\/files\/2014\/09\/Peroba1-300x225.jpg 300w, https:\/\/uenf.br\/cbb\/herbario\/files\/2014\/09\/Peroba1-150x112.jpg 150w, https:\/\/uenf.br\/cbb\/herbario\/files\/2014\/09\/Peroba1-400x300.jpg 400w, https:\/\/uenf.br\/cbb\/herbario\/files\/2014\/09\/Peroba1.jpg 820w\" sizes=\"auto, (max-width: 300px) 100vw, 300px\" loading=\"lazy\" \/><\/a>\n\t\t\t<\/dt>\n\t\t\t\t<dd class='wp-caption-text gallery-caption' id='gallery-1-210'>\n\t\t\t\tPeroba do Campo\n\t\t\t\t<\/dd><\/dl><br style=\"clear: both\" \/><dl class='gallery-item'>\n\t\t\t<dt class='gallery-icon landscape'>\n\t\t\t\t<a href='https:\/\/uenf.br\/cbb\/herbario\/files\/2014\/09\/Vsta-da-Mata-do-Carv\u00e3o1.jpg'><img decoding=\"async\" width=\"300\" height=\"225\" src=\"https:\/\/uenf.br\/cbb\/herbario\/files\/2014\/09\/Vsta-da-Mata-do-Carv\u00e3o1-300x225.jpg\" class=\"attachment-medium size-medium\" alt=\"\" aria-describedby=\"gallery-1-215\" srcset=\"https:\/\/uenf.br\/cbb\/herbario\/files\/2014\/09\/Vsta-da-Mata-do-Carv\u00e3o1-300x225.jpg 300w, https:\/\/uenf.br\/cbb\/herbario\/files\/2014\/09\/Vsta-da-Mata-do-Carv\u00e3o1-150x112.jpg 150w, https:\/\/uenf.br\/cbb\/herbario\/files\/2014\/09\/Vsta-da-Mata-do-Carv\u00e3o1-400x300.jpg 400w, https:\/\/uenf.br\/cbb\/herbario\/files\/2014\/09\/Vsta-da-Mata-do-Carv\u00e3o1.jpg 800w\" sizes=\"auto, (max-width: 300px) 100vw, 300px\" loading=\"lazy\" \/><\/a>\n\t\t\t<\/dt>\n\t\t\t\t<dd class='wp-caption-text gallery-caption' id='gallery-1-215'>\n\t\t\t\tVista da Mata do Carv\u00e3o.\n\t\t\t\t<\/dd><\/dl><br style=\"clear: both\" \/><dl class='gallery-item'>\n\t\t\t<dt class='gallery-icon landscape'>\n\t\t\t\t<a href='https:\/\/uenf.br\/cbb\/herbario\/files\/2014\/09\/Vista-Mata-do-Carv\u00e3o.jpg'><img decoding=\"async\" width=\"300\" height=\"199\" src=\"https:\/\/uenf.br\/cbb\/herbario\/files\/2014\/09\/Vista-Mata-do-Carv\u00e3o-300x199.jpg\" class=\"attachment-medium size-medium\" alt=\"\" aria-describedby=\"gallery-1-214\" srcset=\"https:\/\/uenf.br\/cbb\/herbario\/files\/2014\/09\/Vista-Mata-do-Carv\u00e3o-300x199.jpg 300w, https:\/\/uenf.br\/cbb\/herbario\/files\/2014\/09\/Vista-Mata-do-Carv\u00e3o-150x99.jpg 150w, https:\/\/uenf.br\/cbb\/herbario\/files\/2014\/09\/Vista-Mata-do-Carv\u00e3o-400x266.jpg 400w, https:\/\/uenf.br\/cbb\/herbario\/files\/2014\/09\/Vista-Mata-do-Carv\u00e3o.jpg 800w\" sizes=\"auto, (max-width: 300px) 100vw, 300px\" loading=\"lazy\" \/><\/a>\n\t\t\t<\/dt>\n\t\t\t\t<dd class='wp-caption-text gallery-caption' id='gallery-1-214'>\n\t\t\t\tVista da Mata do Carv\u00e3o.\n\t\t\t\t<\/dd><\/dl><br style=\"clear: both\" \/><dl class='gallery-item'>\n\t\t\t<dt class='gallery-icon landscape'>\n\t\t\t\t<a href='https:\/\/uenf.br\/cbb\/herbario\/files\/2014\/09\/Vista-da-Mata-do-Carv\u00e3o2.jpg'><img decoding=\"async\" width=\"300\" height=\"225\" src=\"https:\/\/uenf.br\/cbb\/herbario\/files\/2014\/09\/Vista-da-Mata-do-Carv\u00e3o2-300x225.jpg\" class=\"attachment-medium size-medium\" alt=\"\" aria-describedby=\"gallery-1-213\" srcset=\"https:\/\/uenf.br\/cbb\/herbario\/files\/2014\/09\/Vista-da-Mata-do-Carv\u00e3o2-300x225.jpg 300w, https:\/\/uenf.br\/cbb\/herbario\/files\/2014\/09\/Vista-da-Mata-do-Carv\u00e3o2-150x112.jpg 150w, https:\/\/uenf.br\/cbb\/herbario\/files\/2014\/09\/Vista-da-Mata-do-Carv\u00e3o2-400x300.jpg 400w, https:\/\/uenf.br\/cbb\/herbario\/files\/2014\/09\/Vista-da-Mata-do-Carv\u00e3o2.jpg 800w\" sizes=\"auto, (max-width: 300px) 100vw, 300px\" loading=\"lazy\" \/><\/a>\n\t\t\t<\/dt>\n\t\t\t\t<dd class='wp-caption-text gallery-caption' id='gallery-1-213'>\n\t\t\t\tVista da Mata do Carv\u00e3o.\n\t\t\t\t<\/dd><\/dl><br style=\"clear: both\" \/><dl class='gallery-item'>\n\t\t\t<dt class='gallery-icon landscape'>\n\t\t\t\t<a href='https:\/\/uenf.br\/cbb\/herbario\/files\/2014\/09\/Vest\u00edgios-de-desmatamento.-Tronco-de-Peroba-cortado.jpg'><img decoding=\"async\" width=\"300\" height=\"199\" src=\"https:\/\/uenf.br\/cbb\/herbario\/files\/2014\/09\/Vest\u00edgios-de-desmatamento.-Tronco-de-Peroba-cortado-300x199.jpg\" class=\"attachment-medium size-medium\" alt=\"\" aria-describedby=\"gallery-1-212\" srcset=\"https:\/\/uenf.br\/cbb\/herbario\/files\/2014\/09\/Vest\u00edgios-de-desmatamento.-Tronco-de-Peroba-cortado-300x199.jpg 300w, https:\/\/uenf.br\/cbb\/herbario\/files\/2014\/09\/Vest\u00edgios-de-desmatamento.-Tronco-de-Peroba-cortado-150x99.jpg 150w, https:\/\/uenf.br\/cbb\/herbario\/files\/2014\/09\/Vest\u00edgios-de-desmatamento.-Tronco-de-Peroba-cortado-400x266.jpg 400w, https:\/\/uenf.br\/cbb\/herbario\/files\/2014\/09\/Vest\u00edgios-de-desmatamento.-Tronco-de-Peroba-cortado.jpg 800w\" sizes=\"auto, (max-width: 300px) 100vw, 300px\" loading=\"lazy\" \/><\/a>\n\t\t\t<\/dt>\n\t\t\t\t<dd class='wp-caption-text gallery-caption' id='gallery-1-212'>\n\t\t\t\tVest\u00edgios de desmatamento: tronco de Peroba cortado.\n\n\t\t\t\t<\/dd><\/dl><br style=\"clear: both\" \/><dl class='gallery-item'>\n\t\t\t<dt class='gallery-icon landscape'>\n\t\t\t\t<a href='https:\/\/uenf.br\/cbb\/herbario\/files\/2014\/09\/Tronco-de-Peroba-cortado.jpg'><img decoding=\"async\" width=\"300\" height=\"199\" src=\"https:\/\/uenf.br\/cbb\/herbario\/files\/2014\/09\/Tronco-de-Peroba-cortado-300x199.jpg\" class=\"attachment-medium size-medium\" alt=\"\" aria-describedby=\"gallery-1-211\" srcset=\"https:\/\/uenf.br\/cbb\/herbario\/files\/2014\/09\/Tronco-de-Peroba-cortado-300x199.jpg 300w, https:\/\/uenf.br\/cbb\/herbario\/files\/2014\/09\/Tronco-de-Peroba-cortado-150x99.jpg 150w, https:\/\/uenf.br\/cbb\/herbario\/files\/2014\/09\/Tronco-de-Peroba-cortado-400x266.jpg 400w, https:\/\/uenf.br\/cbb\/herbario\/files\/2014\/09\/Tronco-de-Peroba-cortado.jpg 800w\" sizes=\"auto, (max-width: 300px) 100vw, 300px\" loading=\"lazy\" \/><\/a>\n\t\t\t<\/dt>\n\t\t\t\t<dd class='wp-caption-text gallery-caption' id='gallery-1-211'>\n\t\t\t\tTronco de Peroba cortado.\n\t\t\t\t<\/dd><\/dl><br style=\"clear: both\" \/><dl class='gallery-item'>\n\t\t\t<dt class='gallery-icon landscape'>\n\t\t\t\t<a href='https:\/\/uenf.br\/cbb\/herbario\/files\/2014\/09\/Biogigestor-da-sede-da-EEEG.jpg'><img decoding=\"async\" width=\"300\" height=\"225\" src=\"https:\/\/uenf.br\/cbb\/herbario\/files\/2014\/09\/Biogigestor-da-sede-da-EEEG-300x225.jpg\" class=\"attachment-medium size-medium\" alt=\"\" aria-describedby=\"gallery-1-207\" srcset=\"https:\/\/uenf.br\/cbb\/herbario\/files\/2014\/09\/Biogigestor-da-sede-da-EEEG-300x225.jpg 300w, https:\/\/uenf.br\/cbb\/herbario\/files\/2014\/09\/Biogigestor-da-sede-da-EEEG-150x112.jpg 150w, https:\/\/uenf.br\/cbb\/herbario\/files\/2014\/09\/Biogigestor-da-sede-da-EEEG-400x300.jpg 400w, https:\/\/uenf.br\/cbb\/herbario\/files\/2014\/09\/Biogigestor-da-sede-da-EEEG.jpg 800w\" sizes=\"auto, (max-width: 300px) 100vw, 300px\" loading=\"lazy\" \/><\/a>\n\t\t\t<\/dt>\n\t\t\t\t<dd class='wp-caption-text gallery-caption' id='gallery-1-207'>\n\t\t\t\tBiodigestor da sede da Esta\u00e7\u00e3o Ecol\u00f3gica Estadual de Guaxindiba.\n\n\t\t\t\t<\/dd><\/dl><br style=\"clear: both\" \/><dl class='gallery-item'>\n\t\t\t<dt class='gallery-icon landscape'>\n\t\t\t\t<a href='https:\/\/uenf.br\/cbb\/herbario\/files\/2014\/09\/Equipe-de-trabalho-na-Mata-do-Carv\u00e3o.jpg'><img decoding=\"async\" width=\"300\" height=\"199\" src=\"https:\/\/uenf.br\/cbb\/herbario\/files\/2014\/09\/Equipe-de-trabalho-na-Mata-do-Carv\u00e3o-300x199.jpg\" class=\"attachment-medium size-medium\" alt=\"\" aria-describedby=\"gallery-1-208\" srcset=\"https:\/\/uenf.br\/cbb\/herbario\/files\/2014\/09\/Equipe-de-trabalho-na-Mata-do-Carv\u00e3o-300x199.jpg 300w, https:\/\/uenf.br\/cbb\/herbario\/files\/2014\/09\/Equipe-de-trabalho-na-Mata-do-Carv\u00e3o-150x99.jpg 150w, https:\/\/uenf.br\/cbb\/herbario\/files\/2014\/09\/Equipe-de-trabalho-na-Mata-do-Carv\u00e3o-400x266.jpg 400w, https:\/\/uenf.br\/cbb\/herbario\/files\/2014\/09\/Equipe-de-trabalho-na-Mata-do-Carv\u00e3o.jpg 800w\" sizes=\"auto, (max-width: 300px) 100vw, 300px\" loading=\"lazy\" \/><\/a>\n\t\t\t<\/dt>\n\t\t\t\t<dd class='wp-caption-text gallery-caption' id='gallery-1-208'>\n\t\t\t\tEquipe de trabalho na Mata do Carv\u00e3o.\n\t\t\t\t<\/dd><\/dl><br style=\"clear: both\" \/>\n\t\t<\/div>\n\n","protected":false},"excerpt":{"rendered":"","protected":false},"author":14,"featured_media":0,"parent":26,"menu_order":1,"comment_status":"closed","ping_status":"open","template":"","meta":{"footnotes":""},"class_list":["post-28","page","type-page","status-publish","hentry"],"_links":{"self":[{"href":"https:\/\/uenf.br\/cbb\/herbario\/wp-json\/wp\/v2\/pages\/28","targetHints":{"allow":["GET"]}}],"collection":[{"href":"https:\/\/uenf.br\/cbb\/herbario\/wp-json\/wp\/v2\/pages"}],"about":[{"href":"https:\/\/uenf.br\/cbb\/herbario\/wp-json\/wp\/v2\/types\/page"}],"author":[{"embeddable":true,"href":"https:\/\/uenf.br\/cbb\/herbario\/wp-json\/wp\/v2\/users\/14"}],"replies":[{"embeddable":true,"href":"https:\/\/uenf.br\/cbb\/herbario\/wp-json\/wp\/v2\/comments?post=28"}],"version-history":[{"count":0,"href":"https:\/\/uenf.br\/cbb\/herbario\/wp-json\/wp\/v2\/pages\/28\/revisions"}],"up":[{"embeddable":true,"href":"https:\/\/uenf.br\/cbb\/herbario\/wp-json\/wp\/v2\/pages\/26"}],"wp:attachment":[{"href":"https:\/\/uenf.br\/cbb\/herbario\/wp-json\/wp\/v2\/media?parent=28"}],"curies":[{"name":"wp","href":"https:\/\/api.w.org\/{rel}","templated":true}]}}