{"id":291,"date":"2015-03-27T19:10:02","date_gmt":"2015-03-27T19:10:02","guid":{"rendered":"http:\/\/uenf.br\/cbb\/herbario\/?page_id=291"},"modified":"2016-09-01T14:12:27","modified_gmt":"2016-09-01T14:12:27","slug":"participacao-do-herbario-na-exposicao-polinizadores-feira-do-tomate-sao-jose-de-uba","status":"publish","type":"page","link":"https:\/\/uenf.br\/cbb\/herbario\/fotos\/participacao-do-herbario-na-exposicao-polinizadores-feira-do-tomate-sao-jose-de-uba\/","title":{"rendered":"Participa\u00e7\u00e3o do Herb\u00e1rio na Exposi\u00e7\u00e3o Polinizadores &#8211; Feira do Tomate &#8211; S\u00e3o Jos\u00e9 de Ub\u00e1"},"content":{"rendered":"<p><img loading=\"lazy\" decoding=\"async\" class=\"alignleft size-full wp-image-295\" src=\"https:\/\/uenf.br\/cbb\/herbario\/files\/2015\/03\/5b4968937d7c105d391b5da5de2e0612.jpg\" alt=\"\" width=\"640\" height=\"480\" \/><\/p>\n<div id=\"attachment_292\" style=\"width: 650px\" class=\"wp-caption alignleft\"><a href=\"https:\/\/uenf.br\/cbb\/herbario\/files\/2015\/03\/e7405278c1db693b9d63558383ac189a.jpg\"><img loading=\"lazy\" decoding=\"async\" aria-describedby=\"caption-attachment-292\" class=\"size-full wp-image-292\" src=\"https:\/\/uenf.br\/cbb\/herbario\/files\/2015\/03\/e7405278c1db693b9d63558383ac189a.jpg\" alt=\"Grupo participante do evento\" width=\"640\" height=\"480\" \/><\/a><p id=\"caption-attachment-292\" class=\"wp-caption-text\">Grupo participante do evento<\/p><\/div>\n<p><a href=\"https:\/\/uenf.br\/cbb\/herbario\/files\/2015\/03\/92e890f0fec3c576961808db62842fbb.jpg\"><img loading=\"lazy\" decoding=\"async\" class=\"alignleft size-full wp-image-298\" src=\"https:\/\/uenf.br\/cbb\/herbario\/files\/2015\/03\/92e890f0fec3c576961808db62842fbb.jpg\" alt=\"\" width=\"640\" height=\"480\" \/><\/a><\/p>\n<div id=\"attachment_296\" style=\"width: 650px\" class=\"wp-caption alignleft\"><a href=\"https:\/\/uenf.br\/cbb\/herbario\/files\/2015\/03\/5cb5e526226999858824af40b6321068.jpg\"><img loading=\"lazy\" decoding=\"async\" aria-describedby=\"caption-attachment-296\" class=\"size-full wp-image-296\" src=\"https:\/\/uenf.br\/cbb\/herbario\/files\/2015\/03\/5cb5e526226999858824af40b6321068.jpg\" alt=\"Bolsistas do Herb\u00e1rio Mariana Faitanin e Larah Alves\" width=\"640\" height=\"480\" \/><\/a><p id=\"caption-attachment-296\" class=\"wp-caption-text\">Bolsistas do Herb\u00e1rio Mariana Faitanin e Larah Alves<\/p><\/div>\n<div id=\"attachment_293\" style=\"width: 650px\" class=\"wp-caption alignleft\"><a href=\"https:\/\/uenf.br\/cbb\/herbario\/files\/2015\/03\/c6bb6f12b58e3cc61e40115e6541b10f.jpg\"><img loading=\"lazy\" decoding=\"async\" aria-describedby=\"caption-attachment-293\" class=\"size-full wp-image-293\" src=\"https:\/\/uenf.br\/cbb\/herbario\/files\/2015\/03\/c6bb6f12b58e3cc61e40115e6541b10f.jpg\" alt=\"Bolsista do Herb\u00e1rio Larah Alves divulgando trabalho\" width=\"640\" height=\"480\" \/><\/a><p id=\"caption-attachment-293\" class=\"wp-caption-text\">Bolsista do Herb\u00e1rio Larah Alves divulgando trabalho<\/p><\/div>\n<div id=\"attachment_294\" style=\"width: 650px\" class=\"wp-caption alignleft\"><a href=\"https:\/\/uenf.br\/cbb\/herbario\/files\/2015\/03\/4fee03631d779d5e2f8fc63ea2226011.jpg\"><img loading=\"lazy\" decoding=\"async\" aria-describedby=\"caption-attachment-294\" class=\"size-full wp-image-294\" src=\"https:\/\/uenf.br\/cbb\/herbario\/files\/2015\/03\/4fee03631d779d5e2f8fc63ea2226011.jpg\" alt=\"Trabalhos apresentados\" width=\"640\" height=\"480\" \/><\/a><p id=\"caption-attachment-294\" class=\"wp-caption-text\">Trabalhos apresentados<\/p><\/div>\n<div id=\"attachment_299\" style=\"width: 650px\" class=\"wp-caption alignleft\"><img loading=\"lazy\" decoding=\"async\" aria-describedby=\"caption-attachment-299\" class=\"size-full wp-image-299\" src=\"https:\/\/uenf.br\/cbb\/herbario\/files\/2015\/03\/aface5064c4079df67564057ca19b846.jpg\" alt=\"Exsicatas amostradas\" width=\"640\" height=\"480\" \/><p id=\"caption-attachment-299\" class=\"wp-caption-text\">Exsicatas amostradas<\/p><\/div>\n<div id=\"attachment_297\" style=\"width: 650px\" class=\"wp-caption alignleft\"><img loading=\"lazy\" decoding=\"async\" aria-describedby=\"caption-attachment-297\" class=\"size-full wp-image-297\" src=\"https:\/\/uenf.br\/cbb\/herbario\/files\/2015\/03\/9af94e96b5d915cce0916491f89b994a.jpg\" alt=\"Exsicatas amostradas\" width=\"640\" height=\"480\" \/><p id=\"caption-attachment-297\" class=\"wp-caption-text\">Exsicatas amostradas<\/p><\/div>\n<p>&nbsp;<\/p>\n","protected":false},"excerpt":{"rendered":"<p>&nbsp;<\/p>\n","protected":false},"author":14,"featured_media":0,"parent":26,"menu_order":7,"comment_status":"closed","ping_status":"open","template":"","meta":{"footnotes":""},"class_list":["post-291","page","type-page","status-publish","hentry"],"_links":{"self":[{"href":"https:\/\/uenf.br\/cbb\/herbario\/wp-json\/wp\/v2\/pages\/291","targetHints":{"allow":["GET"]}}],"collection":[{"href":"https:\/\/uenf.br\/cbb\/herbario\/wp-json\/wp\/v2\/pages"}],"about":[{"href":"https:\/\/uenf.br\/cbb\/herbario\/wp-json\/wp\/v2\/types\/page"}],"author":[{"embeddable":true,"href":"https:\/\/uenf.br\/cbb\/herbario\/wp-json\/wp\/v2\/users\/14"}],"replies":[{"embeddable":true,"href":"https:\/\/uenf.br\/cbb\/herbario\/wp-json\/wp\/v2\/comments?post=291"}],"version-history":[{"count":0,"href":"https:\/\/uenf.br\/cbb\/herbario\/wp-json\/wp\/v2\/pages\/291\/revisions"}],"up":[{"embeddable":true,"href":"https:\/\/uenf.br\/cbb\/herbario\/wp-json\/wp\/v2\/pages\/26"}],"wp:attachment":[{"href":"https:\/\/uenf.br\/cbb\/herbario\/wp-json\/wp\/v2\/media?parent=291"}],"curies":[{"name":"wp","href":"https:\/\/api.w.org\/{rel}","templated":true}]}}