{"id":33,"date":"2014-09-26T19:41:38","date_gmt":"2014-09-26T19:41:38","guid":{"rendered":"http:\/\/uenf.br\/cbb\/herbario\/?page_id=33"},"modified":"2015-11-13T17:11:19","modified_gmt":"2015-11-13T17:11:19","slug":"o-que-e-o-herbario","status":"publish","type":"page","link":"https:\/\/uenf.br\/cbb\/herbario\/apresentacao\/o-que-e-o-herbario\/","title":{"rendered":"O que \u00e9 o herb\u00e1rio?"},"content":{"rendered":"<p style=\"text-align: justify\">\u00a0 \u00a0 \u00a0Herb\u00e1rio \u00e9 uma cole\u00e7\u00e3o cient\u00edfica, composta por amostras de plantas secas, provenientes de diferentes ecossistemas, servindo como registro e refer\u00eancia sobre a vegeta\u00e7\u00e3o e flora de uma determinada regi\u00e3o. A forma\u00e7\u00e3o de herb\u00e1rios iniciou-se no s\u00e9culo XVI na It\u00e1lia, como cole\u00e7\u00f5es de plantas secas e costuradas em papel. Foi Lineu (1707-1778) que popularizou a pr\u00e1tica corrente de montar os exemplares em simples folhas de papel e guard\u00e1-las horizontalmente. As informa\u00e7\u00f5es contidas em um herb\u00e1rio s\u00e3o fontes b\u00e1sicas para os estudos taxon\u00f4micos, flor\u00edsticos, biogeogr\u00e1ficos, fenol\u00f3gicos, ecol\u00f3gicos e fornece dados para os trabalhos sobre biodiversidade, usos medicinais, t\u00f3xicos, forrageiros, aliment\u00edcios, entre muitos outros.<\/p>\n<p style=\"text-align: justify\"><a href=\"https:\/\/uenf.br\/cbb\/herbario\/files\/2014\/09\/received_947417535333053.jpeg\"><img loading=\"lazy\" decoding=\"async\" class=\"size-full wp-image-408 aligncenter\" src=\"https:\/\/uenf.br\/cbb\/herbario\/files\/2014\/09\/received_947417535333053.jpeg\" alt=\"received_947417535333053\" width=\"400\" height=\"267\" \/><\/a><\/p>\n","protected":false},"excerpt":{"rendered":"<p>\u00a0 \u00a0 \u00a0Herb\u00e1rio \u00e9 uma cole\u00e7\u00e3o cient\u00edfica, composta por amostras de plantas secas, provenientes de diferentes ecossistemas, servindo como registro&#8230;<\/p>\n","protected":false},"author":14,"featured_media":0,"parent":2,"menu_order":1,"comment_status":"closed","ping_status":"open","template":"","meta":{"footnotes":""},"class_list":["post-33","page","type-page","status-publish","hentry"],"_links":{"self":[{"href":"https:\/\/uenf.br\/cbb\/herbario\/wp-json\/wp\/v2\/pages\/33","targetHints":{"allow":["GET"]}}],"collection":[{"href":"https:\/\/uenf.br\/cbb\/herbario\/wp-json\/wp\/v2\/pages"}],"about":[{"href":"https:\/\/uenf.br\/cbb\/herbario\/wp-json\/wp\/v2\/types\/page"}],"author":[{"embeddable":true,"href":"https:\/\/uenf.br\/cbb\/herbario\/wp-json\/wp\/v2\/users\/14"}],"replies":[{"embeddable":true,"href":"https:\/\/uenf.br\/cbb\/herbario\/wp-json\/wp\/v2\/comments?post=33"}],"version-history":[{"count":0,"href":"https:\/\/uenf.br\/cbb\/herbario\/wp-json\/wp\/v2\/pages\/33\/revisions"}],"up":[{"embeddable":true,"href":"https:\/\/uenf.br\/cbb\/herbario\/wp-json\/wp\/v2\/pages\/2"}],"wp:attachment":[{"href":"https:\/\/uenf.br\/cbb\/herbario\/wp-json\/wp\/v2\/media?parent=33"}],"curies":[{"name":"wp","href":"https:\/\/api.w.org\/{rel}","templated":true}]}}