{"id":36,"date":"2014-09-26T19:45:37","date_gmt":"2014-09-26T19:45:37","guid":{"rendered":"http:\/\/uenf.br\/cbb\/herbario\/?page_id=36"},"modified":"2015-11-18T17:09:50","modified_gmt":"2015-11-18T17:09:50","slug":"xiloteca","status":"publish","type":"page","link":"https:\/\/uenf.br\/cbb\/herbario\/apresentacao\/xiloteca\/","title":{"rendered":"Xiloteca"},"content":{"rendered":"<p style=\"text-align: justify\"><img loading=\"lazy\" decoding=\"async\" class=\"alignleft size-medium wp-image-38\" src=\"https:\/\/uenf.br\/cbb\/herbario\/files\/2014\/09\/xiloteca-225x300.jpg\" alt=\"Xiloteca do Herb\u00e1rio UENF\" width=\"225\" height=\"300\" srcset=\"https:\/\/uenf.br\/cbb\/herbario\/files\/2014\/09\/xiloteca-225x300.jpg 225w, https:\/\/uenf.br\/cbb\/herbario\/files\/2014\/09\/xiloteca-112x150.jpg 112w, https:\/\/uenf.br\/cbb\/herbario\/files\/2014\/09\/xiloteca-400x533.jpg 400w, https:\/\/uenf.br\/cbb\/herbario\/files\/2014\/09\/xiloteca.jpg 480w\" sizes=\"auto, (max-width: 225px) 100vw, 225px\" \/>\u00a0 \u00a0 A cole\u00e7\u00e3o de madeiras catalogadas no Herb\u00e1rio UENF \u00e9 composta principalmente por esp\u00e9cies da Mata Atl\u00e2ntica com diferentes tipos de fibras, colora\u00e7\u00e3o e densidade. Nossa cole\u00e7\u00e3o de madeira est\u00e1 representada por tecidos lenhosos atuais conservados em bloco, tronco ou prepara\u00e7\u00e3o histol\u00f3gica de microsc\u00f3pio (expondo os tr\u00eas planos de corte) armezenada em um lamin\u00e1rio. As xilotecas representam uma importante fonte de informa\u00e7\u00e3o para o pesquisador, fornecendo dados adicionais auxiliares na identifica\u00e7\u00e3o cient\u00edfica das esp\u00e9cies.<\/p>\n<p>Mais informa\u00e7\u00f5es: Dra. Maura da Cunha \u00a0<span style=\"text-decoration: underline\">maura@uenf.br<\/span><\/p>\n<p>&nbsp;<\/p>\n","protected":false},"excerpt":{"rendered":"<p>\u00a0 \u00a0 A cole\u00e7\u00e3o de madeiras catalogadas no Herb\u00e1rio UENF \u00e9 composta principalmente por esp\u00e9cies da Mata Atl\u00e2ntica com diferentes&#8230;<\/p>\n","protected":false},"author":14,"featured_media":0,"parent":2,"menu_order":4,"comment_status":"closed","ping_status":"open","template":"","meta":{"footnotes":""},"class_list":["post-36","page","type-page","status-publish","hentry"],"_links":{"self":[{"href":"https:\/\/uenf.br\/cbb\/herbario\/wp-json\/wp\/v2\/pages\/36","targetHints":{"allow":["GET"]}}],"collection":[{"href":"https:\/\/uenf.br\/cbb\/herbario\/wp-json\/wp\/v2\/pages"}],"about":[{"href":"https:\/\/uenf.br\/cbb\/herbario\/wp-json\/wp\/v2\/types\/page"}],"author":[{"embeddable":true,"href":"https:\/\/uenf.br\/cbb\/herbario\/wp-json\/wp\/v2\/users\/14"}],"replies":[{"embeddable":true,"href":"https:\/\/uenf.br\/cbb\/herbario\/wp-json\/wp\/v2\/comments?post=36"}],"version-history":[{"count":0,"href":"https:\/\/uenf.br\/cbb\/herbario\/wp-json\/wp\/v2\/pages\/36\/revisions"}],"up":[{"embeddable":true,"href":"https:\/\/uenf.br\/cbb\/herbario\/wp-json\/wp\/v2\/pages\/2"}],"wp:attachment":[{"href":"https:\/\/uenf.br\/cbb\/herbario\/wp-json\/wp\/v2\/media?parent=36"}],"curies":[{"name":"wp","href":"https:\/\/api.w.org\/{rel}","templated":true}]}}