{"id":476,"date":"2015-11-16T17:35:24","date_gmt":"2015-11-16T17:35:24","guid":{"rendered":"http:\/\/uenf.br\/cbb\/herbario\/?page_id=476"},"modified":"2023-05-30T14:36:53","modified_gmt":"2023-05-30T14:36:53","slug":"congresso-nacional-de-botanica-2015","status":"publish","type":"page","link":"https:\/\/uenf.br\/cbb\/herbario\/informativo-uenf\/congresso-nacional-de-botanica-2015\/","title":{"rendered":"Congresso Nacional de Bot\u00e2nica 2015"},"content":{"rendered":"<p>66\u00b0 Congresso Nacional de Bot\u00e2nica, realizado de 25 a 30 de outubro de 2015, na cidade de Santos, S\u00e3o Paulo, Brasil.\u00a0O tema do evento foi:\u00a0\u201cA bot\u00e2nica em transforma\u00e7\u00e3o\u201d.<\/p>\n<p>Foram\u00a0apresentados dois\u00a0resumos com os seguintes temas : &#8220;Recupera\u00e7\u00e3o de Mata Ciliar Sob|Interfer\u00eancia Antr\u00f3pica do Norte do Estado do Rio de Janeiro, Brasil.&#8221; e &#8221; Cole\u00e7\u00f5es Bot\u00e2nicas da Flora da Floresta Estacional Semidecidual do Norte\/Noroeste Fluminense Associado ao Herb\u00e1rio UENF.&#8221;<\/p>\n<p><b><a href=\"http:\/\/www.66cnbotanica.com.br\/\">Site<\/a><\/b><\/p>\n<p><a href=\"https:\/\/uenf.br\/cbb\/herbario\/files\/2015\/11\/IMG-20151105-WA0002.jpg\"><img loading=\"lazy\" decoding=\"async\" class=\"size-full wp-image-387 aligncenter\" src=\"https:\/\/uenf.br\/cbb\/herbario\/files\/2015\/11\/IMG-20151105-WA0002.jpg\" alt=\"IMG-20151105-WA0002\" width=\"375\" height=\"500\" \/><\/a><\/p>\n<h6 style=\"text-align: center\">Bolsista de Universidade Aberta do herb\u00e1rio UENF, Mariana Alves Faitanin apresentando painel.<\/h6>\n<p><a href=\"https:\/\/uenf.br\/cbb\/herbario\/files\/2015\/11\/IMG-20151105-WA0003.jpg\"><img loading=\"lazy\" decoding=\"async\" class=\"size-full wp-image-389 aligncenter\" src=\"https:\/\/uenf.br\/cbb\/herbario\/files\/2015\/11\/IMG-20151105-WA0003.jpg\" alt=\"IMG-20151105-WA0003\" width=\"400\" height=\"300\" \/><\/a><\/p>\n<h6 style=\"text-align: center\">Pain\u00e9is apresentados no Congresso Nacional de Bot\u00e2nica em Santos &#8211; SP<\/h6>\n<p><a href=\"https:\/\/uenf.br\/cbb\/herbario\/files\/2015\/11\/IMG-20151105-WA0001.jpg\"><img loading=\"lazy\" decoding=\"async\" class=\"size-full wp-image-386 aligncenter\" src=\"https:\/\/uenf.br\/cbb\/herbario\/files\/2015\/11\/IMG-20151105-WA0001.jpg\" alt=\"IMG-20151105-WA0001\" width=\"400\" height=\"300\" \/><\/a><\/p>\n<h6 style=\"text-align: center\">Palestras do Congresso Nacional de Bot\u00e2nica em Santos &#8211; SP<\/h6>\n","protected":false},"excerpt":{"rendered":"<p>66\u00b0 Congresso Nacional de Bot\u00e2nica, realizado de 25 a 30 de outubro de 2015, na cidade de Santos, S\u00e3o Paulo,&#8230;<\/p>\n","protected":false},"author":14,"featured_media":0,"parent":24,"menu_order":30,"comment_status":"closed","ping_status":"closed","template":"","meta":{"footnotes":""},"class_list":["post-476","page","type-page","status-publish","hentry"],"_links":{"self":[{"href":"https:\/\/uenf.br\/cbb\/herbario\/wp-json\/wp\/v2\/pages\/476","targetHints":{"allow":["GET"]}}],"collection":[{"href":"https:\/\/uenf.br\/cbb\/herbario\/wp-json\/wp\/v2\/pages"}],"about":[{"href":"https:\/\/uenf.br\/cbb\/herbario\/wp-json\/wp\/v2\/types\/page"}],"author":[{"embeddable":true,"href":"https:\/\/uenf.br\/cbb\/herbario\/wp-json\/wp\/v2\/users\/14"}],"replies":[{"embeddable":true,"href":"https:\/\/uenf.br\/cbb\/herbario\/wp-json\/wp\/v2\/comments?post=476"}],"version-history":[{"count":0,"href":"https:\/\/uenf.br\/cbb\/herbario\/wp-json\/wp\/v2\/pages\/476\/revisions"}],"up":[{"embeddable":true,"href":"https:\/\/uenf.br\/cbb\/herbario\/wp-json\/wp\/v2\/pages\/24"}],"wp:attachment":[{"href":"https:\/\/uenf.br\/cbb\/herbario\/wp-json\/wp\/v2\/media?parent=476"}],"curies":[{"name":"wp","href":"https:\/\/api.w.org\/{rel}","templated":true}]}}