{"id":576,"date":"2016-09-22T19:04:14","date_gmt":"2016-09-22T19:04:14","guid":{"rendered":"http:\/\/uenf.br\/cbb\/herbario\/?page_id=576"},"modified":"2023-05-30T14:35:13","modified_gmt":"2023-05-30T14:35:13","slug":"viii-curso-de-coleta-herborizacao-e-identificacao-de-plantas-do-norte-noroeste-fluminense","status":"publish","type":"page","link":"https:\/\/uenf.br\/cbb\/herbario\/informativo-uenf\/viii-curso-de-coleta-herborizacao-e-identificacao-de-plantas-do-norte-noroeste-fluminense\/","title":{"rendered":"VIII Curso de Coleta, Herboriza\u00e7\u00e3o e Identifica\u00e7\u00e3o de Plantas"},"content":{"rendered":"<p style=\"text-align: center\"><img loading=\"lazy\" decoding=\"async\" class=\"wp-image-133 aligncenter\" src=\"https:\/\/uenf.br\/cbb\/herbario\/files\/2014\/09\/Herb\u00e1rio-UENF.jpg\" alt=\"Herb\u00e1rio UENF\" width=\"147\" height=\"127\" srcset=\"https:\/\/uenf.br\/cbb\/herbario\/files\/2014\/09\/Herb\u00e1rio-UENF.jpg 831w, https:\/\/uenf.br\/cbb\/herbario\/files\/2014\/09\/Herb\u00e1rio-UENF-300x259.jpg 300w, https:\/\/uenf.br\/cbb\/herbario\/files\/2014\/09\/Herb\u00e1rio-UENF-150x129.jpg 150w, https:\/\/uenf.br\/cbb\/herbario\/files\/2014\/09\/Herb\u00e1rio-UENF-400x346.jpg 400w\" sizes=\"auto, (max-width: 147px) 100vw, 147px\" \/><\/p>\n<h2 style=\"text-align: center\"><strong><span style=\"color: #ff0000\">VIII Curso de Coleta, Herboriza\u00e7\u00e3o e Identifica\u00e7\u00e3o de Plantas do Norte-Noroeste Fluminense<\/span><\/strong><\/h2>\n<p>&nbsp;<\/p>\n<h3 style=\"text-align: center\"><strong>Caracter\u00edsticas gerais do curso<\/strong>:<\/h3>\n<p style=\"text-align: center\"><strong>N\u00famero de vagas:<\/strong> 15<\/p>\n<p style=\"text-align: center\"><strong>Inscri\u00e7\u00f5es gratuitas<\/strong><\/p>\n<p style=\"text-align: center\"><strong>P\u00fablico alvo:<\/strong> Graduandos e profissionais da \u00e1rea de Ci\u00eancias Biol\u00f3gicas, Agronomia e Engenharia Florestal.<\/p>\n<p style=\"text-align: center\"><strong>Carga hor\u00e1ria:<\/strong> 20 horas<\/p>\n<p style=\"text-align: center\"><strong>Local das aulas:<\/strong> Herb\u00e1rio UENF<\/p>\n<p style=\"text-align: center\"><strong>Per\u00edodo de inscri\u00e7\u00e3o:<\/strong> 15\/09\/2016 a 14\/10\/2016<\/p>\n<p style=\"text-align: center\"><strong>Per\u00edodo de realiza\u00e7\u00e3o:<\/strong> 17\/10\/2016 a 21\/10\/2016<\/p>\n<p style=\"text-align: center\">Aulas todos os dias das 18:00 \u00e0s 22:00h.<\/p>\n<p style=\"text-align: center\">Aula de campo dia 19\/10\/2016 das 14:00 \u00e0s 18:00 horas.<\/p>\n<p style=\"text-align: center\"><strong>Local de inscri\u00e7\u00e3o:<\/strong> Herb\u00e1rio HUENF<br \/>\nSala 108 do CBB\/UENF, de 14h \u00e0s 18h<\/p>\n<p>&nbsp;<\/p>\n<p style=\"text-align: center\"><strong>Mais informa\u00e7\u00f5es:<\/strong><\/p>\n<p style=\"text-align: center\">Tel.: (22) 2739-7271<\/p>\n<p style=\"text-align: center\">herbario@uenf.br<\/p>\n<p style=\"text-align: center\"><a href=\"https:\/\/www.facebook.com\/herbariouenf\/\">P\u00e1gina do herb\u00e1rio no Facebook<\/a><\/p>\n<p style=\"text-align: center\"><strong>Divulga\u00e7\u00e3o:<\/strong><\/p>\n<p style=\"text-align: center\"><a href=\"https:\/\/uenf.br\/cbb\/herbario\/files\/2016\/09\/Folder_curso_herb\u00e1rio_2016.pdf\">Folder<\/a><\/p>\n<p style=\"text-align: center\"><a href=\"https:\/\/uenf.br\/cbb\/herbario\/files\/2016\/09\/cartaz_curso-2016.pdf\">Cartaz<\/a><\/p>\n","protected":false},"excerpt":{"rendered":"<p>VIII Curso de Coleta, Herboriza\u00e7\u00e3o e Identifica\u00e7\u00e3o de Plantas do Norte-Noroeste Fluminense &nbsp; Caracter\u00edsticas gerais do curso: N\u00famero de vagas:&#8230;<\/p>\n","protected":false},"author":14,"featured_media":0,"parent":24,"menu_order":70,"comment_status":"closed","ping_status":"closed","template":"","meta":{"footnotes":""},"class_list":["post-576","page","type-page","status-publish","hentry"],"_links":{"self":[{"href":"https:\/\/uenf.br\/cbb\/herbario\/wp-json\/wp\/v2\/pages\/576","targetHints":{"allow":["GET"]}}],"collection":[{"href":"https:\/\/uenf.br\/cbb\/herbario\/wp-json\/wp\/v2\/pages"}],"about":[{"href":"https:\/\/uenf.br\/cbb\/herbario\/wp-json\/wp\/v2\/types\/page"}],"author":[{"embeddable":true,"href":"https:\/\/uenf.br\/cbb\/herbario\/wp-json\/wp\/v2\/users\/14"}],"replies":[{"embeddable":true,"href":"https:\/\/uenf.br\/cbb\/herbario\/wp-json\/wp\/v2\/comments?post=576"}],"version-history":[{"count":0,"href":"https:\/\/uenf.br\/cbb\/herbario\/wp-json\/wp\/v2\/pages\/576\/revisions"}],"up":[{"embeddable":true,"href":"https:\/\/uenf.br\/cbb\/herbario\/wp-json\/wp\/v2\/pages\/24"}],"wp:attachment":[{"href":"https:\/\/uenf.br\/cbb\/herbario\/wp-json\/wp\/v2\/media?parent=576"}],"curies":[{"name":"wp","href":"https:\/\/api.w.org\/{rel}","templated":true}]}}