{"id":75,"date":"2014-11-05T19:39:40","date_gmt":"2014-11-05T19:39:40","guid":{"rendered":"http:\/\/uenf.br\/cbb\/herbario\/?page_id=75"},"modified":"2021-11-09T12:18:21","modified_gmt":"2021-11-09T12:18:21","slug":"links-relacionados","status":"publish","type":"page","link":"https:\/\/uenf.br\/cbb\/herbario\/links-relacionados\/","title":{"rendered":"Links Relacionados"},"content":{"rendered":"<p><a href=\"http:\/\/biodiversidade.uenf.br\/\" target=\"_blank\" rel=\"noopener\">Biodiversidade UENF<\/a><\/p>\n<p><a href=\"http:\/\/www.cria.org.br\/\" target=\"_blank\" rel=\"noopener\">Centro de Refer\u00eancia em Informa\u00e7\u00e3o Ambiental<\/a><\/p>\n<p><a href=\"http:\/\/www.jbrj.gov.br\/\" target=\"_blank\" rel=\"noopener\">Instituto de Pesquisas Jardim Bot\u00e2nico do Rio de Janeiro<\/a><\/p>\n<p><a href=\"http:\/\/www.botanica.org.br\/conteudo.php?id=40\" target=\"_blank\" rel=\"noopener\">Rede Brasileira de Herb\u00e1rios (Taxonomia Vegetal)<\/a><\/p>\n<p><a href=\"http:\/\/www.restinga.net\/\" target=\"_blank\" rel=\"noopener\">Restinga Brasileira<\/a><\/p>\n<p align=\"justify\"><a href=\"http:\/\/www.microbacias.rj.gov.br\/banco_dados.jsp\" target=\"_blank\" rel=\"noopener\">Rio Rural<\/a><\/p>\n<p><a href=\"http:\/\/www.botanica.org.br\/\" target=\"_blank\" rel=\"noopener\">Sociedade Bot\u00e2nica do Brasil\u00a0<\/a><\/p>\n<p><a href=\"http:\/\/www-periodicos-capes-gov-br.ez81.periodicos.capes.gov.br\/index.php?option=com_phome\" target=\"_blank\" rel=\"noopener\">Peri\u00f3dicos Capes<\/a><\/p>\n<p>&nbsp;<\/p>\n","protected":false},"excerpt":{"rendered":"<p>Biodiversidade UENF Centro de Refer\u00eancia em Informa\u00e7\u00e3o Ambiental Instituto de Pesquisas Jardim Bot\u00e2nico do Rio de Janeiro Rede Brasileira de&#8230;<\/p>\n","protected":false},"author":14,"featured_media":0,"parent":0,"menu_order":13,"comment_status":"closed","ping_status":"open","template":"","meta":{"footnotes":""},"class_list":["post-75","page","type-page","status-publish","hentry"],"_links":{"self":[{"href":"https:\/\/uenf.br\/cbb\/herbario\/wp-json\/wp\/v2\/pages\/75","targetHints":{"allow":["GET"]}}],"collection":[{"href":"https:\/\/uenf.br\/cbb\/herbario\/wp-json\/wp\/v2\/pages"}],"about":[{"href":"https:\/\/uenf.br\/cbb\/herbario\/wp-json\/wp\/v2\/types\/page"}],"author":[{"embeddable":true,"href":"https:\/\/uenf.br\/cbb\/herbario\/wp-json\/wp\/v2\/users\/14"}],"replies":[{"embeddable":true,"href":"https:\/\/uenf.br\/cbb\/herbario\/wp-json\/wp\/v2\/comments?post=75"}],"version-history":[{"count":0,"href":"https:\/\/uenf.br\/cbb\/herbario\/wp-json\/wp\/v2\/pages\/75\/revisions"}],"wp:attachment":[{"href":"https:\/\/uenf.br\/cbb\/herbario\/wp-json\/wp\/v2\/media?parent=75"}],"curies":[{"name":"wp","href":"https:\/\/api.w.org\/{rel}","templated":true}]}}