{"id":773,"date":"2017-10-31T01:42:37","date_gmt":"2017-10-31T01:42:37","guid":{"rendered":"http:\/\/uenf.br\/cbb\/herbario\/?page_id=773"},"modified":"2023-05-30T14:35:05","modified_gmt":"2023-05-30T14:35:05","slug":"ix-mostra-de-extensao-iff-uenf-uff","status":"publish","type":"page","link":"https:\/\/uenf.br\/cbb\/herbario\/informativo-uenf\/ix-mostra-de-extensao-iff-uenf-uff\/","title":{"rendered":"IX Mostra de Extens\u00e3o IFF-UENF-UFF"},"content":{"rendered":"<p style=\"text-align: center\"><strong>HUENF marcando presen\u00e7a na XIV Semana Nacional de Ci\u00eancia e Tecnologia 2017 e IX Mostra de Extens\u00e3o IFF-UENF-UFF<\/strong><\/p>\n<p>Os bolsista do projeto de extens\u00e3o &#8220;O Herb\u00e1rio UENF Como Espa\u00e7o N\u00e3o Formal Para o Ensino da Biodiversidade da Flora do Norte-Fluminense&#8221; apresentaram o projeto na IX Mostra de Extens\u00e3o IFF-UENF-UFF que ocorre juntamente com a XIV Semana Nacional de Ci\u00eancia e Tecnologia 2017.<\/p>\n\n\t\t<style>\n\t\t\t#gallery-1 {\n\t\t\t\tmargin: auto;\n\t\t\t}\n\t\t\t#gallery-1 .gallery-item {\n\t\t\t\tfloat: left;\n\t\t\t\tmargin-top: 10px;\n\t\t\t\ttext-align: center;\n\t\t\t\twidth: 100%;\n\t\t\t}\n\t\t\t#gallery-1 img {\n\t\t\t\tborder: 2px solid #cfcfcf;\n\t\t\t}\n\t\t\t#gallery-1 .gallery-caption {\n\t\t\t\tmargin-left: 0;\n\t\t\t}\n\t\t\t\/* see gallery_shortcode() in wp-includes\/media.php *\/\n\t\t<\/style>\n\t\t<div id='gallery-1' class='gallery galleryid-773 gallery-columns-1 gallery-size-medium'><dl class='gallery-item'>\n\t\t\t<dt class='gallery-icon portrait'>\n\t\t\t\t<img decoding=\"async\" width=\"413\" height=\"550\" src=\"https:\/\/uenf.br\/cbb\/herbario\/files\/2017\/10\/WhatsApp-Image-2017-10-26-at-13.06.02.jpeg\" class=\"attachment-medium size-medium\" alt=\"\" loading=\"lazy\" \/>\n\t\t\t<\/dt><\/dl><br style=\"clear: both\" \/><dl class='gallery-item'>\n\t\t\t<dt class='gallery-icon landscape'>\n\t\t\t\t<img decoding=\"async\" width=\"550\" height=\"309\" src=\"https:\/\/uenf.br\/cbb\/herbario\/files\/2017\/10\/02.jpeg\" class=\"attachment-medium size-medium\" alt=\"\" loading=\"lazy\" \/>\n\t\t\t<\/dt><\/dl><br style=\"clear: both\" \/><dl class='gallery-item'>\n\t\t\t<dt class='gallery-icon portrait'>\n\t\t\t\t<img decoding=\"async\" width=\"413\" height=\"550\" src=\"https:\/\/uenf.br\/cbb\/herbario\/files\/2017\/10\/WhatsApp-Image-2017-10-26-at-13.08.07.jpeg\" class=\"attachment-medium size-medium\" alt=\"\" loading=\"lazy\" \/>\n\t\t\t<\/dt><\/dl><br style=\"clear: both\" \/>\n\t\t<\/div>\n\n","protected":false},"excerpt":{"rendered":"<p>HUENF marcando presen\u00e7a na XIV Semana Nacional de Ci\u00eancia e Tecnologia 2017 e IX Mostra de Extens\u00e3o IFF-UENF-UFF Os bolsista&#8230;<\/p>\n","protected":false},"author":14,"featured_media":0,"parent":24,"menu_order":60,"comment_status":"closed","ping_status":"closed","template":"","meta":{"footnotes":""},"class_list":["post-773","page","type-page","status-publish","hentry"],"_links":{"self":[{"href":"https:\/\/uenf.br\/cbb\/herbario\/wp-json\/wp\/v2\/pages\/773","targetHints":{"allow":["GET"]}}],"collection":[{"href":"https:\/\/uenf.br\/cbb\/herbario\/wp-json\/wp\/v2\/pages"}],"about":[{"href":"https:\/\/uenf.br\/cbb\/herbario\/wp-json\/wp\/v2\/types\/page"}],"author":[{"embeddable":true,"href":"https:\/\/uenf.br\/cbb\/herbario\/wp-json\/wp\/v2\/users\/14"}],"replies":[{"embeddable":true,"href":"https:\/\/uenf.br\/cbb\/herbario\/wp-json\/wp\/v2\/comments?post=773"}],"version-history":[{"count":0,"href":"https:\/\/uenf.br\/cbb\/herbario\/wp-json\/wp\/v2\/pages\/773\/revisions"}],"up":[{"embeddable":true,"href":"https:\/\/uenf.br\/cbb\/herbario\/wp-json\/wp\/v2\/pages\/24"}],"wp:attachment":[{"href":"https:\/\/uenf.br\/cbb\/herbario\/wp-json\/wp\/v2\/media?parent=773"}],"curies":[{"name":"wp","href":"https:\/\/api.w.org\/{rel}","templated":true}]}}