{"id":968,"date":"2019-03-25T19:55:19","date_gmt":"2019-03-25T19:55:19","guid":{"rendered":"http:\/\/uenf.br\/cbb\/herbario\/?page_id=968"},"modified":"2024-12-18T15:28:21","modified_gmt":"2024-12-18T15:28:21","slug":"53658-2","status":"publish","type":"page","link":"https:\/\/uenf.br\/cbb\/herbario\/publicacoes\/53658-2\/","title":{"rendered":"Cartilhas Programa Rio Rural"},"content":{"rendered":"<p><a href=\"https:\/\/uenf.br\/cbb\/herbario\/files\/2019\/04\/Flora-Caixa-dagua-2018.pdf\">Flora arb\u00f3rea Trajano de Morais, RJ. Microbacia caixa d\u2019\u00e1gua<\/a><\/p>\n<p><a href=\"https:\/\/uenf.br\/cbb\/herbario\/files\/2019\/04\/Flora-Santa-Maria-2018.pdf\">Flora arb\u00f3rea S\u00e3o Jos\u00e9 de Ub\u00e1, RJ. Microbacia val\u00e3o de Santa Maria<\/a><\/p>\n<p><a href=\"https:\/\/uenf.br\/cbb\/herbario\/files\/2019\/04\/florabc2018.pdf\">Flora arb\u00f3rea S\u00e3o Francisco de Itabapoana, RJ. Microbacia Brejo da cobi\u00e7a.<\/a><\/p>\n<p>&nbsp;<\/p>\n","protected":false},"excerpt":{"rendered":"<p>Flora arb\u00f3rea Trajano de Morais, RJ. Microbacia caixa d\u2019\u00e1gua Flora arb\u00f3rea S\u00e3o Jos\u00e9 de Ub\u00e1, RJ. Microbacia val\u00e3o de Santa&#8230;<\/p>\n","protected":false},"author":14,"featured_media":0,"parent":18,"menu_order":102,"comment_status":"closed","ping_status":"closed","template":"","meta":{"footnotes":""},"class_list":["post-968","page","type-page","status-publish","hentry"],"_links":{"self":[{"href":"https:\/\/uenf.br\/cbb\/herbario\/wp-json\/wp\/v2\/pages\/968","targetHints":{"allow":["GET"]}}],"collection":[{"href":"https:\/\/uenf.br\/cbb\/herbario\/wp-json\/wp\/v2\/pages"}],"about":[{"href":"https:\/\/uenf.br\/cbb\/herbario\/wp-json\/wp\/v2\/types\/page"}],"author":[{"embeddable":true,"href":"https:\/\/uenf.br\/cbb\/herbario\/wp-json\/wp\/v2\/users\/14"}],"replies":[{"embeddable":true,"href":"https:\/\/uenf.br\/cbb\/herbario\/wp-json\/wp\/v2\/comments?post=968"}],"version-history":[{"count":0,"href":"https:\/\/uenf.br\/cbb\/herbario\/wp-json\/wp\/v2\/pages\/968\/revisions"}],"up":[{"embeddable":true,"href":"https:\/\/uenf.br\/cbb\/herbario\/wp-json\/wp\/v2\/pages\/18"}],"wp:attachment":[{"href":"https:\/\/uenf.br\/cbb\/herbario\/wp-json\/wp\/v2\/media?parent=968"}],"curies":[{"name":"wp","href":"https:\/\/api.w.org\/{rel}","templated":true}]}}