{"id":21,"date":"2011-12-05T15:22:23","date_gmt":"2011-12-05T17:22:23","guid":{"rendered":"http:\/\/uenf.br\/cbb\/lbct\/?page_id=21"},"modified":"2025-07-23T13:14:11","modified_gmt":"2025-07-23T16:14:11","slug":"docentes","status":"publish","type":"page","link":"https:\/\/uenf.br\/cbb\/lbct\/docentes\/","title":{"rendered":"Corpo Docente"},"content":{"rendered":"<h2><strong>1) Prof. Dr. Ant\u00f4nio Jesus Dorighetto Cogo<\/strong><\/h2>\n<p><img loading=\"lazy\" decoding=\"async\" class=\"wp-image-339 alignleft\" src=\"https:\/\/uenf.br\/cbb\/lbct\/files\/2024\/03\/fotos-antonio-cogo-150x150.jpg\" alt=\"\" width=\"158\" height=\"158\" \/><\/p>\n<p>LBCT\/CBB\/UENF<\/p>\n<p>Fone: (22) 27486239<\/p>\n<p>antoniocogo@uenf.br<\/p>\n<p><a href=\"http:\/\/lattes.cnpq.br\/9753308606151415\">Curr\u00edculo lattes<\/a><\/p>\n<div>Graduado em Ci\u00eancias Biol\u00f3gicas pela Universidade Vila Velha (2010), mestrado (2013) e doutorado em Bioci\u00eancias e Biotecnologia (2016) pela Universidade Estadual do Norte Fluminense Darcy Ribeiro, onde investigou a influ\u00eancia de poliaminas na transi\u00e7\u00e3o morfog\u00eanica, homeostase i\u00f4nica e transdu\u00e7\u00e3o de sinais em leveduras. Fez p\u00f3s-doutorado na mesma institui\u00e7\u00e3o (2017-2020), onde buscou elucidar o papel das bombas prot\u00f4nicas no crescimento e morfog\u00eanese de c\u00e9lulas f\u00fangicas e, posteriormente, na Universidade Federal do Rio de Janeiro (2021-2023), onde investigou e caracterizou a fisiologia e bioqu\u00edmica de plantas raras e os efeitos de nanopart\u00edculas de carbono na regula\u00e7\u00e3o do crescimento vegetal. Atualmente \u00e9 professor associado no Laborat\u00f3rio de Biologia Celular e Tecidual (LBCT\/CBB), na Universidade Estadual do Norte Fluminense Darcy Ribeiro. Tem interesse no estudo de transceptores celulares, como forma de elucidar os mecanismos moleculares e bioqu\u00edmicos que orquestram os sistemas celulares.<\/div>\n<div><\/div>\n<p><strong>Linhas de pesquisa:<\/strong><\/p>\n<p>1- Moduladores da morfog\u00eanese celular durante o crescimento polarizado<\/p>\n<div>2- Eletrofisiologia e bioeletrog\u00eanese experimental<\/div>\n<div><\/div>\n<h2><\/h2>\n<h2>2) Prof. Dr. Arnoldo Rocha Fa\u00e7anha<\/h2>\n<p><img loading=\"lazy\" decoding=\"async\" class=\"alignleft wp-image-75\" src=\"https:\/\/uenf.br\/cbb\/lbct\/files\/2011\/12\/Arnoldo-Rocha-Facanha-150x150.jpg\" alt=\"Prof. Dr. Arnoldo Rocha FA\u00e7anha\" width=\"163\" height=\"163\" \/><\/p>\n<p>LBCT\/CBB\/UENF<\/p>\n<p>Fone: (22) 2739-6604<\/p>\n<p>arnoldo@uenf.br<\/p>\n<p><a href=\"http:\/\/lattes.cnpq.br\/9919135586409472\" target=\"_blank\" rel=\"noopener\">Curr\u00edculo lattes<\/a><\/p>\n<p>Bacharel em Ci\u00eancias Biol\u00f3gicas pela UFC (1992), Mestrado (1995) e Doutorado (1998) em Qu\u00edmica Biol\u00f3gica pela UFRJ, sob orienta\u00e7\u00e3o do eminente Prof. Leopoldo de Meis. Iniciou sua carreira docente em 1999 na UENF, onde coordenou o Curso de Ci\u00eancias Biol\u00f3gicas (2003-2007) e foi Diretor do Centro de Bioci\u00eancias e Biotecnologia (2007-2011).<\/p>\n<p><strong>Linhas de pesquisa:<\/strong><\/p>\n<p>1- Bases da energ\u00e9tica e da sinaliza\u00e7\u00e3o celular associadas \u00e0 adapta\u00e7\u00e3o de plantas \u00e0 estresses ambientais e \u00e0 intera\u00e7\u00e3o com microrganismos simbiontes<\/p>\n<p>2- Estudo da bioenerg\u00e9tica de sistemas vegetais<\/p>\n<p>3- Bases bioqu\u00edmica e molecular das respostas adaptativas das plantas ao estresse promovido por sais de fl\u00faor e alum\u00ednio<\/p>\n<p>4- Bases da energ\u00e9tica e da sinaliza\u00e7\u00e3o celular associadas \u00e0 adapta\u00e7\u00e3o de plantas \u00e0 estresses ambientais e \u00e0 intera\u00e7\u00e3o com microrganismos simbiontes<\/p>\n<p>5- Homeostase i\u00f4nica e transdu\u00e7\u00e3o de sinal em microrganismos eucari\u00f3ticos e plantas<\/p>\n<h2>3) Prof. Dr. Arthur Giraldi Guimar\u00e3es<\/h2>\n<p><img loading=\"lazy\" decoding=\"async\" class=\"alignleft\" src=\"http:\/\/servicosweb.cnpq.br\/wspessoa\/servletrecuperafoto?tipo=1&amp;id=K4790983T3\" width=\"180\" height=\"248\" \/><\/p>\n<p>&nbsp;<\/p>\n<p>LBCT\/CBB\/UENF<\/p>\n<p>Fone: (22) 27397340<\/p>\n<p>agiraldi@uenf.br<\/p>\n<p><a href=\"http:\/\/lattes.cnpq.br\/1387531666012807\" target=\"_blank\" rel=\"noopener\">Curr\u00edculo lattes<\/a><\/p>\n<p>&nbsp;<\/p>\n<p>Possui gradua\u00e7\u00e3o em Ci\u00eancias Biol\u00f3gicas (Bacharelado em Gen\u00e9tica) pela Universidade Federal do Rio de Janeiro (1998), mestrado em Qu\u00edmica Biol\u00f3gica pela Universidade Federal do Rio de Janeiro (2001) e doutorado em Ci\u00eancias Biol\u00f3gicas (Biof\u00edsica) pela Universidade Federal do Rio de Janeiro (2005). Atualmente \u00e9 Professor Associado da Universidade Estadual do Norte Fluminense Darcy Ribeiro (UENF).<\/p>\n<p><strong>Linhas de pesquisa:<\/strong><\/p>\n<p>1-<\/p>\n<p>2-<\/p>\n<h2>4) Profa. Dra. Claudete Santa Catarina<\/h2>\n<p><img loading=\"lazy\" decoding=\"async\" class=\"alignleft wp-image-144\" src=\"https:\/\/uenf.br\/cbb\/lbct\/files\/2011\/12\/Claudete-Santa-Catarina-2-150x150.jpg\" alt=\"Profa. Dra. Claudete Santa Catarina\" width=\"169\" height=\"169\" \/><\/p>\n<p style=\"text-align: justify\">LBCT\/CBB\/UENF<\/p>\n<p>claudete@uenf.br<\/p>\n<p>Fone: (22) 2739-7898 \/ 27486122<\/p>\n<p><a title=\"Curr\u00edculo Lattes Profa.Claudete Santa Catarina\" href=\"http:\/\/lattes.cnpq.br\/7135205469875532\" target=\"_blank\" rel=\"noopener\">Curr\u00edculo lattes<\/a><\/p>\n<p>Possui gradua\u00e7\u00e3o em Agronomia pela Universidade Federal de Santa Catarina (1998), mestrado em Biologia Vegetal pela Universidade Federal de Santa Catarina (2001) e doutorado em Biotecnologia pela Universidade de S\u00e3o Paulo (2005). Realizou o p\u00f3s-doutorado na Universidade de S\u00e3o Paulo. Atualmente \u00e9 Professora Associada na Universidade Estadual do Norte Fluminense (UENF).<\/p>\n<p style=\"text-align: justify\"><strong>Linhas de pesquisa:<\/strong><\/p>\n<p>1- Fisiologia e bioqu\u00edmica do desenvolvimento vegetal<\/p>\n<p>2- Morfog\u00eanese in vitro<\/p>\n<p>3- Metabolismo de \u00f3xido n\u00edtrico em plantas<\/p>\n<p>4- Biotecnologia vegetal<\/p>\n<h2>5) Prof. Dr. Cl\u00f3vis de Paula Santos<\/h2>\n<p><img loading=\"lazy\" decoding=\"async\" class=\"alignleft wp-image-375\" src=\"https:\/\/uenf.br\/cbb\/lbct\/files\/2024\/07\/foto-clovis-atualizacao-site-e1721397794530-150x150.jpg\" alt=\"\" width=\"158\" height=\"158\" \/><\/p>\n<p>LBCT\/CBB\/UENF<\/p>\n<p>cps@uenf.br<\/p>\n<p>Fone: (22) 2739-7180<\/p>\n<p><a href=\"http:\/\/lattes.cnpq.br\/3167591609809163\" target=\"_blank\" rel=\"noopener\">Curr\u00edculo lattes<\/a><\/p>\n<p>Possui gradua\u00e7\u00e3o em Ci\u00eancias Biol\u00f3gicas Licenciatura (1990) e Bacharelado \u00eanfase em Zoologia (1993) pela Universidade Federal de Juiz de Fora, mestrado em Medicina Veterin\u00e1ria Parasitologia Veterin\u00e1ria (1996) e Doutorado (2000) pela Universidade Federal Rural do Rio de Janeiro. Atuou como bolsista da Embrapa Gado de Leite desenvolvendo atividades de pesquisa para o controle das verminoses em gado de leite. \u00a0Atualmente \u00e9 Professor Associado I da Universidade Estadual do Norte Fluminense &#8211; UENF; Presidente da comiss\u00e3o de Biot\u00e9rio; Presidente da comiss\u00e3o de \u00e9tica no uso de animais &#8211; CEUA, Coordenador do Biot\u00e9rio Central da UENF.<\/p>\n<p><strong>Linhas de Pesquisa:<\/strong><\/p>\n<p>1- Controle biol\u00f3gico de nemat\u00f3ides<\/p>\n<p>2- Controle de nematoides gastrintestinais<\/p>\n<p>3- Helmintologia<\/p>\n<h2>6) Prof. Dr. Ed\u00e9sio Jos\u00e9 Ten\u00f3rio de Melo<\/h2>\n<p><img loading=\"lazy\" decoding=\"async\" class=\"alignleft wp-image-383\" src=\"https:\/\/uenf.br\/cbb\/lbct\/files\/2025\/02\/foto-edesio-para-atualizacao-do-site-150x150.jpg\" alt=\"\" width=\"155\" height=\"155\" srcset=\"https:\/\/uenf.br\/cbb\/lbct\/files\/2025\/02\/foto-edesio-para-atualizacao-do-site-150x150.jpg 150w, https:\/\/uenf.br\/cbb\/lbct\/files\/2025\/02\/foto-edesio-para-atualizacao-do-site-600x600.jpg 600w\" sizes=\"auto, (max-width: 155px) 100vw, 155px\" \/><\/p>\n<p>LBCT\/CBB\/UENF<\/p>\n<p>ejtm@uenf.br<\/p>\n<p>Fone: (22) 2739-7175<\/p>\n<p><a href=\"http:\/\/lattes.cnpq.br\/8971972802186365\" target=\"_blank\" rel=\"noopener\">Curr\u00edculo lattes<\/a><\/p>\n<p>Possui gradua\u00e7\u00e3o em Ci\u00eancias Biol\u00f3gicas pela Universidade Federal de Pernambuco (1985), mestrado em Ci\u00eancias Biol\u00f3gicas (Biof\u00edsica) pela Universidade Federal do Rio de Janeiro (1992) e doutorado em Ci\u00eancias Biol\u00f3gicas (Biof\u00edsica) pela Universidade Federal do Rio de Janeiro (1996). Atualmente \u00e9 Professor Associado da Universidade Estadual do Norte Fluminense Darcy Ribeiro.<\/p>\n<p><strong>Linhas de Pesquisa:\u00a0<\/strong><\/p>\n<p>1- Desenvolvimento e testes de novos compostos com a\u00e7\u00e3o antitumoral e antiparasit\u00e1ria<\/p>\n<p>2- Biologia celular de protozo\u00e1rios parasitas<\/p>\n<p>3-Toxicologia celular de drogas com fins quimioter\u00e1picos e de metais pesados<\/p>\n<h2>7) Prof. Dr. F\u00e1bio Lopes Olivares<\/h2>\n<p><img loading=\"lazy\" decoding=\"async\" class=\"alignleft wp-image-155\" src=\"https:\/\/uenf.br\/cbb\/lbct\/files\/2011\/12\/Fabio-olivares1-150x150.jpg\" alt=\"Prof. Dr. F\u00e1bio Olivares\" width=\"155\" height=\"155\" \/><\/p>\n<p>LBCT\/CBB\/UENF<\/p>\n<p>fabioliv@uenf.br<\/p>\n<p>Fone: (22) 2739-7307<\/p>\n<p><a title=\"Curr\u00edculo lattes\" href=\"http:\/\/lattes.cnpq.br\/3555567955507382\" target=\"_blank\" rel=\"noopener\">Curr\u00edculo lates<\/a><\/p>\n<p style=\"text-align: justify\">Possui gradua\u00e7\u00e3o em Engenharia Agron\u00f4mica pela Universidade Federal de Vi\u00e7osa (1989) e Doutorado em Agronomia (Ci\u00eancias do Solo) pela Universidade Federal Rural do Rio de Janeiro (1997). Atualmente \u00e9 Professor Associado I da Universidade Estadual do Norte Fluminense Darcy Ribeiro.<\/p>\n<p><strong>Linhas de Pesquisa:<\/strong><\/p>\n<p>1- Taxonomia e Ecologia de bact\u00e9rias do g\u00eanero Herbaspirillum<\/p>\n<p>2- Taxonomia, Ecologia e Mecanismos envolvidos na infec\u00e7\u00e3o e coloniza\u00e7\u00e3o de plantas de cana-de-a\u00e7\u00facar (Saccharum sp. hyb.) por bact\u00e9rias diazotr\u00f3ficas endof\u00edticas do g\u00eanero Herbaspirillum<\/p>\n<p>3- Fixa\u00e7\u00e3o Biol\u00f3gica de Nitrog\u00eanio em Cana-de-a\u00e7\u00facar<\/p>\n<p>4- Fixa\u00e7\u00e3o Biol\u00f3gica de Nitrog\u00eanio em Gram\u00edneas<\/p>\n<p style=\"text-align: justify\">5- Desenvolvimento de Tecnologias para inocula\u00e7\u00e3o de estirpes selecionadas de bact\u00e9rias diazotr\u00f3ficas endof\u00edticas para inocula\u00e7\u00e3o em plantas de cana-de-a\u00e7\u00facar e fruteiras tropicais.<\/p>\n<p style=\"text-align: justify\">6- Desenvolvimento de Tecnologias para co-inocula\u00e7\u00e3o de bact\u00e9rias promotoras de crescimento e \u00e1cidos-h\u00famicos.<\/p>\n<p style=\"text-align: justify\">7- Bases estruturais e bioqu\u00edmicas da promo\u00e7\u00e3o do crescimento vegetal por bact\u00e9rias diazotr\u00f3ficas endof\u00edticas<\/p>\n<p style=\"text-align: justify\">8- Isolamento e caracteriza\u00e7\u00e3o de bact\u00e9rias epif\u00edticas e endof\u00edticas para uso em programas de promo\u00e7\u00e3o de crescimento vegetal (fruteiras tropicais e cana-de-a\u00e7\u00facar)<\/p>\n<h2><strong>\u00a0<\/strong>8) Prof. Dr. Glauber Monteiro Dias<\/h2>\n<p><img loading=\"lazy\" decoding=\"async\" class=\"alignleft\" src=\"http:\/\/servicosweb.cnpq.br\/wspessoa\/servletrecuperafoto?tipo=1&amp;id=K4775436Z8\" width=\"146\" height=\"178\" \/><\/p>\n<p>LBCT\/CBB\/UENF<\/p>\n<p>Fone: (22) 2739-7164<\/p>\n<p>glauber@uenf.br<\/p>\n<p><a href=\"http:\/\/lattes.cnpq.br\/6108707141487501\" target=\"_blank\" rel=\"noopener\">Curr\u00edculo lattes<\/a><\/p>\n<p style=\"text-align: justify\">Possui Gradua\u00e7\u00e3o em Ci\u00eancias Biol\u00f3gicas (2004) pela Universidade Estadual do Norte Fluminense Darcy Ribeiro &#8211; UENF, com Mestrado (2006) e Doutorado (2012) em Bioci\u00eancias e Biotecnologia pela mesma institui\u00e7\u00e3o. No Laborat\u00f3rio de Biologia Celular e Tecidual (LBCT) da UENF trabalhou na linha de pesquisa &#8220;matura\u00e7\u00e3o esperm\u00e1tica em mam\u00edferos&#8221; com microscopia, bioqu\u00edmica de prote\u00ednas e proteoma. Em 2009, assumiu um cargo de bi\u00f3logo no Instituto Nacional de Cardiologia (INC). Em 2020, retornou \u00e0 UENF como Professor Associado do LBCT. O professor tamb\u00e9m est\u00e1 na coordena\u00e7\u00e3o do Laborat\u00f3rio de Biologia Molecular da Unidade de Experimenta\u00e7\u00e3o Animal (UEA) da UENF, uma unidade multiusu\u00e1rio com foco em gen\u00e9tica molecular e sequenciamento de DNA.<span class=\"texto\">\u00a0<\/span><\/p>\n<p><strong>Linhas de Pesquisa:<\/strong><\/p>\n<p>1- Cardiologia molecular translacional: bases gen\u00e9ticas e moleculares das doen\u00e7as cardiovasculares heredit\u00e1rias e cong\u00eanitas<\/p>\n<p>2- Estudo da genotoxicidade de radia\u00e7\u00e3o ionizante em exames de imagem.<\/p>\n<h2>9) Profa. Dra. Maura da Cunha<\/h2>\n<p><img loading=\"lazy\" decoding=\"async\" class=\"alignleft wp-image-350\" src=\"https:\/\/uenf.br\/cbb\/lbct\/files\/2024\/03\/foto-maura-para-atualizacao-site-150x150.jpg\" alt=\"\" width=\"160\" height=\"160\" srcset=\"https:\/\/uenf.br\/cbb\/lbct\/files\/2024\/03\/foto-maura-para-atualizacao-site-150x150.jpg 150w, https:\/\/uenf.br\/cbb\/lbct\/files\/2024\/03\/foto-maura-para-atualizacao-site-300x300.jpg 300w, https:\/\/uenf.br\/cbb\/lbct\/files\/2024\/03\/foto-maura-para-atualizacao-site.jpg 556w\" sizes=\"auto, (max-width: 160px) 100vw, 160px\" \/><\/p>\n<p>LBCT\/CBB\/UENF<\/p>\n<p>Fone: (22) 2739-7263<\/p>\n<p>maura@uenf.br<\/p>\n<p><a href=\"http:\/\/lattes.cnpq.br\/3555799356851041\" target=\"_blank\" rel=\"noopener\">Curr\u00edculo lattes<\/a><\/p>\n<p style=\"text-align: justify\">\u00a0Possui gradua\u00e7\u00e3o em Ci\u00eancias Biol\u00f3gicas (Bacharelado e Licenciatura) pela Universidade Santa \u00darsula (1988), mestrado e doutorado em Ci\u00eancias (Biof\u00edsica) pela Universidade Federal do Rio de Janeiro (1993, 1998). Atualmente \u00e9 professora associada da Universidade Estadual do Norte Fluminense Darcy Ribeiro. Foi Coordenadora do curso de Gradua\u00e7\u00e3o Bacharelado em Ci\u00eancias Biol\u00f3gicas (2000 a 2003). Bolsista de produtividade II CNPq desde 2002 e avaliadora Institucional e de curso. Recebeu premio Jovem Cientista do Estado do RJ (FAPERJ2007). Coordenadora de projetos de pesquisa em v\u00e1rios \u00f3rg\u00e3os financiadores como: CNPq, FAPERJ e CAPES. Atualmente \u00e9 editora de \u00e1rea (Bot\u00e2nica Estrutural) da Acta Bot\u00e2nica Brasilica, sendo consultora ad hoc de v\u00e1rias revistas nacionais e internacionais. Atua tamb\u00e9m na an\u00e1lise de projeto e relat\u00f3rios de v\u00e1rias ag\u00eancias de fomento com CNPQ e FAPs de v\u00e1rios estados.<\/p>\n<p style=\"text-align: justify\"><strong>Linhas de Pesquisa:<\/strong><\/p>\n<p style=\"text-align: justify\">1- Anatomia e ultraestrutura de esp\u00e9cies da Mata Atl\u00e2ntica<\/p>\n<p style=\"text-align: justify\">2- Estudo da Intera\u00e7\u00e3o microrganismo\/planta<\/p>\n<p style=\"text-align: justify\">3- Bases estruturais e bioqu\u00edmicas da resposta de plantas a estresses bi\u00f3ticos e abi\u00f3ticos<\/p>\n<p style=\"text-align: justify\">4- Executora do projeto Institucional Estudos Bot\u00e2nicos da Mata Atl\u00e2ntica<\/p>\n<h2>10) Prof. Dr. Renato Augusto DaMatta<\/h2>\n<p><img loading=\"lazy\" decoding=\"async\" class=\"alignleft wp-image-178\" src=\"https:\/\/uenf.br\/cbb\/lbct\/files\/2011\/12\/Renato1.jpg\" alt=\"\" width=\"157\" height=\"157\" \/><\/p>\n<p>LBCT\/CBB\/UENF<\/p>\n<p>Fone: (22) 2739-7310<\/p>\n<p>renato@uenf.br<\/p>\n<p><a href=\"http:\/\/lattes.cnpq.br\/6212140983414786\" target=\"_blank\" rel=\"noopener\">Curr\u00edculo lattes<\/a><\/p>\n<p style=\"text-align: justify\">Possui gradua\u00e7\u00e3o em Ci\u00eancias Biol\u00f3gicas (University of Notre Dame, IN, EUA 1990), mestrado em Ci\u00eancias Biol\u00f3gicas (1993) e doutorado em Ci\u00eancias pelo Instituto de Biof\u00edsica Carlos Chagas Filho, UFRJ (1997) e p\u00f3s-doutorado na Washington University of Saint Louis, MO, EUA (2007). Atualmente \u00e9 professor associado I da Universidade Estadual do Norte Fluminense.<\/p>\n<p style=\"text-align: justify\"><strong>Linhas de Pesquisa:<\/strong><\/p>\n<p style=\"text-align: justify\">1- Intera\u00e7\u00e3o protozo\u00e1rio c\u00e9lula hospedeira<\/p>\n<p>2- Quimioterapia contra protozo\u00e1rios<\/p>\n<p>3- Mecanismo evasivo de protozo\u00e1rios<\/p>\n<h2>11) Prof. Dr. S\u00e9rgio Henrique Seabra<\/h2>\n<p><img loading=\"lazy\" decoding=\"async\" class=\"alignleft wp-image-386\" src=\"https:\/\/uenf.br\/cbb\/lbct\/files\/2025\/02\/foto-sergio-para-atualizacao-do-site-150x150.jpg\" alt=\"\" width=\"156\" height=\"156\" srcset=\"https:\/\/uenf.br\/cbb\/lbct\/files\/2025\/02\/foto-sergio-para-atualizacao-do-site-150x150.jpg 150w, https:\/\/uenf.br\/cbb\/lbct\/files\/2025\/02\/foto-sergio-para-atualizacao-do-site-600x600.jpg 600w\" sizes=\"auto, (max-width: 156px) 100vw, 156px\" \/><\/p>\n<p>LBCT\/CBB\/UENF<\/p>\n<p>Fone: (22)2739-7082<\/p>\n<p>seabra@uenf.br<\/p>\n<p><a href=\"http:\/\/lattes.cnpq.br\/6301573844997242\" target=\"_blank\" rel=\"noopener\">Curriculo lattes<\/a><\/p>\n<p style=\"text-align: justify\">Possui gradua\u00e7\u00e3o em Ci\u00eancias Biol\u00f3gicas pela Universidade Estadual do Norte Fluminense Darcy Ribeiro (1997), mestrado em Bioci\u00eancias e Biotecnologia pela Universidade Estadual do Norte Fluminense Darcy Ribeiro (1999) e doutorado em Ci\u00eancias Biol\u00f3gicas (Biof\u00edsica) pela Universidade Federal do Rio de Janeiro (2003). Ficou a frente da Pr\u00f3-Reitoria de pesquisa e P\u00f3s Gradua\u00e7\u00e3o do Centro Universit\u00e1rio Estadual da Zona Oeste de 2006 at\u00e9 2011. Tem experi\u00eancia na \u00e1rea de Biof\u00edsica, com \u00eanfase em Biologia Celular e Imunobiologia, atuando principalmente nos seguintes temas: Toxoplasma gondii, Trypanosoma cruzi, Leishmania sp., \u00f3xido n\u00edtrico, Atividade de iNOS e quimioterapia contra parasitos protozo\u00e1rios. Al\u00e9m disso tem experi\u00eancia em microscopia de luz, Microscopia Eletr\u00f4nica de Transmiss\u00e3o e Varredura, Bioqu\u00edmica, Patologia, Fisiologia, Histologia (na \u00e1rea de Engenharia de tecidos e Impress\u00e3o 3d de tecidos), Gest\u00e3o da qualidade, An\u00e1lises Cl\u00ednicas e atua como professor em todas essas \u00e1reas. Atualmente \u00e9 professor Associado da UENF.<\/p>\n<p><strong>Linhas de Pesquisa:<\/strong><\/p>\n<p>1-Engenharia de tecidos: Tratamento de \u00falceras de c\u00e3es e gatos com Pele artificial.<\/p>\n<p>2-Quimioterapia de Parasitos Protozo\u00e1rios utilizando Meralocomplexos.<\/p>\n<h2>12) Profa. Dra. Sheila Esp\u00edrito Santo Ara\u00fajo<\/h2>\n<p><img loading=\"lazy\" decoding=\"async\" class=\"alignleft\" src=\"https:\/\/mail.google.com\/mail\/u\/0?ui=2&amp;ik=2dd99ac70b&amp;attid=0.1&amp;permmsgid=msg-f:1766707551562205267&amp;th=18849b2860dd8853&amp;view=fimg&amp;fur=ip&amp;sz=s0-l75-ft&amp;attbid=ANGjdJ_kLjjs1X4C-hD-Vx269vi_D-mKdl8ru6mEEqB8HxO5DEgkIvc9IMN3hWAjOf5AQ11pj3XMOKRgx_yKReRJvkiXu6XdAtycehPRXQjBwowv8y6NOhExGohsmxY&amp;disp=emb&amp;realattid=ii_li0k9ncx0\" alt=\"WhatsApp Image 2023-05-23 at 14.36.34.jpeg\" width=\"176\" height=\"193\" \/><\/p>\n<p>LBCT\/CBB\/UENF<\/p>\n<p>espiritosanto.sheila@uenf.br<\/p>\n<p>Fone: (22) 2739-7328<\/p>\n<p><a title=\"Prof. Dr. Renato Augusto DaMatta\" href=\"http:\/\/lattes.cnpq.br\/9491350545200146\" target=\"_blank\" rel=\"noopener\">Curr\u00edculo lattes<\/a><\/p>\n<p style=\"text-align: justify\">Possui gradua\u00e7\u00e3o em Biomedicina (2003-2007) e mestrado em Neuroimunologia (2008-2010) pela UFF, e doutorado em Ci\u00eancias Biol\u00f3gicas (Biof\u00edsica) pela UFRJ (2011-2014) com per\u00edodo sandu\u00edche na Virginia Commonwealth University, EUA (2010-2014). Foi P\u00f3s-doc pelo programa PAPD-RJ no Laborat\u00f3rio de Neurobiologia Celular do ICB, UFRJ (2014-2017). Foi professora efetiva de Biologia Celular e Tecidual da UEMG (2017-2020). Atualmente \u00e9 Professora Associada do Laborat\u00f3rio de Biologia Celular e Tecidual do Centro de Bioci\u00eancias e Biotecnologia (CBB) da Universidade Estadual do Norte Fluminense Darcy Ribeiro (UENF). \u00c9 docente credenciada no Programa de P\u00f3s-gradua\u00e7\u00e3o de Bioci\u00eancias e Biotecnologia (PGBB). Tem experi\u00eancia na \u00e1rea de Neuroci\u00eancias, atuando principalmente nos seguintes temas: mecanismos celulares e tratamento da esclerose m\u00faltipla utilizando, neurobiologia do astr\u00f3cito, desenvolvimento e plasticidade do SNC.<\/p>\n<p style=\"text-align: justify\"><strong>Linhas de Pesquisa:<\/strong><strong>\u00a0<\/strong><\/p>\n<p style=\"text-align: justify\">1- Neuroplasticidade do sistema visual na desmieliniza\u00e7\u00e3o e\/ou \u00a0inflama\u00e7\u00e3o<\/p>\n<p>2- A via de Nogo-A-RhoA na \u00a0neuroplasticidade e esclerose m\u00faltipla<\/p>\n<p>3- Mecanismos celulares e terapias associados \u00e0 esclerose m\u00faltipla<\/p>\n<p>4- Desmieliniza\u00e7\u00e3o inflamat\u00f3ria associada \u00e0 esclerose m\u00faltipla e sua rela\u00e7\u00e3o com infec\u00e7\u00f5es.<\/p>\n<h2>13) Prof. Dr. Vitor Batista Pinto<\/h2>\n<p><img loading=\"lazy\" decoding=\"async\" class=\"alignleft size-thumbnail wp-image-294\" src=\"https:\/\/uenf.br\/cbb\/lbct\/files\/2023\/04\/prof.-vitor-pinto-150x150.jpg\" alt=\"\" width=\"150\" height=\"150\" \/><\/p>\n<p>LBCT\/CBB\/UENF<\/p>\n<p>Fone: (22) 27486240<\/p>\n<p>vitorbp@uenf.br<\/p>\n<p><a href=\"http:\/\/lattes.cnpq.br\/4343507117649561\" target=\"_blank\" rel=\"noopener\">Curr\u00edculo lattes<\/a><\/p>\n<p>Gradua\u00e7\u00e3o em Agronomia pela Universidade Federal de Minas Gerais (2013) e Doutorado em Gen\u00e9tica e Melhoramento pela Universidade Federal de Vi\u00e7osa (2019) com per\u00edodo sandu\u00edche na Universit\u00e0 degli Studi di Padova (It\u00e1lia). P\u00f3s-doutorado em Biotecnologia Vegetal pela Universidade Estadual do Norte Fluminense Darcy Ribeiro pelo programa FAPERJ PDR10. Atualmente, Professor Associado do LBCT (CBB-UENF) e docente credenciado do Programa de P\u00f3s-gradua\u00e7\u00e3o em Biotecnologia Vegetal (PGBV-UENF).\u00a0Desenvolve pesquisas nas \u00e1reas de Biologia Integrativa aplicada \u00e0s respostas de toler\u00e2ncia a estresses abi\u00f3ticos utilizando abordagens \u00f4micas.<\/p>\n<div><b>Linhas de pesquisa:<\/b><\/div>\n<div>1 &#8211; Mecanismos moleculares e aspectos morfofisiol\u00f3gicos da toler\u00e2ncia a metais pesados e salinidade utilizando abordagens de transcript\u00f4mica e prote\u00f4mica<\/div>\n<div><\/div>\n<div>2 &#8211; Bases estruturais e bioqu\u00edmicas da resposta a estresses abi\u00f3ticos<\/div>\n<div><\/div>\n<div>3 &#8211; Biotecnologia Vegetal<\/div>\n","protected":false},"excerpt":{"rendered":"<p>1) Prof. Dr. Ant\u00f4nio Jesus Dorighetto Cogo LBCT\/CBB\/UENF Fone: (22) 27486239 antoniocogo@uenf.br Curr\u00edculo lattes Graduado em Ci\u00eancias Biol\u00f3gicas pela Universidade&#8230;<\/p>\n","protected":false},"author":3,"featured_media":0,"parent":0,"menu_order":1,"comment_status":"closed","ping_status":"closed","template":"","meta":{"footnotes":""},"class_list":["post-21","page","type-page","status-publish","hentry"],"_links":{"self":[{"href":"https:\/\/uenf.br\/cbb\/lbct\/wp-json\/wp\/v2\/pages\/21","targetHints":{"allow":["GET"]}}],"collection":[{"href":"https:\/\/uenf.br\/cbb\/lbct\/wp-json\/wp\/v2\/pages"}],"about":[{"href":"https:\/\/uenf.br\/cbb\/lbct\/wp-json\/wp\/v2\/types\/page"}],"author":[{"embeddable":true,"href":"https:\/\/uenf.br\/cbb\/lbct\/wp-json\/wp\/v2\/users\/3"}],"replies":[{"embeddable":true,"href":"https:\/\/uenf.br\/cbb\/lbct\/wp-json\/wp\/v2\/comments?post=21"}],"version-history":[{"count":0,"href":"https:\/\/uenf.br\/cbb\/lbct\/wp-json\/wp\/v2\/pages\/21\/revisions"}],"wp:attachment":[{"href":"https:\/\/uenf.br\/cbb\/lbct\/wp-json\/wp\/v2\/media?parent=21"}],"curies":[{"name":"wp","href":"https:\/\/api.w.org\/{rel}","templated":true}]}}