{"id":415,"date":"2025-07-22T15:01:53","date_gmt":"2025-07-22T18:01:53","guid":{"rendered":"https:\/\/uenf.br\/cbb\/lbct\/?page_id=415"},"modified":"2025-09-09T21:15:33","modified_gmt":"2025-09-10T00:15:33","slug":"corpo-discente","status":"publish","type":"page","link":"https:\/\/uenf.br\/cbb\/lbct\/corpo-discente\/","title":{"rendered":"Corpo Discente"},"content":{"rendered":"<p><strong>&#8211; Orientador: <\/strong><strong>ARNOLDO ROCHA FA\u00c7ANHA<\/strong> (Setor: xxx)<\/p>\n<p>&nbsp;<\/p>\n<hr \/>\n<p><strong>&#8211; Orientador: <\/strong><strong>ANTONIO JESUS DORIGUETTO COGO <\/strong>(Setor: Eletrofisiologia e Bioeletrog\u00eanese Experimental)<\/p>\n<ul>\n<li>Inicia\u00e7\u00e3o cient\u00edfica:<\/li>\n<\/ul>\n<h6>Mayra dos Santos Gomes &#8211; UENF<\/h6>\n<h6>Tainara Barreto Alves<\/h6>\n<h6>Eduardo de S\u00e1 Telles<\/h6>\n<h6>Camile Freitas Tanos<\/h6>\n<ul>\n<li>Mestrado:<\/li>\n<\/ul>\n<h6>Nath\u00e1lia Souza Teixeira &#8211; UENF<\/h6>\n<h6>Evandro Santos de Oliveira &#8211; UENF<\/h6>\n<h6>Juliana do Prado Valeriano (Colabora\u00e7\u00e3o &#8211; UFRJ\/Maca\u00e9)<\/h6>\n<ul>\n<li>Extens\u00e3o:<\/li>\n<\/ul>\n<h6>Samara Alves Azeredo<\/h6>\n<hr \/>\n<p><strong>&#8211; Orientador: <\/strong><strong>ARTHUR GIRALDI GUIMAR\u00c3ES\u00a0<\/strong>(Setor: xxx)<\/p>\n<ul>\n<li>Sem alunos<\/li>\n<\/ul>\n<hr \/>\n<p><strong>&#8211; Orientador: <\/strong><strong>CL\u00d3VIS DE PAULA SANTOS <\/strong>(Setor: Parasitologia e Nematologia)<\/p>\n<ul>\n<li>Inicia\u00e7\u00e3o cient\u00edfica:<\/li>\n<\/ul>\n<h6>Caroline Lima da Costa Silvestre<\/h6>\n<h6>Lorena Nascimento Barcellos &#8211; CNPq<\/h6>\n<h6>Maria Clara Barros Guimar\u00e3es Mendel<\/h6>\n<h6>Cinndy Monielly de Assis Rangel Melo<\/h6>\n<ul>\n<li><strong>\u00a0<\/strong>Mestrado:<\/li>\n<\/ul>\n<h6>Maria Vit\u00f3ria Lam\u00f3glia Bastos Ferreira &#8211; CAPES<\/h6>\n<h6>Leticia Dutra Cirne \u2013 CAPES<\/h6>\n<h6>Edna Barcelos Alves<\/h6>\n<ul>\n<li>Doutorado:<\/li>\n<\/ul>\n<h6>Vanessa Cola Thomazini &#8211; CAPES<\/h6>\n<hr \/>\n<p><strong>&#8211; Orientador: <\/strong><strong>CLAUDETE SANTA CATARINA\u00a0<\/strong>(Setor: Biotecnologia Vegetal)<\/p>\n<p>&nbsp;<\/p>\n<hr \/>\n<p><strong>&#8211; Orientador: <\/strong><strong>ED\u00c9SIO JOS\u00c9 TEN\u00d3RIO DE MELO\u00a0<\/strong>(Setor: Toxicologia Celular)<\/p>\n<ul>\n<li>Sem alunos<\/li>\n<\/ul>\n<hr \/>\n<p><strong>&#8211; Orientador: <\/strong><strong>GLAUBER MONTEIRO DIAS <\/strong>(Setor: UEA \/ LBCT)<\/p>\n<ul>\n<li>Inicia\u00e7\u00e3o cient\u00edfica:<\/li>\n<\/ul>\n<h6>Thiago Cordeiro Cavalcante \u2013 PIBIC<\/h6>\n<h6>Victor Hugo Araujo de Souza &#8211; PIBIC<\/h6>\n<ul>\n<li>Mestrado:<\/li>\n<\/ul>\n<h6>Mariana Barreto Martins<\/h6>\n<h6>J\u00falio C\u00e9zar Rosa de Souza J\u00fanior<\/h6>\n<h6>Maria Clara Fernandes<\/h6>\n<h6>Erika Ferreira de Moura Porto<\/h6>\n<h6>Francine Peixoto Ferreira<\/h6>\n<h6>Rodrigo Aires de Morais<\/h6>\n<ul>\n<li>Doutorado:<\/li>\n<\/ul>\n<h6>Paola Negri Fernandes<\/h6>\n<ul>\n<li>P\u00f3s-Doutorado:<\/li>\n<\/ul>\n<h6>Yzabella Alves Campos Nogueira &#8211; UENF<\/h6>\n<hr \/>\n<p><strong>&#8211; Orientador: <\/strong><strong>FABIO LOPES OLIVARES<\/strong> (Setor: Ecofisiologia Microbiana)<\/p>\n<ul>\n<li>Inicia\u00e7\u00e3o cient\u00edfica:<\/li>\n<\/ul>\n<h6>Laysa Henrique Balbi de Oliveira &#8211; PIBIC 10<\/h6>\n<h6>Ellen Peixoto Azeredo &#8211; Mais Ci\u00eancia<\/h6>\n<h6>Diego Vinicius de Sena Martins &#8211; PIBIC 10<\/h6>\n<ul>\n<li>Mestrado:<\/li>\n<\/ul>\n<h6>Juliana Dias Cardoso &#8211; CAPES<\/h6>\n<h6>Jo\u00e3o Pedro Campos Matos &#8211; FAPERJ 10<\/h6>\n<h6>Jo\u00e3o Vitor Pereira de Sousa &#8211; CAPES<\/h6>\n<h6>Rayane Ormindo Miguel &#8211; CAPES<\/h6>\n<ul>\n<li>Doutorado:<\/li>\n<\/ul>\n<h6>Ildeane Silva de Oliveira &#8211; FAPERJ<\/h6>\n<h6>Gabriela Alves Brazil &#8211; CNPq<\/h6>\n<h6>Beatriz Elisa Barcelos Cyr\u00edaco &#8211; FAPERJ<\/h6>\n<h6>Gabriela Azevedo Alves Souza &#8211; CAPES<\/h6>\n<h6>Aline Lemos Ferreira &#8211; CAPES<\/h6>\n<h6>Daniel Quintanilha Pacheco &#8211; FAPERJ<\/h6>\n<ul>\n<li>P\u00f3s-Doutorado:<\/li>\n<\/ul>\n<h6>Sara Sangi Miranda &#8211; FAPERJ PDR10<\/h6>\n<h6>Gabriela Petroceli Mota &#8211; UENF<\/h6>\n<h6>Let\u00edcia Oliveira da Rocha &#8211; CNPq &#8211; PDS<\/h6>\n<hr \/>\n<p><strong>&#8211; Orientador: MAURA DA CUNHA<\/strong> (Setor: Biologia Vegetal)<\/p>\n<ul>\n<li>Inicia\u00e7\u00e3o cient\u00edfica:<\/li>\n<\/ul>\n<h6>Bruna Rodrigues da Silva \u2013 Faperj<\/h6>\n<h6>Jo\u00e3o Marcelo da Silva Ribeiro &#8211; CNPq<\/h6>\n<h6>Taiane de Oliveira Santos &#8211; PIBIC<\/h6>\n<ul>\n<li>Mestrado:<\/li>\n<\/ul>\n<h6>Nataly da Silva Duarte &#8211; UENF<\/h6>\n<h6>Amanda de Souza Victorino &#8211; UENF<\/h6>\n<h6>Viviane Carreiro Felipe &#8211; UENF<\/h6>\n<h6>Cleiton Quintanilha Bastos &#8211; UENF<\/h6>\n<h6>Nicolly Lopes Bautz &#8211; CNPq<\/h6>\n<ul>\n<li>Doutorado:<\/li>\n<\/ul>\n<h6>Diana Neres dos Santos &#8211; Faperj<\/h6>\n<h6>Jaqueline Amorim de Oliveira &#8211; Faperj<\/h6>\n<h6>Gustavo Duncan Franco &#8211; Capes<\/h6>\n<h6>Lucas Lima dos Reis &#8211; Faperj<\/h6>\n<h6>Ana Luiza da Concei\u00e7\u00e3o Silva &#8211; Faperj<\/h6>\n<ul>\n<li>P\u00f3s-Doutorado:<\/li>\n<\/ul>\n<h6>Fernanda Gomes Trindade &#8211; TCT FAPERJ<\/h6>\n<h6>La\u00eds Bezerra &#8211; Nota 10 Faperj<\/h6>\n<h6>Priscila Fernanda Simioni &#8211; Nota 10 Faperj<\/h6>\n<h6>Rodrigo Barbosa Braga Feitoza \u2013 Volunt\u00e1rio<\/h6>\n<h6>Saulo Pireda Fernandes &#8211; Faperj PDR10<\/h6>\n<h6>Camilla Ribeiro Alexandrino &#8211; Faperj \/UENF<\/h6>\n<ul>\n<li>Extens\u00e3o:<\/li>\n<\/ul>\n<h6>Gabriel do Amaral Ferreira &#8211; UA<\/h6>\n<h6>Renata Pegoral Am\u00e9lia Pinheiro \u2013 UA<\/h6>\n<h6>Bruna Tavares Sampaio \u2013 GD Bolsa Discente<\/h6>\n<h6>Carolina Juv\u00eancio Bittencourt \u2013 UA<\/h6>\n<h6>Patr\u00edcia da Concei\u00e7\u00e3o Alves &#8211; UA<\/h6>\n<ul>\n<li>Apoio Acad\u00eamico:<\/li>\n<\/ul>\n<h6>Yasmin Tiburski Barbosa &#8211; GD<\/h6>\n<ul>\n<li>Volunt\u00e1rio:<\/li>\n<\/ul>\n<h6>Lukas Fernandes Berenger do Nascimento \u2013 GD<\/h6>\n<hr \/>\n<p><strong>&#8211; Orientador: <\/strong><strong>SHEILA ESP\u00cdRITO SANTO ARA\u00daJO <\/strong>(Setor: xxx)<\/p>\n<p>&nbsp;<\/p>\n<hr \/>\n<p><strong>\u00a0<\/strong><strong>&#8211; Orientador: <\/strong><strong>S\u00c9RGIO HENRIQUE SEABRA <\/strong>(Setor: xxx)<\/p>\n<p>&nbsp;<\/p>\n<hr \/>\n<p><strong>&#8211; Orientador: <\/strong><strong>RENATO AUGUSTO DAMATTA<\/strong> (Setor: Parasitologia &#8211; Intera\u00e7\u00e3o parasito hospedeiro)<\/p>\n<ul>\n<li>Inicia\u00e7\u00e3o cient\u00edfica:<\/li>\n<\/ul>\n<h6>Giullia Madeira Rios &#8211; CNPq<\/h6>\n<h6>Lucas de Sena Lima Bezerra Batista &#8211; CNPq<\/h6>\n<ul>\n<li>Mestrado:<\/li>\n<\/ul>\n<h6>Gigliola de Matos Macchi \u2013 Faperj\/UENF<\/h6>\n<h6>Marcos Roberto Dias Campos \u2013 Faperj\/UENF<\/h6>\n<ul>\n<li>Doutorado:<\/li>\n<\/ul>\n<h6>Frederico Nolasco Cerqueira &#8211; Faperj<\/h6>\n<h6>L\u00edcia da Silva Paula &#8211; Faperj<\/h6>\n<h6>T\u00e2mara Carolina Gomes Ribeiro &#8211; Faperj<\/h6>\n<h6>Taymara Sabino Tavares Jorge &#8211; CAPES<\/h6>\n<ul>\n<li>Extens\u00e3o:<\/li>\n<\/ul>\n<h6>Gustavo Gloria Viana &#8211; UA &#8211; Proex<\/h6>\n<h6>L\u00edvia Wolino Oliveira &#8211; Proex<\/h6>\n<h6>Rafaela Pereira Carlos da Silva &#8211; Proex<\/h6>\n<h6>Maria Rita Pereira Leite &#8211; UA &#8211; Proex<\/h6>\n<h6>Maxmiler Araujo Souza &#8211; UA &#8211; Proex<\/h6>\n<ul>\n<li>TCT:<\/li>\n<\/ul>\n<h6>Pedro Souto Rodrigues &#8211; TCT5 &#8211; Faperj<\/h6>\n<h6>Samuel de Sousa Rocha<\/h6>\n<hr \/>\n<p><strong>&#8211; Orientador: <\/strong><strong>VITOR BATISTA PINTO <\/strong>(Setor: xxx)<\/p>\n<ul>\n<li>Inicia\u00e7\u00e3o cient\u00edfica:<\/li>\n<\/ul>\n<h6>Jullia Massami Alves Okada &#8211; CNPq<\/h6>\n<h6>Luciano Spesse de Lavor &#8211; CNPq<\/h6>\n<h6>Gabriel Carvalho Leite Gomes &#8211; CNPq<\/h6>\n<h6>Milena Nogueira da Costa &#8211; FAPERJ<\/h6>\n<ul>\n<li>Mestrado:<\/li>\n<\/ul>\n<h6>Lucas do Espirito Santo Gomes &#8211; CAPES<\/h6>\n<h6>Marcos Paulo da Concei\u00e7\u00e3o Moura da Silva &#8211; CAPES<\/h6>\n<h6>Bruna Martins de Abreu \u2013 CAPES<\/h6>\n<h6><\/h6>\n","protected":false},"excerpt":{"rendered":"<p>&#8211; Orientador: ARNOLDO ROCHA FA\u00c7ANHA (Setor: xxx) &nbsp; &#8211; Orientador: ANTONIO JESUS DORIGUETTO COGO (Setor: Eletrofisiologia e Bioeletrog\u00eanese Experimental) Inicia\u00e7\u00e3o&#8230;<\/p>\n","protected":false},"author":3,"featured_media":0,"parent":0,"menu_order":3,"comment_status":"closed","ping_status":"closed","template":"","meta":{"footnotes":""},"class_list":["post-415","page","type-page","status-publish","hentry"],"_links":{"self":[{"href":"https:\/\/uenf.br\/cbb\/lbct\/wp-json\/wp\/v2\/pages\/415","targetHints":{"allow":["GET"]}}],"collection":[{"href":"https:\/\/uenf.br\/cbb\/lbct\/wp-json\/wp\/v2\/pages"}],"about":[{"href":"https:\/\/uenf.br\/cbb\/lbct\/wp-json\/wp\/v2\/types\/page"}],"author":[{"embeddable":true,"href":"https:\/\/uenf.br\/cbb\/lbct\/wp-json\/wp\/v2\/users\/3"}],"replies":[{"embeddable":true,"href":"https:\/\/uenf.br\/cbb\/lbct\/wp-json\/wp\/v2\/comments?post=415"}],"version-history":[{"count":0,"href":"https:\/\/uenf.br\/cbb\/lbct\/wp-json\/wp\/v2\/pages\/415\/revisions"}],"wp:attachment":[{"href":"https:\/\/uenf.br\/cbb\/lbct\/wp-json\/wp\/v2\/media?parent=415"}],"curies":[{"name":"wp","href":"https:\/\/api.w.org\/{rel}","templated":true}]}}