{"id":492,"date":"2025-07-23T13:20:40","date_gmt":"2025-07-23T16:20:40","guid":{"rendered":"https:\/\/uenf.br\/cbb\/lbct\/?page_id=492"},"modified":"2025-07-24T12:17:50","modified_gmt":"2025-07-24T15:17:50","slug":"ex-servidores-do-lbct","status":"publish","type":"page","link":"https:\/\/uenf.br\/cbb\/lbct\/ex-servidores-do-lbct\/","title":{"rendered":"Ex-Servidores do LBCT"},"content":{"rendered":"<ul>\n<li>Darli Grativol Keller &#8211; T\u00e9cnico de N\u00edvel Superior<\/li>\n<\/ul>\n<p><img loading=\"lazy\" decoding=\"async\" class=\"size-thumbnail wp-image-117 alignleft\" src=\"https:\/\/uenf.br\/cbb\/lbct\/files\/2011\/12\/IMG_0254-150x150.jpg\" alt=\"Dra. Darli Grativol\" width=\"150\" height=\"150\" \/><\/p>\n<p>&nbsp;<\/p>\n<p>&nbsp;<\/p>\n<p>&nbsp;<\/p>\n<p>&nbsp;<\/p>\n<ul>\n<li>Prof. Maria Lu\u00edsa Lopez Alvarez &#8211; Docente<\/li>\n<\/ul>\n<p><img loading=\"lazy\" decoding=\"async\" class=\"alignleft size-thumbnail wp-image-556\" src=\"https:\/\/uenf.br\/cbb\/lbct\/files\/2025\/07\/foto2-maria-luisa-para-atualizacao-site-150x150.jpeg\" alt=\"\" width=\"150\" height=\"150\" \/><\/p>\n<p>&nbsp;<\/p>\n<p>&nbsp;<\/p>\n<p>&nbsp;<\/p>\n<p>&nbsp;<\/p>\n<ul>\n<li>Prof. Nadir Francisca Sant\u00b4anna &#8211; Docente<\/li>\n<\/ul>\n<p><img loading=\"lazy\" decoding=\"async\" class=\"alignleft size-thumbnail wp-image-173\" src=\"https:\/\/uenf.br\/cbb\/lbct\/files\/2011\/12\/Nadir-132x150.jpg\" alt=\"\" width=\"132\" height=\"150\" \/><\/p>\n<p>&nbsp;<\/p>\n<p>&nbsp;<\/p>\n<p>&nbsp;<\/p>\n<p>&nbsp;<\/p>\n<ul>\n<li>Prof. Claudio Andres Retamal Martinez &#8211; Docente<\/li>\n<\/ul>\n<p><img loading=\"lazy\" decoding=\"async\" class=\"alignleft size-thumbnail wp-image-93\" src=\"https:\/\/uenf.br\/cbb\/lbct\/files\/2011\/12\/Claudio-149x150.jpg\" alt=\"Prof. Dr. Cl\u00e1udio Andr\u00e9s Retamal\" width=\"149\" height=\"150\" \/><\/p>\n<p>&nbsp;<\/p>\n<p>&nbsp;<\/p>\n<p>&nbsp;<\/p>\n<p>&nbsp;<\/p>\n<ul>\n<li>Prof. Fl\u00e1vio Costa Miguens &#8211; Docente<\/li>\n<\/ul>\n<p><img loading=\"lazy\" decoding=\"async\" class=\"alignleft size-thumbnail wp-image-158\" src=\"https:\/\/uenf.br\/cbb\/lbct\/files\/2011\/12\/Flavio-Miguens-150x150.jpg\" alt=\"\" width=\"150\" height=\"150\" \/><\/p>\n<p>&nbsp;<\/p>\n<p>&nbsp;<\/p>\n<p>&nbsp;<\/p>\n<h4><\/h4>\n<p>&nbsp;<\/p>\n<ul>\n<li>Prof. Fernando Costa e Silva Filho &#8211; Docente<\/li>\n<\/ul>\n<h4><img loading=\"lazy\" decoding=\"async\" class=\"alignleft size-thumbnail wp-image-554\" src=\"https:\/\/uenf.br\/cbb\/lbct\/files\/2025\/07\/foto2-prof.-fernando-costa-para-atualizacao-do-site.jpg-150x150.jpeg\" alt=\"\" width=\"150\" height=\"150\" \/><\/h4>\n<p>&nbsp;<\/p>\n<p>&nbsp;<\/p>\n","protected":false},"excerpt":{"rendered":"<p>Darli Grativol Keller &#8211; T\u00e9cnico de N\u00edvel Superior &nbsp; &nbsp; &nbsp; &nbsp; Prof. Maria Lu\u00edsa Lopez Alvarez &#8211; Docente &nbsp;&#8230;<\/p>\n","protected":false},"author":3,"featured_media":0,"parent":0,"menu_order":5,"comment_status":"closed","ping_status":"closed","template":"","meta":{"footnotes":""},"class_list":["post-492","page","type-page","status-publish","hentry"],"_links":{"self":[{"href":"https:\/\/uenf.br\/cbb\/lbct\/wp-json\/wp\/v2\/pages\/492","targetHints":{"allow":["GET"]}}],"collection":[{"href":"https:\/\/uenf.br\/cbb\/lbct\/wp-json\/wp\/v2\/pages"}],"about":[{"href":"https:\/\/uenf.br\/cbb\/lbct\/wp-json\/wp\/v2\/types\/page"}],"author":[{"embeddable":true,"href":"https:\/\/uenf.br\/cbb\/lbct\/wp-json\/wp\/v2\/users\/3"}],"replies":[{"embeddable":true,"href":"https:\/\/uenf.br\/cbb\/lbct\/wp-json\/wp\/v2\/comments?post=492"}],"version-history":[{"count":0,"href":"https:\/\/uenf.br\/cbb\/lbct\/wp-json\/wp\/v2\/pages\/492\/revisions"}],"wp:attachment":[{"href":"https:\/\/uenf.br\/cbb\/lbct\/wp-json\/wp\/v2\/media?parent=492"}],"curies":[{"name":"wp","href":"https:\/\/api.w.org\/{rel}","templated":true}]}}