{"id":511,"date":"2025-07-23T13:59:08","date_gmt":"2025-07-23T16:59:08","guid":{"rendered":"https:\/\/uenf.br\/cbb\/lbct\/?page_id=511"},"modified":"2025-07-23T16:35:41","modified_gmt":"2025-07-23T19:35:41","slug":"bacharelado","status":"publish","type":"page","link":"https:\/\/uenf.br\/cbb\/lbct\/disciplinas-oferecidas\/bacharelado\/","title":{"rendered":"Bacharelado"},"content":{"rendered":"<p><strong><u>BACHARELADO EM CI\u00caNCIAS BIOL\u00d3GICAS<\/u><\/strong><\/p>\n<ul>\n<li><strong>OBRIGAT\u00d3RIAS<\/strong><\/li>\n<\/ul>\n<h6>BCT02102 &#8211; Ci\u00eancia de Animais de Laborat\u00f3rios (Coordenador:<span style=\"font-size: 10.72px\">\u00a0<\/span>Prof. Cl\u00f3vis de Paula Santos)<\/h6>\n<h6>BCT02107 &#8211; Fisiologia Animal Comparada (Coordenador:\u00a0<span style=\"font-size: 10.72px\">\u00a0<\/span>Prof. Arthur Giraldi Guimar\u00e3es)<\/h6>\n<h6>BCT02108 &#8211; Parasitologia\u00a0(Coordenador: Prof. Cl\u00f3vis de Paula Santos)<\/h6>\n<h6>BCT02203 &#8211; Biologia do desenvolvimento (Coordenador:\u00a0<span style=\"font-size: 10.72px\">\u00a0<\/span>Prof. Glauber Monteiro Dias)<\/h6>\n<h6>BCT02204 &#8211; Anatomia Vegetal(CBB)\u00a0 (Coordenador: <span style=\"font-size: 10.72px\">\u00a0<\/span>Prof. Maura Da Cunha)<\/h6>\n<h6>BCT02204 &#8211; Anatomia Vegetal (CCTA) (Coordenador: <span style=\"font-size: 10.72px\">\u00a0<\/span>Prof. Vitor Batista Pinto)<\/h6>\n<h6>BCT02205 &#8211; Anatomia e Fisiologia Humana (Coordenador:\u00a0Prof. Arthur Giraldi Guimar\u00e3es)<\/h6>\n<h6>BCT02207 &#8211; Biologia Tecidual (Coordenador:\u00a0Prof. Sheila Esp\u00edrito Santo Ara\u00fajo)<\/h6>\n<h6>BCT02301 &#8211; Biologia Celular Geral (CCTA) (Coordenador: Prof. Claudete Santa Catarina)<\/h6>\n<h6>BCT 02302 (Semin\u00e1rios) &#8211; T\u00f3picos atuais em Biologia Celular II (Coordenador: Prof. Renato Augusto DaMatta)<\/h6>\n<h6>BCT02307 &#8211; Biof\u00edsica para Biologia (Coordenador:\u00a0Prof. S\u00e9rgio Henrique Seabra)<\/h6>\n<h6>BCT02308 &#8211; Biologia Celular Geral (CBB) (Coordenador:\u00a0Prof. Renato Augusto DaMatta)<\/h6>\n<h6>BCT02309 &#8211; Toxicologia Geral (Coordenador:\u00a0Prof. Ed\u00e9sio Jos\u00e9 Ten\u00f3rio de Melo)<\/h6>\n<h6>BCT 02401 ( Semin\u00e1rios) &#8211; T\u00f3picos atuais em Biologia celular I (Coordenador: Prof. Ant\u00f4nio Jesus Dorighetto Cogo)<\/h6>\n<ul>\n<li><strong>OPTATIVAS<\/strong><\/li>\n<\/ul>\n<h6>BCT02306 &#8211; M\u00e9todos de estudo em tecidos vegetais\u00a0(Coordenador: <span style=\"font-size: 10.72px\">\u00a0<\/span>Prof. Maura Da Cunha)<\/h6>\n<h6>BCT02310 &#8211; Fundamentos em Medicina de Precis\u00e3o\u00a0(Coordenador:\u00a0<span style=\"font-size: 10.72px\">\u00a0<\/span>Prof. Glauber Monteiro Dias)<\/h6>\n<h6>BCT02601 &#8211; Epistemologia Aplicada a Bioci\u00eancias I\u00a0(Coordenador:\u00a0<span style=\"font-size: 10.72px\">\u00a0<\/span>Prof. Arnoldo Rocha Fa\u00e7anha)<\/h6>\n<h6>BCT02602 &#8211; Microscopia Eletr\u00f4nica de Varredura\u00a0(Coordenador:\u00a0Prof. S\u00e9rgio Henrique Seabra)<\/h6>\n","protected":false},"excerpt":{"rendered":"<p>BACHARELADO EM CI\u00caNCIAS BIOL\u00d3GICAS OBRIGAT\u00d3RIAS BCT02102 &#8211; Ci\u00eancia de Animais de Laborat\u00f3rios (Coordenador:\u00a0Prof. Cl\u00f3vis de Paula Santos) BCT02107 &#8211; Fisiologia&#8230;<\/p>\n","protected":false},"author":3,"featured_media":0,"parent":490,"menu_order":1,"comment_status":"closed","ping_status":"closed","template":"","meta":{"footnotes":""},"class_list":["post-511","page","type-page","status-publish","hentry"],"_links":{"self":[{"href":"https:\/\/uenf.br\/cbb\/lbct\/wp-json\/wp\/v2\/pages\/511","targetHints":{"allow":["GET"]}}],"collection":[{"href":"https:\/\/uenf.br\/cbb\/lbct\/wp-json\/wp\/v2\/pages"}],"about":[{"href":"https:\/\/uenf.br\/cbb\/lbct\/wp-json\/wp\/v2\/types\/page"}],"author":[{"embeddable":true,"href":"https:\/\/uenf.br\/cbb\/lbct\/wp-json\/wp\/v2\/users\/3"}],"replies":[{"embeddable":true,"href":"https:\/\/uenf.br\/cbb\/lbct\/wp-json\/wp\/v2\/comments?post=511"}],"version-history":[{"count":0,"href":"https:\/\/uenf.br\/cbb\/lbct\/wp-json\/wp\/v2\/pages\/511\/revisions"}],"up":[{"embeddable":true,"href":"https:\/\/uenf.br\/cbb\/lbct\/wp-json\/wp\/v2\/pages\/490"}],"wp:attachment":[{"href":"https:\/\/uenf.br\/cbb\/lbct\/wp-json\/wp\/v2\/media?parent=511"}],"curies":[{"name":"wp","href":"https:\/\/api.w.org\/{rel}","templated":true}]}}