{"id":513,"date":"2025-07-23T14:02:17","date_gmt":"2025-07-23T17:02:17","guid":{"rendered":"https:\/\/uenf.br\/cbb\/lbct\/?page_id=513"},"modified":"2025-07-23T17:13:20","modified_gmt":"2025-07-23T20:13:20","slug":"licenciatura","status":"publish","type":"page","link":"https:\/\/uenf.br\/cbb\/lbct\/disciplinas-oferecidas\/licenciatura\/","title":{"rendered":"Licenciatura"},"content":{"rendered":"<p><strong><u>LICENCIATURA EM BIOLOGIA<\/u><\/strong><\/p>\n<p>BCT02108 &#8211; Parasitologia Geral<\/p>\n<p>BCT02203 &#8211; Embriologia B\u00e1sica<\/p>\n<p>BCT02204 &#8211; Anatomia Vegetal<\/p>\n<p>BCT02205 &#8211; Anatomia e Fisiologia Humana<\/p>\n<p>BCT02206 &#8211; Biologia Tecidual<\/p>\n<p>BCT02301 &#8211; Biologia Celular Geral (CCTA)<\/p>\n<p>BCT02307 &#8211; Biof\u00edsica para Biologia e Sa\u00fade<\/p>\n<p>BCT02308 &#8211; Biologia Celular Geral (CBB)<\/p>\n<p>CBB42309 &#8211; Instrumenta\u00e7\u00e3o para o ensino em corpo humano e programa de sa\u00fade<\/p>\n<p>CBB42405 &#8211; Instrumenta\u00e7\u00e3o para o ensino de Biologia Vegetal<\/p>\n<p>CBB42301 &#8211; Instrumenta\u00e7\u00e3o para o ensino de Bioqu\u00edmica e Biologia Celular<\/p>\n<p>&nbsp;<\/p>\n<p>&nbsp;<\/p>\n","protected":false},"excerpt":{"rendered":"<p>LICENCIATURA EM BIOLOGIA BCT02108 &#8211; Parasitologia Geral BCT02203 &#8211; Embriologia B\u00e1sica BCT02204 &#8211; Anatomia Vegetal BCT02205 &#8211; Anatomia e Fisiologia&#8230;<\/p>\n","protected":false},"author":3,"featured_media":0,"parent":490,"menu_order":2,"comment_status":"closed","ping_status":"closed","template":"","meta":{"footnotes":""},"class_list":["post-513","page","type-page","status-publish","hentry"],"_links":{"self":[{"href":"https:\/\/uenf.br\/cbb\/lbct\/wp-json\/wp\/v2\/pages\/513","targetHints":{"allow":["GET"]}}],"collection":[{"href":"https:\/\/uenf.br\/cbb\/lbct\/wp-json\/wp\/v2\/pages"}],"about":[{"href":"https:\/\/uenf.br\/cbb\/lbct\/wp-json\/wp\/v2\/types\/page"}],"author":[{"embeddable":true,"href":"https:\/\/uenf.br\/cbb\/lbct\/wp-json\/wp\/v2\/users\/3"}],"replies":[{"embeddable":true,"href":"https:\/\/uenf.br\/cbb\/lbct\/wp-json\/wp\/v2\/comments?post=513"}],"version-history":[{"count":0,"href":"https:\/\/uenf.br\/cbb\/lbct\/wp-json\/wp\/v2\/pages\/513\/revisions"}],"up":[{"embeddable":true,"href":"https:\/\/uenf.br\/cbb\/lbct\/wp-json\/wp\/v2\/pages\/490"}],"wp:attachment":[{"href":"https:\/\/uenf.br\/cbb\/lbct\/wp-json\/wp\/v2\/media?parent=513"}],"curies":[{"name":"wp","href":"https:\/\/api.w.org\/{rel}","templated":true}]}}