{"id":56,"date":"2011-12-05T17:11:52","date_gmt":"2011-12-05T19:11:52","guid":{"rendered":"http:\/\/uenf.br\/cbb\/lbct\/?page_id=56"},"modified":"2025-07-23T13:14:32","modified_gmt":"2025-07-23T16:14:32","slug":"apoio-tecnico","status":"publish","type":"page","link":"https:\/\/uenf.br\/cbb\/lbct\/apoio-tecnico\/","title":{"rendered":"Corpo T\u00e9cnico"},"content":{"rendered":"<h3>Adriana Alves Martins<\/h3>\n<div class=\"entry clr\">\n<p><img loading=\"lazy\" decoding=\"async\" class=\"alignleft wp-image-327\" src=\"https:\/\/uenf.br\/cbb\/lbct\/files\/2023\/11\/IMG-20231101-WA0027-150x150.jpg\" alt=\"\" width=\"158\" height=\"158\" srcset=\"https:\/\/uenf.br\/cbb\/lbct\/files\/2023\/11\/IMG-20231101-WA0027-150x150.jpg 150w, https:\/\/uenf.br\/cbb\/lbct\/files\/2023\/11\/IMG-20231101-WA0027-600x600.jpg 600w\" sizes=\"auto, (max-width: 158px) 100vw, 158px\" \/><\/p>\n<p>LBCT\/CBB\/UENF<\/p>\n<p>adrianet@uenf.br<\/p>\n<p>Fone: (22) 2739-7166 \/ 272486106<\/p>\n<p>T\u00e9cnico Especializado &#8211; N\u00edvel M\u00e9dio<\/p>\n<\/div>\n<h3>Arthur Rodrigues<\/h3>\n<p style=\"text-align: justify\"><a href=\"https:\/\/uenf.br\/cbb\/lbct\/files\/2011\/12\/IMG_0265.jpg\"><img loading=\"lazy\" decoding=\"async\" class=\"wp-image-120 alignleft\" src=\"https:\/\/uenf.br\/cbb\/lbct\/files\/2011\/12\/IMG_0265-150x150.jpg\" alt=\"Arthur Rodrigues\" width=\"179\" height=\"179\" \/><\/a><\/p>\n<p style=\"text-align: justify\">LBCT\/CBB\/UENF<\/p>\n<p>arthur@uenf.br<\/p>\n<p>Fone: (22) 27486476<\/p>\n<p>T\u00e9cnico Especializado &#8211; N\u00edvel M\u00e9dio<\/p>\n<h3><\/h3>\n<h3>Beatriz Ferreira Ribeiro<\/h3>\n<p><img loading=\"lazy\" decoding=\"async\" class=\"alignleft\" src=\"https:\/\/uenf.br\/cbb\/lbct\/files\/2024\/06\/foto-beatriz-para-atualizacao-site.jpeg\" width=\"173\" height=\"230\" \/><\/p>\n<p>&nbsp;<\/p>\n<p style=\"text-align: justify\">LBCT\/CBB\/UENF<\/p>\n<p>beatrizfr@uenf.br<\/p>\n<p>Fone: (22) 2739-7166<\/p>\n<p>T\u00e9cnico Especializado &#8211; N\u00edvel M\u00e9dio<\/p>\n<p>&nbsp;<\/p>\n<h3>Giovana Alves de Moraes<\/h3>\n<p><img loading=\"lazy\" decoding=\"async\" class=\"alignleft wp-image-139\" src=\"https:\/\/uenf.br\/cbb\/lbct\/files\/2011\/12\/IMG_0258-150x150.jpg\" alt=\"Giovana\" width=\"157\" height=\"157\" \/><\/p>\n<p style=\"text-align: justify\">LBCT\/CBB\/UENF<\/p>\n<p>gam@uenf.br<\/p>\n<p>Fone: (22) 2739-7166<\/p>\n<p>T\u00e9cnico Especializado &#8211; N\u00edvel M\u00e9dio<\/p>\n<h3>Luciana Silva Tim\u00f3teo<\/h3>\n<p><img loading=\"lazy\" decoding=\"async\" class=\"wp-image-364 alignleft\" src=\"https:\/\/uenf.br\/cbb\/lbct\/files\/2024\/06\/foto2-luciana-para-atualizacao-site-150x150.jpg\" alt=\"\" width=\"156\" height=\"156\" srcset=\"https:\/\/uenf.br\/cbb\/lbct\/files\/2024\/06\/foto2-luciana-para-atualizacao-site-150x150.jpg 150w, https:\/\/uenf.br\/cbb\/lbct\/files\/2024\/06\/foto2-luciana-para-atualizacao-site-600x600.jpg 600w\" sizes=\"auto, (max-width: 156px) 100vw, 156px\" \/><\/p>\n<p style=\"text-align: justify\">LBCT\/CBB\/UENF<\/p>\n<p>lbct@uenf.br<\/p>\n<p>Fone: (22) 2739-7029<\/p>\n<p>Assistente T\u00e9cnico-Administrativo &#8211; N\u00edvel M\u00e9dio<\/p>\n<h3>M\u00e1rcia Adriana da Silva Carvalho Dutra<\/h3>\n<p><img loading=\"lazy\" decoding=\"async\" class=\"alignleft size-thumbnail wp-image-133\" src=\"https:\/\/uenf.br\/cbb\/lbct\/files\/2011\/12\/IMG_0259-150x150.jpg\" alt=\"M\u00e1rcia Adriana\" width=\"150\" height=\"150\" \/><\/p>\n<p style=\"text-align: justify\">LBCT\/CBB\/UENF<\/p>\n<p>madriana@uenf.br<\/p>\n<p>Fone: (22) 2739-7166<\/p>\n<p>T\u00e9cnico Especializado &#8211; N\u00edvel M\u00e9dio<\/p>\n<h3>Rosemary Cardoso Maciel<\/h3>\n<p><img loading=\"lazy\" decoding=\"async\" class=\"alignleft size-thumbnail wp-image-136\" src=\"https:\/\/uenf.br\/cbb\/lbct\/files\/2011\/12\/IMG_0246-150x150.jpg\" alt=\"Rosemary\" width=\"150\" height=\"150\" \/><\/p>\n<p style=\"text-align: justify\">LBCT\/CBB\/UENF<\/p>\n<p>rosemary@uenf.br<\/p>\n<p>Fone: (22) 2748-6106<\/p>\n<p>T\u00e9cnico Especializado &#8211; N\u00edvel M\u00e9dio<\/p>\n<p>&nbsp;<\/p>\n","protected":false},"excerpt":{"rendered":"<p>Adriana Alves Martins LBCT\/CBB\/UENF adrianet@uenf.br Fone: (22) 2739-7166 \/ 272486106 T\u00e9cnico Especializado &#8211; N\u00edvel M\u00e9dio Arthur Rodrigues LBCT\/CBB\/UENF arthur@uenf.br Fone:&#8230;<\/p>\n","protected":false},"author":3,"featured_media":0,"parent":0,"menu_order":2,"comment_status":"closed","ping_status":"open","template":"","meta":{"footnotes":""},"class_list":["post-56","page","type-page","status-publish","hentry"],"_links":{"self":[{"href":"https:\/\/uenf.br\/cbb\/lbct\/wp-json\/wp\/v2\/pages\/56","targetHints":{"allow":["GET"]}}],"collection":[{"href":"https:\/\/uenf.br\/cbb\/lbct\/wp-json\/wp\/v2\/pages"}],"about":[{"href":"https:\/\/uenf.br\/cbb\/lbct\/wp-json\/wp\/v2\/types\/page"}],"author":[{"embeddable":true,"href":"https:\/\/uenf.br\/cbb\/lbct\/wp-json\/wp\/v2\/users\/3"}],"replies":[{"embeddable":true,"href":"https:\/\/uenf.br\/cbb\/lbct\/wp-json\/wp\/v2\/comments?post=56"}],"version-history":[{"count":0,"href":"https:\/\/uenf.br\/cbb\/lbct\/wp-json\/wp\/v2\/pages\/56\/revisions"}],"wp:attachment":[{"href":"https:\/\/uenf.br\/cbb\/lbct\/wp-json\/wp\/v2\/media?parent=56"}],"curies":[{"name":"wp","href":"https:\/\/api.w.org\/{rel}","templated":true}]}}