{"id":566,"date":"2025-09-09T17:52:10","date_gmt":"2025-09-09T20:52:10","guid":{"rendered":"https:\/\/uenf.br\/cbb\/lbct\/?page_id=566"},"modified":"2025-09-10T12:23:11","modified_gmt":"2025-09-10T15:23:11","slug":"plataforma-de-equipamentos-multiusuarios-de-microscopia-e-microanalise-prof-ulysses-lins","status":"publish","type":"page","link":"https:\/\/uenf.br\/cbb\/lbct\/plataforma-de-equipamentos-multiusuarios-de-microscopia-e-microanalise-prof-ulysses-lins\/","title":{"rendered":"Plataforma de Equipamentos Multiusu\u00e1rios de Microscopia e Microan\u00e1lise Prof. Ulysses Lins"},"content":{"rendered":"<h2><\/h2>\n<h2 style=\"text-align: left\">Apresenta\u00e7\u00e3o<\/h2>\n<div dir=\"auto\" style=\"text-align: left\">A Plataforma Multiusu\u00e1ria de Microscopia e Microan\u00e1lise Professor Ulysses Lins, vinculada ao Laborat\u00f3rio de Biologia Celular e Tecidual do CBB\/UENF, foi criada para atender \u00e0s demandas internas e externas da Universidade Estadual do Norte Fluminense Darcy Ribeiro.<\/div>\n<div dir=\"auto\" style=\"text-align: left\">Seu objetivo \u00e9 oferecer servi\u00e7os especializados de an\u00e1lises em diferentes \u00e1reas do conhecimento, contando com uma ampla diversidade de equipamentos, infraestrutura adequada e profissionais altamente qualificados. Al\u00e9m da prepara\u00e7\u00e3o de amostras, a plataforma promove a integra\u00e7\u00e3o entre demandas cient\u00edficas e solu\u00e7\u00f5es tecnol\u00f3gicas, contribuindo de forma significativa para o fortalecimento da ci\u00eancia, tecnologia e inova\u00e7\u00e3o.<\/div>\n<h1 dir=\"auto\"><\/h1>\n<h2 dir=\"auto\" style=\"text-align: left\">Quem foi Ulysses Lins?<\/h2>\n<div dir=\"auto\"><img loading=\"lazy\" decoding=\"async\" class=\"wp-image-569 alignleft\" src=\"https:\/\/uenf.br\/cbb\/lbct\/files\/2025\/09\/foto-Ulysses-Lins-150x150.jpg\" alt=\"\" width=\"201\" height=\"201\" \/><\/div>\n<div dir=\"auto\" style=\"text-align: left\">A Plataforma Multiusu\u00e1ria do LBCT passa a receber o nome do Professor Ulysses Garcia Casado Lins, em reconhecimento \u00e0 sua trajet\u00f3ria acad\u00eamica e cient\u00edfica.<\/div>\n<div dir=\"auto\" style=\"text-align: left\">O Professor Ulysses iniciou os trabalhos com os primeiros microsc\u00f3pios deste laborat\u00f3rio, contribuindo de forma pioneira para a consolida\u00e7\u00e3o da pesquisa em Biologia Celular na institui\u00e7\u00e3o. Graduado em Ci\u00eancias Biol\u00f3gicas pela Universidade Federal do Rio de Janeiro (1991), obteve o Mestrado e o Doutorado em Ci\u00eancias Biol\u00f3gicas (Biof\u00edsica) pela mesma universidade (1997). Realizou P\u00f3s-doutorado em Biologia Celular no National Institutes of Health (EUA, 2001) e em Biomineraliza\u00e7\u00e3o na Arizona State University (EUA, 2004).<\/div>\n<div dir=\"auto\" style=\"text-align: left\">Foi Professor Titular do Instituto de Microbiologia da UFRJ, dedicando-se \u00e0 pesquisa e \u00e0 forma\u00e7\u00e3o de recursos humanos nas \u00e1reas de Microbiologia Geral e Ambiental. Sua produ\u00e7\u00e3o cient\u00edfica destacou-se nos temas de biologia e evolu\u00e7\u00e3o de microrganismos magnetot\u00e1ticos, biomineraliza\u00e7\u00e3o e biomateriais, diversidade e ecologia microbiana, multicelularidade bacteriana e produ\u00e7\u00e3o biol\u00f3gica de nanopart\u00edculas de origem microbiana.<\/div>\n<div dir=\"auto\" style=\"text-align: left\">Com esta homenagem, o LBCT reconhece e perpetua a mem\u00f3ria de um cientista brilhante e de um professor que contribuiu de forma decisiva para o avan\u00e7o da ci\u00eancia e para a forma\u00e7\u00e3o de gera\u00e7\u00f5es de pesquisadores.<\/div>\n","protected":false},"excerpt":{"rendered":"<p>Apresenta\u00e7\u00e3o A Plataforma Multiusu\u00e1ria de Microscopia e Microan\u00e1lise Professor Ulysses Lins, vinculada ao Laborat\u00f3rio de Biologia Celular e Tecidual do&#8230;<\/p>\n","protected":false},"author":3,"featured_media":0,"parent":0,"menu_order":0,"comment_status":"closed","ping_status":"closed","template":"","meta":{"footnotes":""},"class_list":["post-566","page","type-page","status-publish","hentry"],"_links":{"self":[{"href":"https:\/\/uenf.br\/cbb\/lbct\/wp-json\/wp\/v2\/pages\/566","targetHints":{"allow":["GET"]}}],"collection":[{"href":"https:\/\/uenf.br\/cbb\/lbct\/wp-json\/wp\/v2\/pages"}],"about":[{"href":"https:\/\/uenf.br\/cbb\/lbct\/wp-json\/wp\/v2\/types\/page"}],"author":[{"embeddable":true,"href":"https:\/\/uenf.br\/cbb\/lbct\/wp-json\/wp\/v2\/users\/3"}],"replies":[{"embeddable":true,"href":"https:\/\/uenf.br\/cbb\/lbct\/wp-json\/wp\/v2\/comments?post=566"}],"version-history":[{"count":0,"href":"https:\/\/uenf.br\/cbb\/lbct\/wp-json\/wp\/v2\/pages\/566\/revisions"}],"wp:attachment":[{"href":"https:\/\/uenf.br\/cbb\/lbct\/wp-json\/wp\/v2\/media?parent=566"}],"curies":[{"name":"wp","href":"https:\/\/api.w.org\/{rel}","templated":true}]}}