{"id":576,"date":"2025-09-09T18:20:24","date_gmt":"2025-09-09T21:20:24","guid":{"rendered":"https:\/\/uenf.br\/cbb\/lbct\/?page_id=576"},"modified":"2025-09-09T22:08:13","modified_gmt":"2025-09-10T01:08:13","slug":"comite-de-usuarios","status":"publish","type":"page","link":"https:\/\/uenf.br\/cbb\/lbct\/plataforma-de-equipamentos-multiusuarios-de-microscopia-e-microanalise-prof-ulysses-lins\/comite-de-usuarios\/","title":{"rendered":"Comit\u00ea de Usu\u00e1rios"},"content":{"rendered":"<p style=\"text-align: center\"><strong>Membros do Comit\u00ea de Usu\u00e1rios da Plataforma Multiusu\u00e1rios de Equipamentos \u2013 LBCT\/UENF<\/strong><\/p>\n<ul>\n<li>Prof. Dr. Sergio Henriques Seabra \u2013 Laborat\u00f3rio de Biologia Celular e Tecidual (LBCT), Centro de Bioci\u00eancias e Biotecnologia (CBB), UENF<\/li>\n<li>Prof. Dr. Fabio Lopes Olivares \u2013 Laborat\u00f3rio de Biologia Celular e Tecidual (LBCT), Centro de Bioci\u00eancias e Biotecnologia (CBB), UENF<\/li>\n<li>Sr. Noil Gomes de Freitas T\u00e9cnico de N\u00edvel M\u00e9dio Especializado \u2013 Laborat\u00f3rio de Fisiologia e Bioqu\u00edmica de Microrganismos (LFBM), Centro de Bioci\u00eancias e Biotecnologia (CBB), UENF<\/li>\n<li>Sra. Beatriz Ferreira Ribeiro T\u00e9cnico de N\u00edvel M\u00e9dio Especializado &#8211; Laborat\u00f3rio de Biologia Celular e Tecidual (LBCT), Centro de Bioci\u00eancias e Biotecnologia (CBB), UENF<\/li>\n<\/ul>\n","protected":false},"excerpt":{"rendered":"<p>Membros do Comit\u00ea de Usu\u00e1rios da Plataforma Multiusu\u00e1rios de Equipamentos \u2013 LBCT\/UENF Prof. Dr. Sergio Henriques Seabra \u2013 Laborat\u00f3rio de&#8230;<\/p>\n","protected":false},"author":3,"featured_media":0,"parent":566,"menu_order":4,"comment_status":"closed","ping_status":"closed","template":"","meta":{"footnotes":""},"class_list":["post-576","page","type-page","status-publish","hentry"],"_links":{"self":[{"href":"https:\/\/uenf.br\/cbb\/lbct\/wp-json\/wp\/v2\/pages\/576","targetHints":{"allow":["GET"]}}],"collection":[{"href":"https:\/\/uenf.br\/cbb\/lbct\/wp-json\/wp\/v2\/pages"}],"about":[{"href":"https:\/\/uenf.br\/cbb\/lbct\/wp-json\/wp\/v2\/types\/page"}],"author":[{"embeddable":true,"href":"https:\/\/uenf.br\/cbb\/lbct\/wp-json\/wp\/v2\/users\/3"}],"replies":[{"embeddable":true,"href":"https:\/\/uenf.br\/cbb\/lbct\/wp-json\/wp\/v2\/comments?post=576"}],"version-history":[{"count":0,"href":"https:\/\/uenf.br\/cbb\/lbct\/wp-json\/wp\/v2\/pages\/576\/revisions"}],"up":[{"embeddable":true,"href":"https:\/\/uenf.br\/cbb\/lbct\/wp-json\/wp\/v2\/pages\/566"}],"wp:attachment":[{"href":"https:\/\/uenf.br\/cbb\/lbct\/wp-json\/wp\/v2\/media?parent=576"}],"curies":[{"name":"wp","href":"https:\/\/api.w.org\/{rel}","templated":true}]}}