{"id":638,"date":"2025-09-19T17:40:17","date_gmt":"2025-09-19T20:40:17","guid":{"rendered":"https:\/\/uenf.br\/cbb\/lbct\/?page_id=638"},"modified":"2026-03-26T11:18:55","modified_gmt":"2026-03-26T14:18:55","slug":"plataforma-multiusuaria-de-eletrofisiologia-e-bioeletrogenese-experimental","status":"publish","type":"page","link":"https:\/\/uenf.br\/cbb\/lbct\/plataforma-multiusuaria-de-eletrofisiologia-e-bioeletrogenese-experimental\/","title":{"rendered":"Plataforma Multiusu\u00e1ria de Eletrofisiologia e Bioeletrogenese Experimental"},"content":{"rendered":"<div class=\"video-container\">\n<blockquote class=\"wp-embedded-content\" data-secret=\"voPKZRWL73\"><p><a href=\"https:\/\/uenf.br\/cbb\/eletrofisiologia-bioeletrogenese\/\">Apresenta\u00e7\u00e3o<\/a><\/p><\/blockquote>\n<p><iframe loading=\"lazy\" class=\"wp-embedded-content\" sandbox=\"allow-scripts\" security=\"restricted\" style=\"position: absolute; visibility: hidden;\" title=\"&#8220;Apresenta\u00e7\u00e3o&#8221; &#8212; Plataforma Multiusu\u00e1ria de Eletrofisiologia e Bioeletrog\u00eanese Experimental\" src=\"https:\/\/uenf.br\/cbb\/eletrofisiologia-bioeletrogenese\/embed\/#?secret=owchWgbcLO#?secret=voPKZRWL73\" data-secret=\"voPKZRWL73\" width=\"500\" height=\"282\" frameborder=\"0\" marginwidth=\"0\" marginheight=\"0\" scrolling=\"no\"><\/iframe><\/div>\n","protected":false},"excerpt":{"rendered":"<p>Apresenta\u00e7\u00e3o<\/p>\n","protected":false},"author":3,"featured_media":0,"parent":0,"menu_order":0,"comment_status":"closed","ping_status":"closed","template":"","meta":{"footnotes":""},"class_list":["post-638","page","type-page","status-publish","hentry"],"_links":{"self":[{"href":"https:\/\/uenf.br\/cbb\/lbct\/wp-json\/wp\/v2\/pages\/638","targetHints":{"allow":["GET"]}}],"collection":[{"href":"https:\/\/uenf.br\/cbb\/lbct\/wp-json\/wp\/v2\/pages"}],"about":[{"href":"https:\/\/uenf.br\/cbb\/lbct\/wp-json\/wp\/v2\/types\/page"}],"author":[{"embeddable":true,"href":"https:\/\/uenf.br\/cbb\/lbct\/wp-json\/wp\/v2\/users\/3"}],"replies":[{"embeddable":true,"href":"https:\/\/uenf.br\/cbb\/lbct\/wp-json\/wp\/v2\/comments?post=638"}],"version-history":[{"count":0,"href":"https:\/\/uenf.br\/cbb\/lbct\/wp-json\/wp\/v2\/pages\/638\/revisions"}],"wp:attachment":[{"href":"https:\/\/uenf.br\/cbb\/lbct\/wp-json\/wp\/v2\/media?parent=638"}],"curies":[{"name":"wp","href":"https:\/\/api.w.org\/{rel}","templated":true}]}}