{"id":109,"date":"2024-03-01T20:08:43","date_gmt":"2024-03-01T20:08:43","guid":{"rendered":"https:\/\/uenf.br\/cbb\/lbr\/?page_id=109"},"modified":"2025-03-20T19:27:55","modified_gmt":"2025-03-20T19:27:55","slug":"alunos-de-pos-graduacao","status":"publish","type":"page","link":"https:\/\/uenf.br\/cbb\/lbr\/alunos-de-pos-graduacao\/","title":{"rendered":"5. ALUNOS DE P\u00d3S-GRADUA\u00c7\u00c3O"},"content":{"rendered":"<p><strong>Alunos de Doutorado<\/strong><\/p>\n<ul>\n<li>Ana Caroline Mafra Bezerra<\/li>\n<li>B\u00e1rbara Andrade Barcelos Rangel<\/li>\n<li>Luiza Gon\u00e7alves Ayres<\/li>\n<li>Maria N\u00fabia Alencar Couto<\/li>\n<li>Yasmin Viana Martins<\/li>\n<li>Yuri Scheidegger de Castro<\/li>\n<\/ul>\n<p><a href=\"https:\/\/uenf.br\/cbb\/lbr\/files\/2024\/03\/Simbolo-em-degrade@3x.png\"><img loading=\"lazy\" decoding=\"async\" class=\"wp-image-122 alignnone\" src=\"https:\/\/uenf.br\/cbb\/lbr\/files\/2024\/03\/Simbolo-em-degrade@3x-296x300.png\" alt=\"\" width=\"117\" height=\"119\" srcset=\"https:\/\/uenf.br\/cbb\/lbr\/files\/2024\/03\/Simbolo-em-degrade@3x-296x300.png 296w, https:\/\/uenf.br\/cbb\/lbr\/files\/2024\/03\/Simbolo-em-degrade@3x-1012x1024.png 1012w, https:\/\/uenf.br\/cbb\/lbr\/files\/2024\/03\/Simbolo-em-degrade@3x-768x777.png 768w, https:\/\/uenf.br\/cbb\/lbr\/files\/2024\/03\/Simbolo-em-degrade@3x-1518x1536.png 1518w, https:\/\/uenf.br\/cbb\/lbr\/files\/2024\/03\/Simbolo-em-degrade@3x-2023x2048.png 2023w\" sizes=\"auto, (max-width: 117px) 100vw, 117px\" \/><\/a><\/p>\n<p><strong>Alunos de Mestrado<\/strong><\/p>\n<ul>\n<li>Isabela Lohaine da Silva Pereira<\/li>\n<li>Lanna de Oliveira C. Pereira<\/li>\n<li>Laura Nogueira Monteiro<\/li>\n<\/ul>\n","protected":false},"excerpt":{"rendered":"<p>Alunos de Doutorado Ana Caroline Mafra Bezerra B\u00e1rbara Andrade Barcelos Rangel Luiza Gon\u00e7alves Ayres Maria N\u00fabia Alencar Couto Yasmin Viana&#8230;<\/p>\n","protected":false},"author":27,"featured_media":0,"parent":0,"menu_order":0,"comment_status":"closed","ping_status":"closed","template":"","meta":{"footnotes":""},"class_list":["post-109","page","type-page","status-publish","hentry"],"_links":{"self":[{"href":"https:\/\/uenf.br\/cbb\/lbr\/wp-json\/wp\/v2\/pages\/109","targetHints":{"allow":["GET"]}}],"collection":[{"href":"https:\/\/uenf.br\/cbb\/lbr\/wp-json\/wp\/v2\/pages"}],"about":[{"href":"https:\/\/uenf.br\/cbb\/lbr\/wp-json\/wp\/v2\/types\/page"}],"author":[{"embeddable":true,"href":"https:\/\/uenf.br\/cbb\/lbr\/wp-json\/wp\/v2\/users\/27"}],"replies":[{"embeddable":true,"href":"https:\/\/uenf.br\/cbb\/lbr\/wp-json\/wp\/v2\/comments?post=109"}],"version-history":[{"count":0,"href":"https:\/\/uenf.br\/cbb\/lbr\/wp-json\/wp\/v2\/pages\/109\/revisions"}],"wp:attachment":[{"href":"https:\/\/uenf.br\/cbb\/lbr\/wp-json\/wp\/v2\/media?parent=109"}],"curies":[{"name":"wp","href":"https:\/\/api.w.org\/{rel}","templated":true}]}}