{"id":131,"date":"2024-03-05T19:54:41","date_gmt":"2024-03-05T19:54:41","guid":{"rendered":"https:\/\/uenf.br\/cbb\/lbr\/?page_id=131"},"modified":"2024-03-05T20:27:50","modified_gmt":"2024-03-05T20:27:50","slug":"projetos-de-extensao","status":"publish","type":"page","link":"https:\/\/uenf.br\/cbb\/lbr\/apresentacao\/projetos-de-extensao\/","title":{"rendered":"Projetos de Extens\u00e3o"},"content":{"rendered":"<p style=\"text-align: center\"><a href=\"https:\/\/uenf.br\/cbb\/lbr\/files\/2024\/03\/Logo-Versao-vertical-Degrade-1@3x.png\"><img loading=\"lazy\" decoding=\"async\" class=\"wp-image-121 aligncenter\" src=\"https:\/\/uenf.br\/cbb\/lbr\/files\/2024\/03\/Logo-Versao-vertical-Degrade-1@3x-300x169.png\" alt=\"\" width=\"369\" height=\"208\" srcset=\"https:\/\/uenf.br\/cbb\/lbr\/files\/2024\/03\/Logo-Versao-vertical-Degrade-1@3x-300x169.png 300w, https:\/\/uenf.br\/cbb\/lbr\/files\/2024\/03\/Logo-Versao-vertical-Degrade-1@3x-1024x576.png 1024w, https:\/\/uenf.br\/cbb\/lbr\/files\/2024\/03\/Logo-Versao-vertical-Degrade-1@3x-768x432.png 768w, https:\/\/uenf.br\/cbb\/lbr\/files\/2024\/03\/Logo-Versao-vertical-Degrade-1@3x-1536x864.png 1536w, https:\/\/uenf.br\/cbb\/lbr\/files\/2024\/03\/Logo-Versao-vertical-Degrade-1@3x-2048x1152.png 2048w, https:\/\/uenf.br\/cbb\/lbr\/files\/2024\/03\/Logo-Versao-vertical-Degrade-1@3x-800x450.png 800w\" sizes=\"auto, (max-width: 369px) 100vw, 369px\" \/><\/a><\/p>\n<p>&nbsp;<\/p>\n<p>O LBR tem, ao longo de mais de 10 anos, projetos de extens\u00e3o que permitem um interc\u00e2mbio de conhecimentos entre a academia e a sociedade.<\/p>\n<p>Projetos de extens\u00e3o desenvolvidos pela equipe da Prof.\u00aa Alba ao longo desses anos se inserem no contexto da sa\u00fade local, mais especificamente em rela\u00e7\u00e3o \u00e0 toxoplasmose, com vistas a utilizar a educa\u00e7\u00e3o continuada e dissemina\u00e7\u00e3o dos conhecimentos cient\u00edficos como ferramenta aliada \u00e0s mudan\u00e7as que se fazem necess\u00e1rias para diminuir a preval\u00eancia da infec\u00e7\u00e3o no Norte e Noroeste Fluminense, orientando profissionais m\u00e9dicos, educadores e popula\u00e7\u00e3o em geral.<\/p>\n<p>Outro projeto de extens\u00e3o desenvolvido pelo grupo da Prof <sup>a<\/sup>. Elena visa melhorar o controle da Paratuberculose bovina nas regi\u00f5es norte e noroeste fluminense com a\u00e7\u00f5es educativas para esclarecer os riscos da doen\u00e7a para os pecuaristas e a\u00e7\u00f5es de coleta do material biol\u00f3gico do gado nas propriedades rurais e envio para o diagn\u00f3stico na UENF com objetivo de detectar rebanhos infectados e elaborar plano de controle da doen\u00e7a nas propriedades atingidas.<\/p>\n<p>Projetos dessa natureza se enquadram nos objetivos da Universidade Estadual do Norte Fluminense Darcy Ribeiro (UENF), que se instituiu como uma universidade cient\u00edfico-tecnol\u00f3gica voltada para o cultivo e a difus\u00e3o do saber e com compet\u00eancia para interagir no desenvolvimento socioecon\u00f4mico regional e nacional, segundo seu projeto de cria\u00e7\u00e3o\/instala\u00e7\u00e3o.<\/p>\n<p style=\"text-align: center\"><a href=\"https:\/\/uenf.br\/cbb\/lbr\/files\/2024\/03\/Simbolo-em-degrade@3x.png\"><img loading=\"lazy\" decoding=\"async\" class=\"wp-image-122 aligncenter\" src=\"https:\/\/uenf.br\/cbb\/lbr\/files\/2024\/03\/Simbolo-em-degrade@3x-296x300.png\" alt=\"\" width=\"106\" height=\"107\" srcset=\"https:\/\/uenf.br\/cbb\/lbr\/files\/2024\/03\/Simbolo-em-degrade@3x-296x300.png 296w, https:\/\/uenf.br\/cbb\/lbr\/files\/2024\/03\/Simbolo-em-degrade@3x-1012x1024.png 1012w, https:\/\/uenf.br\/cbb\/lbr\/files\/2024\/03\/Simbolo-em-degrade@3x-150x150.png 150w, https:\/\/uenf.br\/cbb\/lbr\/files\/2024\/03\/Simbolo-em-degrade@3x-768x777.png 768w, https:\/\/uenf.br\/cbb\/lbr\/files\/2024\/03\/Simbolo-em-degrade@3x-1518x1536.png 1518w, https:\/\/uenf.br\/cbb\/lbr\/files\/2024\/03\/Simbolo-em-degrade@3x-2023x2048.png 2023w, https:\/\/uenf.br\/cbb\/lbr\/files\/2024\/03\/Simbolo-em-degrade@3x-600x600.png 600w\" sizes=\"auto, (max-width: 106px) 100vw, 106px\" \/><\/a><\/p>\n","protected":false},"excerpt":{"rendered":"<p>&nbsp; O LBR tem, ao longo de mais de 10 anos, projetos de extens\u00e3o que permitem um interc\u00e2mbio de conhecimentos&#8230;<\/p>\n","protected":false},"author":27,"featured_media":0,"parent":2,"menu_order":1,"comment_status":"closed","ping_status":"closed","template":"","meta":{"footnotes":""},"class_list":["post-131","page","type-page","status-publish","hentry"],"_links":{"self":[{"href":"https:\/\/uenf.br\/cbb\/lbr\/wp-json\/wp\/v2\/pages\/131","targetHints":{"allow":["GET"]}}],"collection":[{"href":"https:\/\/uenf.br\/cbb\/lbr\/wp-json\/wp\/v2\/pages"}],"about":[{"href":"https:\/\/uenf.br\/cbb\/lbr\/wp-json\/wp\/v2\/types\/page"}],"author":[{"embeddable":true,"href":"https:\/\/uenf.br\/cbb\/lbr\/wp-json\/wp\/v2\/users\/27"}],"replies":[{"embeddable":true,"href":"https:\/\/uenf.br\/cbb\/lbr\/wp-json\/wp\/v2\/comments?post=131"}],"version-history":[{"count":0,"href":"https:\/\/uenf.br\/cbb\/lbr\/wp-json\/wp\/v2\/pages\/131\/revisions"}],"up":[{"embeddable":true,"href":"https:\/\/uenf.br\/cbb\/lbr\/wp-json\/wp\/v2\/pages\/2"}],"wp:attachment":[{"href":"https:\/\/uenf.br\/cbb\/lbr\/wp-json\/wp\/v2\/media?parent=131"}],"curies":[{"name":"wp","href":"https:\/\/api.w.org\/{rel}","templated":true}]}}