{"id":161,"date":"2024-03-11T21:17:59","date_gmt":"2024-03-11T21:17:59","guid":{"rendered":"https:\/\/uenf.br\/cbb\/lbr\/?page_id=161"},"modified":"2024-03-11T21:17:59","modified_gmt":"2024-03-11T21:17:59","slug":"disciplinas-oferecidas","status":"publish","type":"page","link":"https:\/\/uenf.br\/cbb\/lbr\/apresentacao\/disciplinas-oferecidas\/","title":{"rendered":"Disciplinas Oferecidas"},"content":{"rendered":"<p><a href=\"https:\/\/uenf.br\/cbb\/lbr\/files\/2024\/03\/Logo-Versao-vertical-Degrade-1@3x.png\"><img loading=\"lazy\" decoding=\"async\" class=\"size-medium wp-image-121 aligncenter\" src=\"https:\/\/uenf.br\/cbb\/lbr\/files\/2024\/03\/Logo-Versao-vertical-Degrade-1@3x-300x169.png\" alt=\"\" width=\"300\" height=\"169\" srcset=\"https:\/\/uenf.br\/cbb\/lbr\/files\/2024\/03\/Logo-Versao-vertical-Degrade-1@3x-300x169.png 300w, https:\/\/uenf.br\/cbb\/lbr\/files\/2024\/03\/Logo-Versao-vertical-Degrade-1@3x-1024x576.png 1024w, https:\/\/uenf.br\/cbb\/lbr\/files\/2024\/03\/Logo-Versao-vertical-Degrade-1@3x-768x432.png 768w, https:\/\/uenf.br\/cbb\/lbr\/files\/2024\/03\/Logo-Versao-vertical-Degrade-1@3x-1536x864.png 1536w, https:\/\/uenf.br\/cbb\/lbr\/files\/2024\/03\/Logo-Versao-vertical-Degrade-1@3x-2048x1152.png 2048w, https:\/\/uenf.br\/cbb\/lbr\/files\/2024\/03\/Logo-Versao-vertical-Degrade-1@3x-800x450.png 800w\" sizes=\"auto, (max-width: 300px) 100vw, 300px\" \/><\/a><\/p>\n<p>O LBR oferece disciplinas para os cursos de Gradua\u00e7\u00e3o em Ci\u00eancias Biol\u00f3gicas (<a href=\"https:\/\/uenf.br\/cbb\/graduacao\/\">Bacharelado, Licenciatura e EAD<\/a>) e tamb\u00e9m para os cursos de P\u00f3s-Gradua\u00e7\u00e3o em Bioci\u00eancias e Biotecnologia (<a href=\"https:\/\/uenf.br\/posgraduacao\/biociencias-biotecnologia\/\">PGBB<\/a>).<\/p>\n","protected":false},"excerpt":{"rendered":"<p>O LBR oferece disciplinas para os cursos de Gradua\u00e7\u00e3o em Ci\u00eancias Biol\u00f3gicas (Bacharelado, Licenciatura e EAD) e tamb\u00e9m para os&#8230;<\/p>\n","protected":false},"author":27,"featured_media":0,"parent":2,"menu_order":1,"comment_status":"closed","ping_status":"closed","template":"","meta":{"footnotes":""},"class_list":["post-161","page","type-page","status-publish","hentry"],"_links":{"self":[{"href":"https:\/\/uenf.br\/cbb\/lbr\/wp-json\/wp\/v2\/pages\/161","targetHints":{"allow":["GET"]}}],"collection":[{"href":"https:\/\/uenf.br\/cbb\/lbr\/wp-json\/wp\/v2\/pages"}],"about":[{"href":"https:\/\/uenf.br\/cbb\/lbr\/wp-json\/wp\/v2\/types\/page"}],"author":[{"embeddable":true,"href":"https:\/\/uenf.br\/cbb\/lbr\/wp-json\/wp\/v2\/users\/27"}],"replies":[{"embeddable":true,"href":"https:\/\/uenf.br\/cbb\/lbr\/wp-json\/wp\/v2\/comments?post=161"}],"version-history":[{"count":0,"href":"https:\/\/uenf.br\/cbb\/lbr\/wp-json\/wp\/v2\/pages\/161\/revisions"}],"up":[{"embeddable":true,"href":"https:\/\/uenf.br\/cbb\/lbr\/wp-json\/wp\/v2\/pages\/2"}],"wp:attachment":[{"href":"https:\/\/uenf.br\/cbb\/lbr\/wp-json\/wp\/v2\/media?parent=161"}],"curies":[{"name":"wp","href":"https:\/\/api.w.org\/{rel}","templated":true}]}}