{"id":163,"date":"2024-03-11T21:18:22","date_gmt":"2024-03-11T21:18:22","guid":{"rendered":"https:\/\/uenf.br\/cbb\/lbr\/?page_id=163"},"modified":"2024-03-11T21:32:54","modified_gmt":"2024-03-11T21:32:54","slug":"graduacao","status":"publish","type":"page","link":"https:\/\/uenf.br\/cbb\/lbr\/apresentacao\/disciplinas-oferecidas\/graduacao\/","title":{"rendered":"Gradua\u00e7\u00e3o"},"content":{"rendered":"<p style=\"text-align: center\"><a href=\"https:\/\/uenf.br\/cbb\/lbr\/files\/2024\/03\/Logo-Versao-vertical-Degrade-1@3x.png\"><img loading=\"lazy\" decoding=\"async\" class=\"alignnone size-medium wp-image-121\" src=\"https:\/\/uenf.br\/cbb\/lbr\/files\/2024\/03\/Logo-Versao-vertical-Degrade-1@3x-300x169.png\" alt=\"\" width=\"300\" height=\"169\" srcset=\"https:\/\/uenf.br\/cbb\/lbr\/files\/2024\/03\/Logo-Versao-vertical-Degrade-1@3x-300x169.png 300w, https:\/\/uenf.br\/cbb\/lbr\/files\/2024\/03\/Logo-Versao-vertical-Degrade-1@3x-1024x576.png 1024w, https:\/\/uenf.br\/cbb\/lbr\/files\/2024\/03\/Logo-Versao-vertical-Degrade-1@3x-768x432.png 768w, https:\/\/uenf.br\/cbb\/lbr\/files\/2024\/03\/Logo-Versao-vertical-Degrade-1@3x-1536x864.png 1536w, https:\/\/uenf.br\/cbb\/lbr\/files\/2024\/03\/Logo-Versao-vertical-Degrade-1@3x-2048x1152.png 2048w, https:\/\/uenf.br\/cbb\/lbr\/files\/2024\/03\/Logo-Versao-vertical-Degrade-1@3x-800x450.png 800w\" sizes=\"auto, (max-width: 300px) 100vw, 300px\" \/><\/a><\/p>\n<p>DISCIPLINAS OBRIGAT\u00d3RIAS<\/p>\n<ul>\n<li><span style=\"font-weight: 400\">Imunobiologia Geral (LBR02101)<\/span><\/li>\n<li>Imunobiologia Complementar (LBR02401)<\/li>\n<li>T\u00f3picos atuais em Imunologia I (LBR02402)<\/li>\n<li>T\u00f3picos atuais em Imunologia II (LBR02304 )<\/li>\n<li>Cultura de c\u00e9lulas e tecnologia de hibridomas (LBR02305)<\/li>\n<li>An\u00e1lises Cl\u00ednicas (LBR02403)<\/li>\n<li style=\"text-align: left\">Mecanismos b\u00e1sicos de agress\u00e3o e defesa (LBR0 2303)<\/li>\n<\/ul>\n<p>&nbsp;<\/p>\n<p>DISCIPLINA OPTATIVA<\/p>\n<ul>\n<li><span style=\"font-weight: 400\">Imunofarmacologia (LBR02301)<\/span><\/li>\n<\/ul>\n<p><a href=\"https:\/\/uenf.br\/cbb\/lbr\/files\/2024\/03\/Simbolo-em-degrade@3x.png\"><img loading=\"lazy\" decoding=\"async\" class=\"wp-image-122 aligncenter\" src=\"https:\/\/uenf.br\/cbb\/lbr\/files\/2024\/03\/Simbolo-em-degrade@3x-296x300.png\" alt=\"\" width=\"104\" height=\"105\" srcset=\"https:\/\/uenf.br\/cbb\/lbr\/files\/2024\/03\/Simbolo-em-degrade@3x-296x300.png 296w, https:\/\/uenf.br\/cbb\/lbr\/files\/2024\/03\/Simbolo-em-degrade@3x-1012x1024.png 1012w, https:\/\/uenf.br\/cbb\/lbr\/files\/2024\/03\/Simbolo-em-degrade@3x-150x150.png 150w, https:\/\/uenf.br\/cbb\/lbr\/files\/2024\/03\/Simbolo-em-degrade@3x-768x777.png 768w, https:\/\/uenf.br\/cbb\/lbr\/files\/2024\/03\/Simbolo-em-degrade@3x-1518x1536.png 1518w, https:\/\/uenf.br\/cbb\/lbr\/files\/2024\/03\/Simbolo-em-degrade@3x-2023x2048.png 2023w, https:\/\/uenf.br\/cbb\/lbr\/files\/2024\/03\/Simbolo-em-degrade@3x-600x600.png 600w\" sizes=\"auto, (max-width: 104px) 100vw, 104px\" \/><\/a><\/p>\n","protected":false},"excerpt":{"rendered":"<p>DISCIPLINAS OBRIGAT\u00d3RIAS Imunobiologia Geral (LBR02101) Imunobiologia Complementar (LBR02401) T\u00f3picos atuais em Imunologia I (LBR02402) T\u00f3picos atuais em Imunologia II (LBR02304&#8230;<\/p>\n","protected":false},"author":27,"featured_media":0,"parent":161,"menu_order":2,"comment_status":"closed","ping_status":"closed","template":"","meta":{"footnotes":""},"class_list":["post-163","page","type-page","status-publish","hentry"],"_links":{"self":[{"href":"https:\/\/uenf.br\/cbb\/lbr\/wp-json\/wp\/v2\/pages\/163","targetHints":{"allow":["GET"]}}],"collection":[{"href":"https:\/\/uenf.br\/cbb\/lbr\/wp-json\/wp\/v2\/pages"}],"about":[{"href":"https:\/\/uenf.br\/cbb\/lbr\/wp-json\/wp\/v2\/types\/page"}],"author":[{"embeddable":true,"href":"https:\/\/uenf.br\/cbb\/lbr\/wp-json\/wp\/v2\/users\/27"}],"replies":[{"embeddable":true,"href":"https:\/\/uenf.br\/cbb\/lbr\/wp-json\/wp\/v2\/comments?post=163"}],"version-history":[{"count":0,"href":"https:\/\/uenf.br\/cbb\/lbr\/wp-json\/wp\/v2\/pages\/163\/revisions"}],"up":[{"embeddable":true,"href":"https:\/\/uenf.br\/cbb\/lbr\/wp-json\/wp\/v2\/pages\/161"}],"wp:attachment":[{"href":"https:\/\/uenf.br\/cbb\/lbr\/wp-json\/wp\/v2\/media?parent=163"}],"curies":[{"name":"wp","href":"https:\/\/api.w.org\/{rel}","templated":true}]}}