{"id":168,"date":"2024-03-11T21:18:39","date_gmt":"2024-03-11T21:18:39","guid":{"rendered":"https:\/\/uenf.br\/cbb\/lbr\/?page_id=168"},"modified":"2024-03-11T21:22:57","modified_gmt":"2024-03-11T21:22:57","slug":"pos-graduacao","status":"publish","type":"page","link":"https:\/\/uenf.br\/cbb\/lbr\/apresentacao\/disciplinas-oferecidas\/pos-graduacao\/","title":{"rendered":"P\u00f3s-Gradua\u00e7\u00e3o"},"content":{"rendered":"<p style=\"text-align: center\"><a href=\"https:\/\/uenf.br\/cbb\/lbr\/files\/2024\/03\/Logo-Versao-vertical-Degrade-1@3x.png\"><img loading=\"lazy\" decoding=\"async\" class=\"size-medium wp-image-121 aligncenter\" src=\"https:\/\/uenf.br\/cbb\/lbr\/files\/2024\/03\/Logo-Versao-vertical-Degrade-1@3x-300x169.png\" alt=\"\" width=\"300\" height=\"169\" srcset=\"https:\/\/uenf.br\/cbb\/lbr\/files\/2024\/03\/Logo-Versao-vertical-Degrade-1@3x-300x169.png 300w, https:\/\/uenf.br\/cbb\/lbr\/files\/2024\/03\/Logo-Versao-vertical-Degrade-1@3x-1024x576.png 1024w, https:\/\/uenf.br\/cbb\/lbr\/files\/2024\/03\/Logo-Versao-vertical-Degrade-1@3x-768x432.png 768w, https:\/\/uenf.br\/cbb\/lbr\/files\/2024\/03\/Logo-Versao-vertical-Degrade-1@3x-1536x864.png 1536w, https:\/\/uenf.br\/cbb\/lbr\/files\/2024\/03\/Logo-Versao-vertical-Degrade-1@3x-2048x1152.png 2048w, https:\/\/uenf.br\/cbb\/lbr\/files\/2024\/03\/Logo-Versao-vertical-Degrade-1@3x-800x450.png 800w\" sizes=\"auto, (max-width: 300px) 100vw, 300px\" \/><\/a><\/p>\n<p>DISCIPLINAS<\/p>\n<ul>\n<li><span style=\"font-weight: 400\">Semin\u00e1rio em Imunologia (LBR2609)<\/span><\/li>\n<li>Imunoterapia (LBR2736)<\/li>\n<li>Cancerog\u00eanese e controle do sistema imune (LBR2723)<\/li>\n<li>T\u00f3picos Atuais em Infec\u00e7\u00f5es com Potencial Pand\u00eamico (Covid-19, Influenza, Tuberculose): Aspectos Epidemiol\u00f3gicos, Imunol\u00f3gicos, Patogenia, Diagn\u00f3stico, Tratamento e Preven\u00e7\u00e3o (LBR2737)<\/li>\n<li>Imunologia da Reprodu\u00e7\u00e3o (LBR2734)<\/li>\n<li>Morte Celular Programada &#8211; Apoptose (LBR2606)<\/li>\n<\/ul>\n<p>&nbsp;<\/p>\n","protected":false},"excerpt":{"rendered":"<p>DISCIPLINAS Semin\u00e1rio em Imunologia (LBR2609) Imunoterapia (LBR2736) Cancerog\u00eanese e controle do sistema imune (LBR2723) T\u00f3picos Atuais em Infec\u00e7\u00f5es com Potencial&#8230;<\/p>\n","protected":false},"author":27,"featured_media":0,"parent":161,"menu_order":2,"comment_status":"closed","ping_status":"closed","template":"","meta":{"footnotes":""},"class_list":["post-168","page","type-page","status-publish","hentry"],"_links":{"self":[{"href":"https:\/\/uenf.br\/cbb\/lbr\/wp-json\/wp\/v2\/pages\/168","targetHints":{"allow":["GET"]}}],"collection":[{"href":"https:\/\/uenf.br\/cbb\/lbr\/wp-json\/wp\/v2\/pages"}],"about":[{"href":"https:\/\/uenf.br\/cbb\/lbr\/wp-json\/wp\/v2\/types\/page"}],"author":[{"embeddable":true,"href":"https:\/\/uenf.br\/cbb\/lbr\/wp-json\/wp\/v2\/users\/27"}],"replies":[{"embeddable":true,"href":"https:\/\/uenf.br\/cbb\/lbr\/wp-json\/wp\/v2\/comments?post=168"}],"version-history":[{"count":0,"href":"https:\/\/uenf.br\/cbb\/lbr\/wp-json\/wp\/v2\/pages\/168\/revisions"}],"up":[{"embeddable":true,"href":"https:\/\/uenf.br\/cbb\/lbr\/wp-json\/wp\/v2\/pages\/161"}],"wp:attachment":[{"href":"https:\/\/uenf.br\/cbb\/lbr\/wp-json\/wp\/v2\/media?parent=168"}],"curies":[{"name":"wp","href":"https:\/\/api.w.org\/{rel}","templated":true}]}}