{"id":2,"date":"2013-10-31T13:58:27","date_gmt":"2013-10-31T13:58:27","guid":{"rendered":"http:\/\/uenf.br\/cbb\/lbr\/?page_id=2"},"modified":"2025-06-13T20:39:10","modified_gmt":"2025-06-13T20:39:10","slug":"apresentacao","status":"publish","type":"page","link":"https:\/\/uenf.br\/cbb\/lbr\/","title":{"rendered":"1. Apresenta\u00e7\u00e3o"},"content":{"rendered":"<p style=\"text-align: center\"><a href=\"https:\/\/uenf.br\/cbb\/lbr\/files\/2024\/03\/Logo-Versao-vertical-Degrade-1@3x.png\"><img loading=\"lazy\" decoding=\"async\" class=\"wp-image-121 aligncenter\" src=\"https:\/\/uenf.br\/cbb\/lbr\/files\/2024\/03\/Logo-Versao-vertical-Degrade-1@3x-300x169.png\" alt=\"\" width=\"527\" height=\"297\" srcset=\"https:\/\/uenf.br\/cbb\/lbr\/files\/2024\/03\/Logo-Versao-vertical-Degrade-1@3x-300x169.png 300w, https:\/\/uenf.br\/cbb\/lbr\/files\/2024\/03\/Logo-Versao-vertical-Degrade-1@3x-1024x576.png 1024w, https:\/\/uenf.br\/cbb\/lbr\/files\/2024\/03\/Logo-Versao-vertical-Degrade-1@3x-768x432.png 768w, https:\/\/uenf.br\/cbb\/lbr\/files\/2024\/03\/Logo-Versao-vertical-Degrade-1@3x-1536x864.png 1536w, https:\/\/uenf.br\/cbb\/lbr\/files\/2024\/03\/Logo-Versao-vertical-Degrade-1@3x-2048x1152.png 2048w, https:\/\/uenf.br\/cbb\/lbr\/files\/2024\/03\/Logo-Versao-vertical-Degrade-1@3x-800x450.png 800w\" sizes=\"auto, (max-width: 527px) 100vw, 527px\" \/><\/a><\/p>\n<p>O <strong>Laborat\u00f3rio de Biologia do Reconhecer<\/strong> foi assim batizado baseado no conceito das diversas a\u00e7\u00f5es do Sistema Imunit\u00e1rio, que t\u00eam in\u00edcio no plano molecular, no reconhecimento de mol\u00e9culas por receptores expressos na superf\u00edcie ou no interior de leuc\u00f3citos e outras c\u00e9lulas dos mais diversos tecidos. Esse nome dado pelo Professor George Alexandre dos Reis, em 1992, segue a recomenda\u00e7\u00e3o do idealizador da UENF, Prof. Darcy Ribeiro, para que de forma equivalente dos formais Departamentos das Universidades Brasileiras, intitulasse o laborat\u00f3rio que abrigaria equipes que tivessem a<strong> Imunologia<\/strong> como interesse principal, com a linguagem moderna das equipes colaborativas, adotando nomes provocativos.\u00a0 O LBR nasce com seu balizamento atrav\u00e9s da interioriza\u00e7\u00e3o da pesquisa de ponta em Imunologia, voltando os olhos para os problemas de sa\u00fade das regi\u00f5es Norte e Noroeste Fluminense, formando profissionais e pesquisadores capacitados e comprometidos com esse perfil.<\/p>\n<p>Hoje, a Imunologia evolui a passos r\u00e1pidos, abordando regula\u00e7\u00f5es gen\u00e9ticas e epigen\u00e9ticas, estabelecendo popula\u00e7\u00f5es e subpopula\u00e7\u00f5es celulares envolvidas em diferentes estados patol\u00f3gicos, bem como as rela\u00e7\u00f5es entre estes componentes nos diversos compartimentos do organismo. Veremos que o LBR usa diversos modelos de estudo de patologias variadas, como c\u00e2ncer, tuberculose, hansen\u00edase e toxoplasmose. S\u00e3o utilizados modelos murinos com protocolos experimentais <em>in vitro, ex vivo <\/em>e<em> in vivo<\/em>. Algumas das linhas hoje em desenvolvimento tamb\u00e9m envolvem o estudo de popula\u00e7\u00f5es humanas das regi\u00f5es Norte e Noroeste Fluminense.<\/p>\n<p><a href=\"https:\/\/uenf.br\/cbb\/lbr\/files\/2024\/03\/Simbolo-em-degrade@3x.png\"><img loading=\"lazy\" decoding=\"async\" class=\" wp-image-122 alignright\" src=\"https:\/\/uenf.br\/cbb\/lbr\/files\/2024\/03\/Simbolo-em-degrade@3x-296x300.png\" alt=\"\" width=\"267\" height=\"271\" srcset=\"https:\/\/uenf.br\/cbb\/lbr\/files\/2024\/03\/Simbolo-em-degrade@3x-296x300.png 296w, https:\/\/uenf.br\/cbb\/lbr\/files\/2024\/03\/Simbolo-em-degrade@3x-1012x1024.png 1012w, https:\/\/uenf.br\/cbb\/lbr\/files\/2024\/03\/Simbolo-em-degrade@3x-768x777.png 768w, https:\/\/uenf.br\/cbb\/lbr\/files\/2024\/03\/Simbolo-em-degrade@3x-1518x1536.png 1518w, https:\/\/uenf.br\/cbb\/lbr\/files\/2024\/03\/Simbolo-em-degrade@3x-2023x2048.png 2023w\" sizes=\"auto, (max-width: 267px) 100vw, 267px\" \/><\/a><\/p>\n<p><strong>Principais contribui\u00e7\u00f5es cient\u00edficas do LBR<\/strong><\/p>\n<p>O grupo da <a href=\"https:\/\/uenf.br\/cbb\/lbr\/apresentacao\/linhas-de-pesquisa\/docentes\/\">Prof.<sup>a<\/sup> Andrea Arnholdt<\/a> dedica-se ao desenvolvimento de modelos <em>in vitro<\/em> e <em>in vivo<\/em> que abordam aspectos cruciais para a dissemina\u00e7\u00e3o do <em>Toxoplasma gondii<\/em> no organismo hospedeiro e sua capacidade de alojar-se em s\u00edtios imunoprivilegiados, utilizando leuc\u00f3citos como <em>Cavalos de Troia<\/em>. S\u00e3o explorados <em>in vitro<\/em> e <em>in vivo<\/em> mecanismos moleculares envolvendo mol\u00e9culas de ades\u00e3o, metaloproteinases e seus reguladores, expressos em c\u00e9lulas infectadas por <em>T. gondii.<\/em><\/p>\n<p>A equipe da <a href=\"https:\/\/uenf.br\/cbb\/lbr\/apresentacao\/linhas-de-pesquisa\/docentes\/\">Prof.<sup>a<\/sup> Alba Peixoto Rangel<\/a> desenvolve projetos na \u00e1rea de imunogen\u00e9tica de doen\u00e7as infecciosas, contemplando duas doen\u00e7as infecciosas negligenciadas e de import\u00e2ncia epidemiol\u00f3gica regional: a toxoplasmose e a hansen\u00edase. Esses projetos focam principalmente na investiga\u00e7\u00e3o concomitante de SNP (Polimorfismo de Nucleot\u00eddeo \u00danico) em genes candidatos envolvidos na resposta imune contra o <em>T. gondii <\/em>e <em>Mycobacterium leprae<\/em>, e par\u00e2metros da resposta imune associados \u00e0 manifesta\u00e7\u00e3o ocular da toxoplasmose e a severidade da hansen\u00edase na popula\u00e7\u00e3o de Campos dos Goytacazes\/RJ. Al\u00e9m disso, projetos em neuroimunomodula\u00e7\u00e3o da toxoplasmose com avalia\u00e7\u00e3o de comportamento de animais infectados com <em>T. gondii<\/em>, avalia\u00e7\u00e3o imunogen\u00e9tica e epidemiol\u00f3gica da toxoplasmose cong\u00eanita em rec\u00e9m-nascidos do Norte e Noroeste Fluminense tamb\u00e9m s\u00e3o investigados pelo grupo de pesquisa.<\/p>\n<p>Desde a sua implanta\u00e7\u00e3o em 1998, o grupo de pesquisa em Tuberculose (TB) liderado pela <a href=\"https:\/\/uenf.br\/cbb\/lbr\/apresentacao\/linhas-de-pesquisa\/docentes\/\">Prof.\u00aa Elena Lassounskaia<\/a> estuda mecanismos de imunopatogenia de doen\u00e7as causadas pelas micobact\u00e9rias patog\u00eanicas, incluindo tuberculose, paratuberculose bovina e infec\u00e7\u00f5es pulmonares causadas pelas micobact\u00e9rias n\u00e3o tuberculosas. Em 2020 durante a pandemia, foram iniciados projetos de estudo de coinfec\u00e7\u00e3o TB\/COVID-19. Na pesquisa de patogenicidade e identifica\u00e7\u00e3o dos fatores que determinam a capacidade de micobact\u00e9ria de causar formas graves da doen\u00e7a, o grupo utiliza uma abordagem moderna baseada na associa\u00e7\u00e3o de dados gen\u00f4micos dos isolados cl\u00ednicos com os dados fenot\u00edpicos, de virul\u00eancia, e manifesta\u00e7\u00f5es da TB.<a href=\"https:\/\/uenf.br\/cbb\/lbr\/files\/2024\/03\/NB3.png\"><img loading=\"lazy\" decoding=\"async\" class=\"size-medium wp-image-123 alignleft\" src=\"https:\/\/uenf.br\/cbb\/lbr\/files\/2024\/03\/NB3-300x225.png\" alt=\"\" width=\"300\" height=\"225\" srcset=\"https:\/\/uenf.br\/cbb\/lbr\/files\/2024\/03\/NB3-300x225.png 300w, https:\/\/uenf.br\/cbb\/lbr\/files\/2024\/03\/NB3-768x576.png 768w, https:\/\/uenf.br\/cbb\/lbr\/files\/2024\/03\/NB3.png 891w\" sizes=\"auto, (max-width: 300px) 100vw, 300px\" \/><\/a><\/p>\n<p>Para estudos de micro-organismos de risco elevado, como as micobact\u00e9rias tuberculosas e novo coronav\u00edrus (SARS-CoV-2), o LBR conta com um Laborat\u00f3rio de Biosseguran\u00e7a NB3.<\/p>\n<p>Todos os projetos nessa linha de pesquisa est\u00e3o inseridos no conjunto de projetos que comp\u00f5em a Rede Brasileira de Pesquisas em Tuberculose, onde tamb\u00e9m se insere a <a href=\"https:\/\/uenf.br\/cbb\/lbr\/apresentacao\/linhas-de-pesquisa\/docentes\/\">Profa. Elisangela da Silva<\/a>, a coordenadora da \u00e1rea de Pesquisa B\u00e1sica e Imunopatogenia da REDE-TB.<\/p>\n<p>Na \u00e1rea de diagn\u00f3stico, o grupo desenvolve novos kits imunoqu\u00edmicos (ELISA e testes r\u00e1pidos) para diagn\u00f3stico da paratuberculose bovina (patente 2015 &#8211; BR1020150051425) e outras micobacterioses de import\u00e2ncia de sa\u00fade humana e animal, colaborando com a empresa startup Imuno X-Press, que foi fundada por ex-alunos do LBR.<\/p>\n<p>Com base em suas investiga\u00e7\u00f5es sobre o receptor purin\u00e9rgico P2X7 e sua influ\u00eancia nos efeitos pr\u00f3-inflamat\u00f3rios dos macr\u00f3fagos estimulados por <em>M. leprae<\/em>, a <a href=\"https:\/\/uenf.br\/cbb\/lbr\/docentes\/\">Prof\u00aa Rebeka da Concei\u00e7\u00e3o Souza<\/a> pretende aprofundar os conhecimentos sobre o papel do sistema purin\u00e9rgico na hansen\u00edase. Sua linha de pesquisa se fundamenta na hip\u00f3tese de que a aus\u00eancia funcional do receptor P2X7 pode levar \u00e0 ativa\u00e7\u00e3o compensat\u00f3ria de outros membros da fam\u00edlia P2X, como o P2X4, modulando a resposta imune \u00e0 infec\u00e7\u00e3o. Esse enfoque abre novas perspectivas para a compreens\u00e3o dos mecanismos imunopatog\u00eanicos da hansen\u00edase e pode contribuir para o desenvolvimento de novas estrat\u00e9gias terap\u00eauticas direcionadas \u00e0 modula\u00e7\u00e3o da resposta inflamat\u00f3ria na doen\u00e7a.<\/p>\n<p>Os modelos de estudos estabelecidos pelo grupo da prof\u00aa Elena Lassounskaia est\u00e3o sendo tamb\u00e9m utilizados nos projetos da <a href=\"https:\/\/uenf.br\/cbb\/lbr\/apresentacao\/linhas-de-pesquisa\/docentes\/\">Prof.\u00aa Thatiana Lopes Bi\u00e1 Ventura Sim\u00e3o<\/a> para sele\u00e7\u00e3o, caracteriza\u00e7\u00e3o e design de novos candidatos a f\u00e1rmacos objetivando o tratamento adjuvante da tuberculose pulmonar. Os projetos s\u00e3o baseados no estudo de produtos bioativos sint\u00e9ticos de diferentes classes qu\u00edmicas ou naturais isolados de plantas pertencentes \u00e0 flora brasileira, em especial do litoral Norte Fluminense, do Parque Nacional da Restinga de Jurubatiba assim como de produtos naturais marinhos. O potencial antimicobacteriano e anti-inflamat\u00f3rio desses produtos bioativos tem sido verificado quanto a sua capacidade de inibir o crescimento micobacteriano intracelular e de agregados extracelulares com diferentes n\u00edveis de virul\u00eancia, assim como a capacidade de inibi\u00e7\u00e3o da produ\u00e7\u00e3o de diferentes mediadores inflamat\u00f3rios e os mecanismos moleculares associados.<\/p>\n<p>As linhas de pesquisa do LBR sempre estiveram na interface da pesquisa b\u00e1sica e aplicada. Uma das propostas iniciais do LBR era a produ\u00e7\u00e3o de anticorpos monoclonais que pudessem ser utilizados como imunobiol\u00f3gicos em diversas interfaces. Neste contexto o <a href=\"https:\/\/uenf.br\/cbb\/lbr\/apresentacao\/linhas-de-pesquisa\/docentes\/\">Prof. Milton Kanashiro<\/a> iniciou suas atividades no LBR em 1994 como t\u00e9cnico especialista em imunodiagn\u00f3stico e produ\u00e7\u00e3o de anticorpos monoclonais, integrando o setor de hibridomas do LBR junto \u00e0 equipe do Prof. Boris Margulis. Em 2002 ap\u00f3s a obten\u00e7\u00e3o do t\u00edtulo de Doutor em Bioci\u00eancias sob a orienta\u00e7\u00e3o da Prof.\u00aa Thereza L. Kipnis, o Prof. Milton passou a integrar a equipe do LBR e deu in\u00edcio a linha de pesquisa de sele\u00e7\u00e3o e caracteriza\u00e7\u00e3o de compostos org\u00e2nicos e inorg\u00e2nicos com atividade antineopl\u00e1sica em modelos <em>in vitro<\/em> e <em>in vivo<\/em>. Os compostos s\u00e3o obtidos atrav\u00e9s de diversas colabora\u00e7\u00f5es com grupos de pesquisas que desenvolvem s\u00edntese de compostos inorg\u00e2nicos e de grupos que isolam princ\u00edpios ativos de plantas brasileiras. Estes compostos s\u00e3o selecionados em ensaios <em>in vitro<\/em> quanto \u00e0 citotoxicidade, toxicidade seletiva e o tipo de morte celular induzida frente a um painel de linhagens celulares originadas de c\u00e2nceres humanos.<\/p>\n<p>Dentre os v\u00e1rios compostos estudados o composto de coordena\u00e7\u00e3o de platina, patente depositada no INPI (BR10201602858) foi capaz de induzir morte celular por apoptose em c\u00e9lulas de c\u00e2ncer de mama humana. Al\u00e9m das v\u00e1rias teses, disserta\u00e7\u00f5es e monografias, o grupo j\u00e1 fez a solicita\u00e7\u00e3o de registro de patente no INPI, sendo uma delas j\u00e1 concedida (BR1020140226303).<\/p>\n<p style=\"text-align: center\"><a href=\"https:\/\/uenf.br\/cbb\/lbr\/files\/2024\/03\/Simbolo-em-degrade@3x.png\"><img loading=\"lazy\" decoding=\"async\" class=\"wp-image-122 aligncenter\" src=\"https:\/\/uenf.br\/cbb\/lbr\/files\/2024\/03\/Simbolo-em-degrade@3x-296x300.png\" alt=\"\" width=\"142\" height=\"144\" srcset=\"https:\/\/uenf.br\/cbb\/lbr\/files\/2024\/03\/Simbolo-em-degrade@3x-296x300.png 296w, https:\/\/uenf.br\/cbb\/lbr\/files\/2024\/03\/Simbolo-em-degrade@3x-1012x1024.png 1012w, https:\/\/uenf.br\/cbb\/lbr\/files\/2024\/03\/Simbolo-em-degrade@3x-768x777.png 768w, https:\/\/uenf.br\/cbb\/lbr\/files\/2024\/03\/Simbolo-em-degrade@3x-1518x1536.png 1518w, https:\/\/uenf.br\/cbb\/lbr\/files\/2024\/03\/Simbolo-em-degrade@3x-2023x2048.png 2023w\" sizes=\"auto, (max-width: 142px) 100vw, 142px\" \/><\/a><\/p>\n","protected":false},"excerpt":{"rendered":"<p>O Laborat\u00f3rio de Biologia do Reconhecer foi assim batizado baseado no conceito das diversas a\u00e7\u00f5es do Sistema Imunit\u00e1rio, que t\u00eam&#8230;<\/p>\n","protected":false},"author":11,"featured_media":0,"parent":0,"menu_order":0,"comment_status":"open","ping_status":"closed","template":"","meta":{"footnotes":""},"class_list":["post-2","page","type-page","status-publish","hentry"],"_links":{"self":[{"href":"https:\/\/uenf.br\/cbb\/lbr\/wp-json\/wp\/v2\/pages\/2","targetHints":{"allow":["GET"]}}],"collection":[{"href":"https:\/\/uenf.br\/cbb\/lbr\/wp-json\/wp\/v2\/pages"}],"about":[{"href":"https:\/\/uenf.br\/cbb\/lbr\/wp-json\/wp\/v2\/types\/page"}],"author":[{"embeddable":true,"href":"https:\/\/uenf.br\/cbb\/lbr\/wp-json\/wp\/v2\/users\/11"}],"replies":[{"embeddable":true,"href":"https:\/\/uenf.br\/cbb\/lbr\/wp-json\/wp\/v2\/comments?post=2"}],"version-history":[{"count":0,"href":"https:\/\/uenf.br\/cbb\/lbr\/wp-json\/wp\/v2\/pages\/2\/revisions"}],"wp:attachment":[{"href":"https:\/\/uenf.br\/cbb\/lbr\/wp-json\/wp\/v2\/media?parent=2"}],"curies":[{"name":"wp","href":"https:\/\/api.w.org\/{rel}","templated":true}]}}