{"id":48,"date":"2018-12-05T12:49:27","date_gmt":"2018-12-05T12:49:27","guid":{"rendered":"http:\/\/uenf.br\/cbb\/lbr\/?page_id=48"},"modified":"2025-06-13T20:39:39","modified_gmt":"2025-06-13T20:39:39","slug":"docentes","status":"publish","type":"page","link":"https:\/\/uenf.br\/cbb\/lbr\/docentes\/","title":{"rendered":"2. DOCENTES"},"content":{"rendered":"<p>&nbsp;<\/p>\n<p>&nbsp;<\/p>\n<p><img loading=\"lazy\" decoding=\"async\" class=\"alignleft\" src=\"https:\/\/media.licdn.com\/dms\/image\/C5603AQFleZBGffhngg\/profile-displayphoto-shrink_800_800\/0\/1517362573081?e=2147483647&amp;v=beta&amp;t=oteIlusKPPyzRnC_XQiOw86rBS0a5hQroF4lbgE_4bs\" alt=\"Andrea Cristina Vet\u00f6 Arnholdt - Professor Titular - UENF - Universidade Estadual do Norte Fluminense | LinkedIn\" width=\"169\" height=\"169\" \/>\u00a0<strong><a href=\"http:\/\/lattes.cnpq.br\/4091439444304434\">Dr\u00aa. Andrea Cristina Veto Arnholdt<\/a><\/strong><\/p>\n<p><strong>Professora Titular do LBR.<\/strong> Possui gradua\u00e7\u00e3o em Licenciatura em Ci\u00eancias Biol\u00f3gicas pela Universidade Federal do Paran\u00e1 (UFPR &#8211; 1986) e doutorado em Ci\u00eancias Biol\u00f3gicas (Biof\u00edsica) pela Universidade Federal do Rio de Janeiro (UFRJ &#8211; 1993).\u00a0 Tem experi\u00eancia na \u00e1rea de Imunologia, com \u00eanfase em Imunoparasitologia, explorando o papel da entrada facilitada adaptada do parasita ao hospedeiro na toxoplasmose e na tuberculose; papel da apoptose e da ativa\u00e7\u00e3o policlonal na paracoccidiodomicose experimental. Tem se dedicado ao papel de metaloproteases de matriz e de ativadores\/inibidores de sua express\u00e3o\/processamento em macr\u00f3fagos infectados, e suas implica\u00e7\u00f5es na dissemina\u00e7\u00e3o de pat\u00f3genos e seu envolvimento em mecanismos de entrada facilitada em s\u00edtios imunoprivilegiados. E-mail: <a href=\"mailto:arnholdt@uenf.br\">arnholdt@uenf.br<\/a><\/p>\n<p>&nbsp;<\/p>\n<p><img loading=\"lazy\" decoding=\"async\" class=\"alignleft\" src=\"https:\/\/static.wixstatic.com\/media\/4a4e72_c106a0e1b1a548e993c50e3b9ab59d5f~mv2.png\/v1\/fill\/w_162,h_174,al_c,q_85,usm_0.66_1.00_0.01,enc_auto\/alba.png\" alt=\"Palestrantes\/Professores\/Tutores | neuruenf\" width=\"167\" height=\"179\" \/><\/p>\n<p><strong><a href=\"http:\/\/lattes.cnpq.br\/4255695875749237\">Dr\u00aa Alba Lucinia Peixoto Rangel\u00a0<\/a><\/strong><\/p>\n<p style=\"text-align: left\"><strong>Professora Associada do LBR.<\/strong> Possui gradua\u00e7\u00e3o em Ci\u00eancias Biol\u00f3gicas pela Universidade Estadual do Norte Fluminense Darcy Ribeiro (2002), mestrado em Bioci\u00eancias e Biotecnologia pela Universidade Estadual do Norte Fluminense Darcy Ribeiro (2004) e doutorado sandu\u00edche em Bioci\u00eancias e Biotecnologia pela Universidade Estadual do Norte Fluminense Darcy Ribeiro e University of Cambridge (2008). Possui p\u00f3s-doutorado pelo Centro de Pesquisas Rene Rachou &#8211; FIOCRUZ\/BH (2010) na \u00e1rea de imunogen\u00e9tica da toxoplasmose.\u00a0 \u00a0Tem experi\u00eancia na \u00e1rea de Imunologia e Biologia Molecular, com \u00eanfase em Imunogen\u00e9tica de doen\u00e7as infecciosas, atuando principalmente nos seguintes temas: <em>Toxoplasma gondii<\/em>, <em>Mycobacterium leprae<\/em>, SNPs e marcadores imunol\u00f3gicos na perspectiva epidemiol\u00f3gica em \u00e1reas de alta endemicidade para a infec\u00e7\u00e3o toxopl\u00e1smica e hans\u00eanica. E-mail: <a href=\"mailto:alba@uenf.br\">alba@uenf.br<\/a><\/p>\n<p>&nbsp;<\/p>\n<p><img loading=\"lazy\" decoding=\"async\" class=\"alignleft\" src=\"https:\/\/sites.usp.br\/pgimunoicb\/wp-content\/uploads\/sites\/317\/2022\/05\/Elena_Lassounskaia-removebg-preview.png\" alt=\"ImmunoWebinar | Programa de P\u00f3s-Gradua\u00e7\u00e3o em Imunologia\" width=\"188\" height=\"169\" \/><strong><a href=\"http:\/\/lattes.cnpq.br\/9109005884667366\">Dr\u00aa. Elena Lassounskaia<\/a>\u00a0<\/strong><\/p>\n<p><strong>Professora Associada do LBR.<\/strong> Possui gradua\u00e7\u00e3o em Medicina pelo Pavlov&#8217;s Medical Institute, S\u00e3o Petersburgo, R\u00fassia e PhD em Imunologia pelo Instituto de Medicina Experimental, S\u00e3o Petersburgo, R\u00fassia. P\u00f3s-Doutorado no Instituto de Oncologia Experimental, IOE, R\u00fassia. No laborat\u00f3rio coordena projetos de pesquisa em imunobiologia da tuberculose e paratuberculose, produ\u00e7\u00e3o de imunobiol\u00f3gicos para diagn\u00f3stico das infec\u00e7\u00f5es micobacterianas, novas abordagens para o tratamento adjuvante da tuberculose, biologia de estresse. Os estudos abordam as bases imunol\u00f3gicas de como os pat\u00f3genos micobacterianos causam doen\u00e7as em humanos e animais, empregando modelos de infec\u00e7\u00e3o experimental. A pesquisa visa uma compreens\u00e3o mais profunda de interface hospedeiro-pat\u00f3geno para encontrar novas abordagens para o tratamento e diagn\u00f3stico das infec\u00e7\u00f5es micobacterianas.<span class=\"texto\">\u00a0<\/span>E-mail:\u00a0<a href=\"mailto:elena@uenf.br\">elena@uenf.br<\/a>, <a href=\"mailto:elassounskaia@gmail.com\">elassounskaia@gmail.com<\/a><\/p>\n<p>&nbsp;<\/p>\n<p><img loading=\"lazy\" decoding=\"async\" class=\"alignleft\" src=\"http:\/\/servicosweb.cnpq.br\/wspessoa\/servletrecuperafoto?tipo=1&amp;id=K4763322T5\" width=\"191\" height=\"143\" \/><strong>\u00a0<a href=\"http:\/\/lattes.cnpq.br\/5698806080761169\">Dr\u00aa. Elisangela Costa da Silva<\/a><\/strong><\/p>\n<p><strong>Professora Associada do LBR.<\/strong> Atualmente presta servi\u00e7os como Assessora I de Ensino e Pesquisa na Funda\u00e7\u00e3o Sa\u00fade do Estado Rio de Janeiro, Secretaria Estadual de Sa\u00fade do Rio de Janeiro, desde 2021. Possui gradua\u00e7\u00e3o em Ci\u00eancia Biol\u00f3gicas pela Universidade Veiga de Almeida (1997); mestrado em Ci\u00eancias, \u00e1rea de concentra\u00e7\u00e3o Imunologia Celular, pela P\u00f3s Gradua\u00e7\u00e3o em Biologia Parasit\u00e1ria, Funda\u00e7\u00e3o Oswaldo Cruz (2000); doutorado em Ci\u00eancias, \u00e1rea de concentra\u00e7\u00e3o Imunologia de Doen\u00e7as Infecciosas, pela P\u00f3s Gradua\u00e7\u00e3o em Biologia Parasit\u00e1ria, Funda\u00e7\u00e3o Oswaldo Cruz(2005); P\u00f3s-doutorado pelo Instituto Oswaldo Cruz em Glicoimunologia de Doen\u00e7as Infecciosas (2005). P\u00f3s-doutorado pelo Instituto Ludwig de Nova Iorque em Bioinform\u00e1tica aplicada ao C\u00e2ncer (2006).\u00a0 P\u00f3s-Doutorado em Bioinform\u00e1tica no Laborat\u00f3rio Nacional de Computa\u00e7\u00e3o Cient\u00edfica, LNCC, Brasil. Experi\u00eancia na \u00e1rea de tecnologia e inova\u00e7\u00e3o em sa\u00fade da Rede Brasileira de Pesquisas em Tuberculose &#8211; REDE-TB, desde 2016. Exerceu os seguintes cargos: a) Coordenadora do Curso de Ci\u00eancias Biol\u00f3gicas do IBMR\/Laureate International Universities (2007-2012); b) Membro do Instituto Nacional de Ci\u00eancia e Tecnologia &#8211; Tuberculose (INCT-TB c) membro do Comit\u00ea T\u00e9cnico Assessor do Minist\u00e9rio da Sa\u00fade em TB ; d) membro da REDE de Pesquisa e Diagn\u00f3stico do Estado do Rio de Janeiro no combate ao COVID -19 . e) Coordenadora de Imunologia-UFRJ no Projeto RePORT Brasil, projeto bi-nacional, BRASIL\/EUA. f) Pesquisadora de Pesquisa Cl\u00ednica no Projeto Biomarcadores em Tuberculose e Comorbidades, financiado pelo CNPq\/FAPERJ. g) Coordenadora Laboratorial do Projeto Uso de BCG na Preven\u00e7\u00e3o de COVID-19 em Profissionais de Sa\u00fade, financiado pelo MCTI. h) Coordenadora Nacional Laboratorial do Projeto de Valida\u00e7\u00e3o do Line Probe Assay como m\u00e9todo de diagn\u00f3stico r\u00e1pido para Tuberculose Resistente em centros de refer\u00eancia no Brasil. i) Coordenadora Nacional Laboratorial do Projeto de Desenvolvimento e Valida\u00e7\u00e3o de Modelos Computacionais Operativos para a cascata diagn\u00f3stica e terap\u00eautica da TB Resistente, por meio da an\u00e1lise cl\u00ednica do sequenciamento g\u00eanico direcionado de nova gera\u00e7\u00e3o, em unidades de sa\u00fade de refer\u00eancia no Brasil. i) Editora Revisora do Frontiers Immunology, se\u00e7\u00e3o Inata e Imunologia Microbial. Possui experi\u00eancia como lider em Pesquisa Cl\u00ednica, coordenando as atividades laboratoriais e cl\u00ednicas, reda\u00e7\u00e3o de projetos de pesquisa junto a ag\u00eancia de fomentos; Experi\u00eancia em Gest\u00e3o da qualidade e implanta\u00e7\u00e3o do sistema de qualidade baseado nas normas t\u00e9cnicas ISO 9001 e 17025. Forma\u00e7\u00e3o, curadoria de biorreposit\u00f3rio.\u00a0 E-mail:\u00a0<a href=\"mailto:eliz.ecs@gmail.com\">eliz.ecs@gmail.com<\/a><\/p>\n<p>&nbsp;<\/p>\n<p><a href=\"https:\/\/uenf.br\/cbb\/lbr\/files\/2024\/03\/Petretski.jpeg\"><img loading=\"lazy\" decoding=\"async\" class=\"wp-image-117 alignleft\" src=\"https:\/\/uenf.br\/cbb\/lbr\/files\/2024\/03\/Petretski-270x300.jpeg\" alt=\"\" width=\"181\" height=\"201\" srcset=\"https:\/\/uenf.br\/cbb\/lbr\/files\/2024\/03\/Petretski-270x300.jpeg 270w, https:\/\/uenf.br\/cbb\/lbr\/files\/2024\/03\/Petretski-923x1024.jpeg 923w, https:\/\/uenf.br\/cbb\/lbr\/files\/2024\/03\/Petretski-768x852.jpeg 768w, https:\/\/uenf.br\/cbb\/lbr\/files\/2024\/03\/Petretski.jpeg 997w\" sizes=\"auto, (max-width: 181px) 100vw, 181px\" \/><\/a><strong><a href=\"http:\/\/lattes.cnpq.br\/2647006029394495\">Dr. Jorge Hudson Petretski<\/a><\/strong><\/p>\n<p><strong>Professor Associado do LBR.<\/strong> Possui gradua\u00e7\u00e3o em Ci\u00eancias Biol\u00f3gicas, Mod Biologia Marinha pela Universidade Federal do Rio de Janeiro (UFRJ-1986), especializa\u00e7\u00e3o em Bioinform\u00e1tica pelo Laborat\u00f3rio Nacional de Computa\u00e7\u00e3o Cient\u00edfica (LNCC &#8211; 2002), mestrado em Ci\u00eancias Biol\u00f3gicas (Biof\u00edsica) pela Universidade Federal do Rio de Janeiro (UFRJ &#8211; 1988) e doutorado em Bioci\u00eancias e Biotecnologia pela Universidade Estadual do Norte Fluminense Darcy Ribeiro (UENF-2000). Tem experi\u00eancia na \u00e1rea de Bioqu\u00edmica, com \u00eanfase em Qu\u00edmica de Macromol\u00e9culas. E-mail: <a href=\"mailto:jorgehp@uenf.br\">jorgehp@uenf.br<\/a><\/p>\n<p>&nbsp;<\/p>\n<p>&nbsp;<\/p>\n<p><img loading=\"lazy\" decoding=\"async\" class=\"alignleft\" src=\"http:\/\/servicosweb.cnpq.br\/wspessoa\/servletrecuperafoto?tipo=1&amp;id=K4782550P6\" width=\"164\" height=\"190\" \/><strong><a href=\"http:\/\/lattes.cnpq.br\/5325753251589251\">Dr. Milton Masahiko Kanashiro<\/a><\/strong><\/p>\n<p><strong>Professor Associado do LBR.<\/strong> Graduado em Medicina Veterin\u00e1ria pela Universidade Federal Rural do Rio de Janeiro, mestre em Microbiologia Veterin\u00e1ria pela Universidade Federal Rural do Rio de Janeiro e doutor em Bioci\u00eancias e Biotecnologia pela Universidade Estadual do Norte Fluminense Darcy Ribeiro. Atualmente \u00e9 o Pr\u00f3-Reitor\u00a0 de Assuntos Comunit\u00e1rios da UENF, e atua nos cursos de gradua\u00e7\u00e3o e p\u00f3s-gradua\u00e7\u00e3o. Experi\u00eancia na coordena\u00e7\u00e3o do curso Licenciatura em Ci\u00eancias Biol\u00f3gicas a dist\u00e2ncia do CEDERJ\/UENF (2007 &#8211; 2011). Tem experi\u00eancia na \u00e1rea de Imunologia, com \u00eanfase em imunoqu\u00edmica e imunologia celular. Desenvolve pesquisas principalmente nos seguintes temas: anticorpos monoclonais, imunodiagn\u00f3stico, inflama\u00e7\u00e3o, toxinas e avalia\u00e7\u00e3o de compostos org\u00e2nicos e inorg\u00e2nicos com atividade antineopl\u00e1sica. E-mail:\u00a0<a href=\"mailto:kmilton@uenf.br\">kmilton@uenf.br<\/a><\/p>\n<p>&nbsp;<\/p>\n<p>&nbsp;<\/p>\n<p><a href=\"https:\/\/uenf.br\/cbb\/lbr\/files\/2025\/03\/foto-scaled.jpg\"><img loading=\"lazy\" decoding=\"async\" class=\"wp-image-181 alignleft\" src=\"https:\/\/uenf.br\/cbb\/lbr\/files\/2025\/03\/foto-187x300.jpg\" alt=\"\" width=\"132\" height=\"212\" srcset=\"https:\/\/uenf.br\/cbb\/lbr\/files\/2025\/03\/foto-187x300.jpg 187w, https:\/\/uenf.br\/cbb\/lbr\/files\/2025\/03\/foto-637x1024.jpg 637w, https:\/\/uenf.br\/cbb\/lbr\/files\/2025\/03\/foto-768x1234.jpg 768w, https:\/\/uenf.br\/cbb\/lbr\/files\/2025\/03\/foto-956x1536.jpg 956w, https:\/\/uenf.br\/cbb\/lbr\/files\/2025\/03\/foto-1274x2048.jpg 1274w, https:\/\/uenf.br\/cbb\/lbr\/files\/2025\/03\/foto-scaled.jpg 1593w\" sizes=\"auto, (max-width: 132px) 100vw, 132px\" \/><\/a>\u00a0 \u00a0<a href=\"http:\/\/lattes.cnpq.br\/7019355651582809\"><strong>Dra. Rebeka da Concei\u00e7\u00e3o Souza.<\/strong><\/a><\/p>\n<p><strong>Professora Associada do LBR. <\/strong>Possui doutorado (2022) em Bioci\u00eancias e Biotecnologia pela Universidade Estadual do Norte Fluminense Darcy Ribeiro (UENF), com foco na associa\u00e7\u00e3o de SNPs no gene P2RX7 e sua rela\u00e7\u00e3o com a hansen\u00edase. Durante o mestrado (UENF), investigou o papel de variantes gen\u00e9ticas na manifesta\u00e7\u00e3o e gravidade cl\u00ednica da hansen\u00edase. Graduou-se em Ci\u00eancias Biol\u00f3gicas, com \u00eanfase em Biologia Celular e Sa\u00fade, pela mesma institui\u00e7\u00e3o, onde sua monografia tratou da padroniza\u00e7\u00e3o de um ensaio de prolifera\u00e7\u00e3o celular com CFSE frente ao ant\u00edgeno sol\u00favel de <em>Toxoplasma gondii<\/em>. Al\u00e9m de sua forma\u00e7\u00e3o acad\u00eamica, completou a Complementa\u00e7\u00e3o Pedag\u00f3gica pelo Instituto Federal do Esp\u00edrito Santo (IFES) e adquiriu experi\u00eancia em projetos de extens\u00e3o voltados para a divulga\u00e7\u00e3o cient\u00edfica sobre toxoplasmose. Com uma ampla atua\u00e7\u00e3o na doc\u00eancia, ministrou aulas de Biologia Molecular para a disciplina de An\u00e1lises Cl\u00ednicas no curso de Ci\u00eancias Biol\u00f3gicas da UENF (2021-2022), al\u00e9m de ter lecionado sobre Marcadores Moleculares Tumorais na Faculdade de Medicina de Campos (FMC) e sobre Toler\u00e2ncia e Autoimunidade na disciplina de Imunologia Complementar na UENF. Tamb\u00e9m possui experi\u00eancia no ensino \u00e0 dist\u00e2ncia, atuando como tutora presencial nas disciplinas de Gen\u00e9tica, Biologia Molecular, Elementos de Qu\u00edmica Geral e Instrumenta\u00e7\u00e3o para o Ensino de Bioqu\u00edmica e Biologia Celular no curso de licenciatura em Ci\u00eancias Biol\u00f3gicas do Cons\u00f3rcio CEDERJ (2018-2019) e tutora \u00e0 dist\u00e2ncia na disciplina Constru\u00e7\u00e3o do Conhecimento Lingu\u00edstico no curso de licenciatura em Ci\u00eancias Biol\u00f3gicas do Cons\u00f3rcio CEDERJ (2019-2021). Foi pesquisadora no programa Sebrae\/Catalisa (2022-2023) e pesquisadora FAPERJ n\u00edvel DE1 (2023-2024), atuando na MF Papaya, onde contribuiu para pesquisas e foi diretora de produ\u00e7\u00e3o. Atualmente, al\u00e9m de ser professora associada no LBR, tamb\u00e9m \u00e9 tutora \u00e0 dist\u00e2ncia na disciplina de Imunologia no curso de licenciatura em Ci\u00eancias Biol\u00f3gicas do Cons\u00f3rcio CEDERJ.<\/p>\n<p>&nbsp;<\/p>\n<p>&nbsp;<\/p>\n<p><img loading=\"lazy\" decoding=\"async\" class=\"alignleft\" src=\"http:\/\/servicosweb.cnpq.br\/wspessoa\/servletrecuperafoto?tipo=1&amp;id=K4242935A7\" width=\"150\" height=\"216\" \/><strong>Dra. <a href=\"https:\/\/buscatextual.cnpq.br\/buscatextual\/visualizacv.do?id=K4242935A7&amp;tokenCaptchar=03AFcWeA6rLoI7MKwwEDkN8yVYEK3gyaMfwBKZmNzF6MfWX3FxRAOMBNLl_oCdu727peYZ503IajsEmfaopayaZ0X6Y0RqWPpPDsvXhvIxGowhocikY5hvjqZu0sZJT3YeaFWhJ2GWJjyN9ZmTSDjh4j7KO87GXvu1-CxqwXfxIDRCp0NLsc_cPfFiVWONWGompsH6JBmDqpoAmVRI1EVFSrGRkSyu89JgrQrsC1rqJknufnrUxpKV3nQUn9WB1PZ_bKOdlVPLaV2ozh4wOpcNjZncHu8WWU16TBM9grmnR7rA_vjlZ2ZKFORU79Mj6SlAXCBDDQTFNOx1HGojVJIwEMQ7I23EIyUcEJ8dHCS_NiwpB0kIGYxPLTBPaVS24gG8vEQolYBjYB_W1nZuGL6xQDGc8fEdB_6a4Wi2vNXg3OrNVYXCHc_zIT5j0G4YvLEBvPdE9vgc9KUoxvAgcA1Hvs2S2axE9DSO-ns3n1SYZWaMmjlRdk-XKMKbJwbL2ThBLHq-nOo37t6Ttj5jDSCgPbBtNexBZmcos38tddkvupb1vQQ1m-Z5TJf1gNlF5n9s6bX6gX2LdBVSpReKUQmoHKKvXW3re4C1ty9qx2aZ3g2KUoAwlVXQS3KeVrss-4qviW_hrHtJHmZt5NnmFXTHxYpw73yc08UW6ftkPTdwBew5hk7yRDGLh-Q#:~:text=acessar%20este%20CV%3A-,http%3A\/\/lattes.cnpq.br\/1497305034539892,-ID%20Lattes%3A\">Thatiana Lopes Bi\u00e1 Ventura Sim\u00e3o<\/a><\/strong><\/p>\n<p><strong>Professora Associada do LBR.<\/strong> Realizou P\u00f3s-Doutorado FAPERJ Nota 10 (2020-2023) no Programa Acad\u00eamico de Tuberculose vinculado ao programa de P\u00f3s-Gradua\u00e7\u00e3o em Ci\u00eancias M\u00e9dicas da Faculdade de Medicina da UFRJ, avaliando propriedades de virul\u00eancia de M. tuberculosis isoladas de pacientes do Estado do Rio de Janeiro. Tamb\u00e9m possui P\u00f3s-Doutorado FAPERJ Nota 10 (2016-2019) conclu\u00eddo junto ao Programa de P\u00f3s-Gradua\u00e7\u00e3o em Ci\u00eancias Farmac\u00eautica pela Faculdade de Farm\u00e1cia da UFRJ com expertise em avalia\u00e7\u00e3o de novos candidatos a f\u00e1rmacos para o tratamento da tuberculose pulmonar. Na Universidade Estadual do Norte Fluminense Darcy Ribeiro (UENF) obteve as titula\u00e7\u00f5es de Mestrado (CAPES) e Doutorado (CNPq) em Bioci\u00eancias e Biotecnologia onde atuou em projetos com colabora\u00e7\u00f5es nacionais e internacionais vinculados aos pesquisadores do Programa de P\u00f3s Gradua\u00e7\u00e3o em Bioci\u00eancias e Biotecnologia\/ UENF, do Programa de P\u00f3s-Gradua\u00e7\u00e3o em Produtos Bioativos e Bioci\u00eancias\/ UFRJ Campus Maca\u00e9 e do Programa de P\u00f3s Gradua\u00e7\u00e3o em Ci\u00eancias Farmac\u00eauticas da Faculdade de Farm\u00e1cia\/UFRJ. Possui relevante experi\u00eancia em experimenta\u00e7\u00e3o in vitro e animal em N\u00edvel de Biosseguran\u00e7a 2 e 3 especialmente utilizando modelo murino de tuberculose pulmonar severa, aprofundando os estudos acerca da identifica\u00e7\u00e3o de biomarcadores moleculares importantes na identifica\u00e7\u00e3o de pacientes com TB pulmonar de perfil hiperinflamat\u00f3rio, avalia\u00e7\u00e3o de f\u00e1rmacos que podem ter seu uso reproposto e novas subst\u00e2ncias bioativas com atividade anti-inflamat\u00f3ria em modelo celular in vitro e a\u00e7\u00e3o anti-TB frente a cepas de Mycobacterium de diferentes n\u00edveis de virul\u00eancia. Possui experi\u00eancia na tutoria de alunos do Curso de Licenciatura em Ci\u00eancias Biol\u00f3gicas pelo Cons\u00f3rcio CEDERJ. E-mail: <a href=\"mailto:thativentura@uenf.br\">thativentura@uenf.br<\/a><\/p>\n<p>&nbsp;<\/p>\n<p style=\"text-align: center\"><a href=\"https:\/\/uenf.br\/cbb\/lbr\/files\/2024\/03\/Simbolo-em-degrade@3x.png\"><img loading=\"lazy\" decoding=\"async\" class=\" wp-image-122 aligncenter\" src=\"https:\/\/uenf.br\/cbb\/lbr\/files\/2024\/03\/Simbolo-em-degrade@3x-296x300.png\" alt=\"\" width=\"184\" height=\"187\" srcset=\"https:\/\/uenf.br\/cbb\/lbr\/files\/2024\/03\/Simbolo-em-degrade@3x-296x300.png 296w, https:\/\/uenf.br\/cbb\/lbr\/files\/2024\/03\/Simbolo-em-degrade@3x-1012x1024.png 1012w, https:\/\/uenf.br\/cbb\/lbr\/files\/2024\/03\/Simbolo-em-degrade@3x-768x777.png 768w, https:\/\/uenf.br\/cbb\/lbr\/files\/2024\/03\/Simbolo-em-degrade@3x-1518x1536.png 1518w, https:\/\/uenf.br\/cbb\/lbr\/files\/2024\/03\/Simbolo-em-degrade@3x-2023x2048.png 2023w\" sizes=\"auto, (max-width: 184px) 100vw, 184px\" \/><\/a><\/p>\n","protected":false},"excerpt":{"rendered":"<p>&nbsp; &nbsp; \u00a0Dr\u00aa. Andrea Cristina Veto Arnholdt Professora Titular do LBR. Possui gradua\u00e7\u00e3o em Licenciatura em Ci\u00eancias Biol\u00f3gicas pela Universidade&#8230;<\/p>\n","protected":false},"author":17,"featured_media":0,"parent":0,"menu_order":0,"comment_status":"closed","ping_status":"closed","template":"","meta":{"footnotes":""},"class_list":["post-48","page","type-page","status-publish","hentry"],"_links":{"self":[{"href":"https:\/\/uenf.br\/cbb\/lbr\/wp-json\/wp\/v2\/pages\/48","targetHints":{"allow":["GET"]}}],"collection":[{"href":"https:\/\/uenf.br\/cbb\/lbr\/wp-json\/wp\/v2\/pages"}],"about":[{"href":"https:\/\/uenf.br\/cbb\/lbr\/wp-json\/wp\/v2\/types\/page"}],"author":[{"embeddable":true,"href":"https:\/\/uenf.br\/cbb\/lbr\/wp-json\/wp\/v2\/users\/17"}],"replies":[{"embeddable":true,"href":"https:\/\/uenf.br\/cbb\/lbr\/wp-json\/wp\/v2\/comments?post=48"}],"version-history":[{"count":0,"href":"https:\/\/uenf.br\/cbb\/lbr\/wp-json\/wp\/v2\/pages\/48\/revisions"}],"wp:attachment":[{"href":"https:\/\/uenf.br\/cbb\/lbr\/wp-json\/wp\/v2\/media?parent=48"}],"curies":[{"name":"wp","href":"https:\/\/api.w.org\/{rel}","templated":true}]}}